{"id":4290,"date":"2025-08-20T15:55:50","date_gmt":"2025-08-20T18:55:50","guid":{"rendered":"https:\/\/institutoraiz.com.br\/2024\/?page_id=4290"},"modified":"2026-02-03T18:49:17","modified_gmt":"2026-02-03T21:49:17","slug":"formandos-2020","status":"publish","type":"page","link":"https:\/\/institutoraiz.com.br\/2024\/formandos-2020\/","title":{"rendered":"FORMANDOS 2020"},"content":{"rendered":"\t\t<div data-elementor-type=\"wp-page\" data-elementor-id=\"4290\" class=\"elementor elementor-4290\">\n\t\t\t\t<div class=\"elementor-element elementor-element-d3607ef e-flex e-con-boxed e-con e-parent\" data-id=\"d3607ef\" data-element_type=\"container\">\n\t\t\t\t\t<div class=\"e-con-inner\">\n\t\t\t\t<div class=\"elementor-element elementor-element-fea2dbb elementor-widget elementor-widget-heading\" data-id=\"fea2dbb\" data-element_type=\"widget\" data-widget_type=\"heading.default\">\n\t\t\t\t<div class=\"elementor-widget-container\">\n\t\t\t<style>\/*! elementor - v3.21.0 - 08-05-2024 *\/\n.elementor-heading-title{padding:0;margin:0;line-height:1}.elementor-widget-heading .elementor-heading-title[class*=elementor-size-]>a{color:inherit;font-size:inherit;line-height:inherit}.elementor-widget-heading .elementor-heading-title.elementor-size-small{font-size:15px}.elementor-widget-heading .elementor-heading-title.elementor-size-medium{font-size:19px}.elementor-widget-heading .elementor-heading-title.elementor-size-large{font-size:29px}.elementor-widget-heading .elementor-heading-title.elementor-size-xl{font-size:39px}.elementor-widget-heading .elementor-heading-title.elementor-size-xxl{font-size:59px}<\/style><h2 class=\"elementor-heading-title elementor-size-default\">FORMANDOS 2020<\/h2>\t\t<\/div>\n\t\t\t\t<\/div>\n\t\t\t\t\t<\/div>\n\t\t\t\t<\/div>\n\t\t<div class=\"elementor-element elementor-element-bf4321a e-flex e-con-boxed e-con e-parent\" data-id=\"bf4321a\" data-element_type=\"container\">\n\t\t\t\t\t<div class=\"e-con-inner\">\n\t\t\t\t<div class=\"elementor-element elementor-element-c0587e9 elementor-widget elementor-widget-text-editor\" data-id=\"c0587e9\" data-element_type=\"widget\" data-widget_type=\"text-editor.default\">\n\t\t\t\t<div class=\"elementor-widget-container\">\n\t\t\t<style>\/*! elementor - v3.21.0 - 08-05-2024 *\/\n.elementor-widget-text-editor.elementor-drop-cap-view-stacked .elementor-drop-cap{background-color:#69727d;color:#fff}.elementor-widget-text-editor.elementor-drop-cap-view-framed .elementor-drop-cap{color:#69727d;border:3px solid;background-color:transparent}.elementor-widget-text-editor:not(.elementor-drop-cap-view-default) .elementor-drop-cap{margin-top:8px}.elementor-widget-text-editor:not(.elementor-drop-cap-view-default) .elementor-drop-cap-letter{width:1em;height:1em}.elementor-widget-text-editor .elementor-drop-cap{float:left;text-align:center;line-height:1;font-size:50px}.elementor-widget-text-editor .elementor-drop-cap-letter{display:inline-block}<\/style>\t\t\t\t<h6>Aqui voc\u00ea tem acesso aos trabalhos de final de curso de nossos alunos.<\/h6><h6>Essas produ\u00e7\u00f5es t\u00eam como objetivo unir a forma\u00e7\u00e3o acad\u00eamica\/ profissional e pessoal de nossos alunos com os conhecimentos adquiridos ao longo do Curso de Psicologia Corporal.\u00a0 Por isso, s\u00e3o trabalhos muito autorais sem o vi\u00e9s acad\u00eamico\u00a0<em>strictu senso<\/em>.<\/h6>\t\t\t\t\t\t<\/div>\n\t\t\t\t<\/div>\n\t\t\t\t<div class=\"elementor-element elementor-element-cd44f91 elementor-view-default elementor-widget elementor-widget-icon\" data-id=\"cd44f91\" data-element_type=\"widget\" data-widget_type=\"icon.default\">\n\t\t\t\t<div class=\"elementor-widget-container\">\n\t\t\t\t\t<div class=\"elementor-icon-wrapper\">\n\t\t\t<div class=\"elementor-icon\">\n\t\t\t<svg aria-hidden=\"true\" class=\"e-font-icon-svg e-fas-star\" viewBox=\"0 0 576 512\" xmlns=\"http:\/\/www.w3.org\/2000\/svg\"><path d=\"M259.3 17.8L194 150.2 47.9 171.5c-26.2 3.8-36.7 36.1-17.7 54.6l105.7 103-25 145.5c-4.5 26.3 23.2 46 46.4 33.7L288 439.6l130.7 68.7c23.2 12.2 50.9-7.4 46.4-33.7l-25-145.5 105.7-103c19-18.5 8.5-50.8-17.7-54.6L382 150.2 316.7 17.8c-11.7-23.6-45.6-23.9-57.4 0z\"><\/path><\/svg>\t\t\t<\/div>\n\t\t<\/div>\n\t\t\t\t<\/div>\n\t\t\t\t<\/div>\n\t\t\t\t\t<\/div>\n\t\t\t\t<\/div>\n\t\t<div class=\"elementor-element elementor-element-4b75552 e-grid e-con-boxed e-con e-parent\" data-id=\"4b75552\" data-element_type=\"container\">\n\t\t\t\t\t<div class=\"e-con-inner\">\n\t\t\t\t<div class=\"elementor-element elementor-element-1789736 elementor-widget elementor-widget-text-editor\" data-id=\"1789736\" data-element_type=\"widget\" data-widget_type=\"text-editor.default\">\n\t\t\t\t<div class=\"elementor-widget-container\">\n\t\t\t\t\t\t\t<p><b>SISTEMA RIO ABERTO: SOB O OLHAR DA ABORDAGEM REICHIANA.<\/b><\/p><p><span style=\"font-weight: 400;\">MARIA ZANIN<\/span><\/p><p><strong>Palavras chaves<\/strong>:<\/p><p><span style=\"font-weight: 400;\">Pr\u00e1ticas psicocorporais; Sistema de Rio Aberto e Psicoterapia Reichiana.<\/span><\/p><p><span style=\"font-weight: 400;\">Acesse aqui: <a href=\"https:\/\/institutoraiz.com.br\/2024\/wp-content\/uploads\/2025\/08\/Maria-Zanin_trabalho-FINAL_PUBLICACAO.pdf\">Maria Zanin_final<\/a><\/span><\/p>\t\t\t\t\t\t<\/div>\n\t\t\t\t<\/div>\n\t\t\t\t<div class=\"elementor-element elementor-element-a2ca751 elementor-widget elementor-widget-text-editor\" data-id=\"a2ca751\" data-element_type=\"widget\" data-widget_type=\"text-editor.default\">\n\t\t\t\t<div class=\"elementor-widget-container\">\n\t\t\t\t\t\t\t<p><b>O CAMPO ORGANIZADOR E O DESPERTAR DAS SENSA\u00c7\u00d5ES: A INFLU\u00caNCIA DO INTERLOCUTOR NA AVALIA\u00c7\u00c3O SENSORIAL DOS PRODUTOS.<\/b><\/p><p><span style=\"font-weight: 400;\">MELINA MAZZITELI LAMOREA<\/span><\/p><p><b>Palavras-chave<\/b><span style=\"font-weight: 400;\">: Psicologia; Bioss\u00edntese; Embriog\u00eanese; Integra\u00e7\u00e3o de sentidos; Inova\u00e7\u00e3o de produtos; bem-estar.<\/span><\/p><p>Acesse aqui: <a href=\"https:\/\/institutoraiz.com.br\/2024\/wp-content\/uploads\/2025\/08\/Melina_trabalho-FINAL_PUBLICACAO.pdf\">Melina_trabalho FINAL_PUBLICA\u00c7\u00c3O<\/a><\/p>\t\t\t\t\t\t<\/div>\n\t\t\t\t<\/div>\n\t\t\t\t<div class=\"elementor-element elementor-element-34e97c0 elementor-widget elementor-widget-text-editor\" data-id=\"34e97c0\" data-element_type=\"widget\" data-widget_type=\"text-editor.default\">\n\t\t\t\t<div class=\"elementor-widget-container\">\n\t\t\t\t\t\t\t<p><b>GRUPO DE PREPARA\u00c7\u00c3O PSICOCORPORAL PARA O PARTO: ACOLHIMENTO, PREVEN\u00c7\u00c3O, MOVIMENTO E VITALIDADE.<\/b><\/p><p><span style=\"font-weight: 400;\">HELENA JUNQUEIRA VILELA DE ANDRADE<\/span><\/p><p><b>Palavras-chave<\/b><span style=\"font-weight: 400;\">: Bioss\u00edntese; Gesta\u00e7\u00e3o; Psicologia Corporal; David Boadella; Grupo; Psicocorporal<\/span><\/p><p>Acesse aqui: <a href=\"https:\/\/institutoraiz.com.br\/2024\/wp-content\/uploads\/2026\/02\/Helena-Junqueira_final.docx.pdf\">Helena Junqueira_final.docx<\/a><\/p>\t\t\t\t\t\t<\/div>\n\t\t\t\t<\/div>\n\t\t\t\t\t<\/div>\n\t\t\t\t<\/div>\n\t\t\t\t<\/div>\n\t\t","protected":false},"excerpt":{"rendered":"<p>FORMANDOS 2020 Aqui voc\u00ea tem acesso aos trabalhos de final de curso de nossos alunos. Essas produ\u00e7\u00f5es t\u00eam como objetivo unir a forma\u00e7\u00e3o acad\u00eamica\/ profissional e pessoal de nossos alunos com os conhecimentos adquiridos ao longo do Curso de Psicologia Corporal.\u00a0 Por isso, s\u00e3o trabalhos muito autorais sem o vi\u00e9s acad\u00eamico\u00a0strictu senso. SISTEMA RIO ABERTO:<\/p>\n","protected":false},"author":2,"featured_media":0,"parent":0,"menu_order":0,"comment_status":"closed","ping_status":"closed","template":"","meta":{"inline_featured_image":false,"footnotes":""},"class_list":["post-4290","page","type-page","status-publish","hentry"],"_links":{"self":[{"href":"https:\/\/institutoraiz.com.br\/2024\/wp-json\/wp\/v2\/pages\/4290","targetHints":{"allow":["GET"]}}],"collection":[{"href":"https:\/\/institutoraiz.com.br\/2024\/wp-json\/wp\/v2\/pages"}],"about":[{"href":"https:\/\/institutoraiz.com.br\/2024\/wp-json\/wp\/v2\/types\/page"}],"author":[{"embeddable":true,"href":"https:\/\/institutoraiz.com.br\/2024\/wp-json\/wp\/v2\/users\/2"}],"replies":[{"embeddable":true,"href":"https:\/\/institutoraiz.com.br\/2024\/wp-json\/wp\/v2\/comments?post=4290"}],"version-history":[{"count":28,"href":"https:\/\/institutoraiz.com.br\/2024\/wp-json\/wp\/v2\/pages\/4290\/revisions"}],"predecessor-version":[{"id":4781,"href":"https:\/\/institutoraiz.com.br\/2024\/wp-json\/wp\/v2\/pages\/4290\/revisions\/4781"}],"wp:attachment":[{"href":"https:\/\/institutoraiz.com.br\/2024\/wp-json\/wp\/v2\/media?parent=4290"}],"curies":[{"name":"wp","href":"https:\/\/api.w.org\/{rel}","templated":true}]}}