{"id":4213,"date":"2025-08-20T14:39:53","date_gmt":"2025-08-20T17:39:53","guid":{"rendered":"https:\/\/institutoraiz.com.br\/2024\/?page_id=4213"},"modified":"2025-08-20T16:14:44","modified_gmt":"2025-08-20T19:14:44","slug":"formandas-2019","status":"publish","type":"page","link":"https:\/\/institutoraiz.com.br\/2024\/formandas-2019\/","title":{"rendered":"FORMANDAS 2019"},"content":{"rendered":"\t\t<div data-elementor-type=\"wp-page\" data-elementor-id=\"4213\" class=\"elementor elementor-4213\">\n\t\t\t\t<div class=\"elementor-element elementor-element-3fafda7 e-flex e-con-boxed e-con e-parent\" data-id=\"3fafda7\" data-element_type=\"container\">\n\t\t\t\t\t<div class=\"e-con-inner\">\n\t\t\t\t<div class=\"elementor-element elementor-element-c00d372 elementor-widget elementor-widget-heading\" data-id=\"c00d372\" data-element_type=\"widget\" data-widget_type=\"heading.default\">\n\t\t\t\t<div class=\"elementor-widget-container\">\n\t\t\t<style>\/*! elementor - v3.21.0 - 08-05-2024 *\/\n.elementor-heading-title{padding:0;margin:0;line-height:1}.elementor-widget-heading .elementor-heading-title[class*=elementor-size-]>a{color:inherit;font-size:inherit;line-height:inherit}.elementor-widget-heading .elementor-heading-title.elementor-size-small{font-size:15px}.elementor-widget-heading .elementor-heading-title.elementor-size-medium{font-size:19px}.elementor-widget-heading .elementor-heading-title.elementor-size-large{font-size:29px}.elementor-widget-heading .elementor-heading-title.elementor-size-xl{font-size:39px}.elementor-widget-heading .elementor-heading-title.elementor-size-xxl{font-size:59px}<\/style><h2 class=\"elementor-heading-title elementor-size-default\">FORMANDAS 2019<\/h2>\t\t<\/div>\n\t\t\t\t<\/div>\n\t\t\t\t\t<\/div>\n\t\t\t\t<\/div>\n\t\t<div class=\"elementor-element elementor-element-6a28463 e-flex e-con-boxed e-con e-parent\" data-id=\"6a28463\" data-element_type=\"container\">\n\t\t\t\t\t<div class=\"e-con-inner\">\n\t\t\t\t<div class=\"elementor-element elementor-element-7c0f7c4 elementor-widget elementor-widget-text-editor\" data-id=\"7c0f7c4\" data-element_type=\"widget\" data-widget_type=\"text-editor.default\">\n\t\t\t\t<div class=\"elementor-widget-container\">\n\t\t\t<style>\/*! elementor - v3.21.0 - 08-05-2024 *\/\n.elementor-widget-text-editor.elementor-drop-cap-view-stacked .elementor-drop-cap{background-color:#69727d;color:#fff}.elementor-widget-text-editor.elementor-drop-cap-view-framed .elementor-drop-cap{color:#69727d;border:3px solid;background-color:transparent}.elementor-widget-text-editor:not(.elementor-drop-cap-view-default) .elementor-drop-cap{margin-top:8px}.elementor-widget-text-editor:not(.elementor-drop-cap-view-default) .elementor-drop-cap-letter{width:1em;height:1em}.elementor-widget-text-editor .elementor-drop-cap{float:left;text-align:center;line-height:1;font-size:50px}.elementor-widget-text-editor .elementor-drop-cap-letter{display:inline-block}<\/style>\t\t\t\t<h6>Aqui voc\u00ea tem acesso aos trabalhos de final de curso de nossos alunos.<\/h6><h6>Essas produ\u00e7\u00f5es t\u00eam como objetivo unir a forma\u00e7\u00e3o acad\u00eamica\/ profissional e pessoal de nossos alunos com os conhecimentos adquiridos ao longo do Curso de Psicologia Corporal.\u00a0 Por isso, s\u00e3o trabalhos muito autorais sem o vi\u00e9s acad\u00eamico <em>strictu senso<\/em>.<\/h6>\t\t\t\t\t\t<\/div>\n\t\t\t\t<\/div>\n\t\t\t\t<div class=\"elementor-element elementor-element-c068b57 elementor-view-default elementor-widget elementor-widget-icon\" data-id=\"c068b57\" data-element_type=\"widget\" data-widget_type=\"icon.default\">\n\t\t\t\t<div class=\"elementor-widget-container\">\n\t\t\t\t\t<div class=\"elementor-icon-wrapper\">\n\t\t\t<div class=\"elementor-icon\">\n\t\t\t<svg aria-hidden=\"true\" class=\"e-font-icon-svg e-fas-star\" viewBox=\"0 0 576 512\" xmlns=\"http:\/\/www.w3.org\/2000\/svg\"><path d=\"M259.3 17.8L194 150.2 47.9 171.5c-26.2 3.8-36.7 36.1-17.7 54.6l105.7 103-25 145.5c-4.5 26.3 23.2 46 46.4 33.7L288 439.6l130.7 68.7c23.2 12.2 50.9-7.4 46.4-33.7l-25-145.5 105.7-103c19-18.5 8.5-50.8-17.7-54.6L382 150.2 316.7 17.8c-11.7-23.6-45.6-23.9-57.4 0z\"><\/path><\/svg>\t\t\t<\/div>\n\t\t<\/div>\n\t\t\t\t<\/div>\n\t\t\t\t<\/div>\n\t\t\t\t\t<\/div>\n\t\t\t\t<\/div>\n\t\t<div class=\"elementor-element elementor-element-30f08ea e-grid e-con-boxed e-con e-parent\" data-id=\"30f08ea\" data-element_type=\"container\">\n\t\t\t\t\t<div class=\"e-con-inner\">\n\t\t\t\t<div class=\"elementor-element elementor-element-7a1e292 elementor-widget elementor-widget-text-editor\" data-id=\"7a1e292\" data-element_type=\"widget\" data-widget_type=\"text-editor.default\">\n\t\t\t\t<div class=\"elementor-widget-container\">\n\t\t\t\t\t\t\t<p><strong>DESENVOLVIMENTO DE UM PROGRAMA DE INTRODU\u00c7\u00c3O ALIMENTAR (IA) PARA BEB\u00caS, FUNDAMENTADO NA PSICOLOGIA CORPORAL PARA PREVEN\u00c7\u00c3O DE TRAUMAS DA ORALIDADE<\/strong><\/p><p>AGNES ALONSO<\/p><p><strong>Palavras chaves<\/strong>: I<span style=\"font-weight: 400;\">ntrodu\u00e7\u00e3o alimentar; Amamenta\u00e7\u00e3o; Desmame; Traumas; Oralidade; Autonomia; Alimenta\u00e7\u00e3o; Prontid\u00e3o Alimentar; BLW.<\/span><\/p><p>Acesse aqui: <a href=\"https:\/\/institutoraiz.com.br\/2024\/wp-content\/uploads\/2025\/08\/Agnes-Alonso_Desenvolvimento-de-um-Programa-de-Introducao-Alimentar-IA-para-Bebes-fundamentado-na-Psicologia-Corporal-para-a-Prevencao-de-Traumas-da-Oralidade.docx.pdf\">Agnes Alonso_final.docx<\/a><\/p>\t\t\t\t\t\t<\/div>\n\t\t\t\t<\/div>\n\t\t\t\t<div class=\"elementor-element elementor-element-339d7ec elementor-widget elementor-widget-text-editor\" data-id=\"339d7ec\" data-element_type=\"widget\" data-widget_type=\"text-editor.default\">\n\t\t\t\t<div class=\"elementor-widget-container\">\n\t\t\t\t\t\t\t<p><b>KATHARINA, A CURA EM MOVIMENTO<span style=\"font-weight: 400;\">.\u00a0<\/span><\/b><\/p><p><span style=\"font-weight: 400;\">FERNANDA DE ST\u00c9FANI CASSIANO<\/span><\/p><p><strong>Palavras chaves<\/strong>: <span style=\"font-weight: 400;\">Psicoterapia corporal; Resist\u00eancia; Coura\u00e7a; Neurose; Convers\u00e3o hist\u00e9rica; Reich; Freud; Psican\u00e1lise.<\/span><\/p><p>Acesse aqui: <a href=\"https:\/\/institutoraiz.com.br\/2024\/wp-content\/uploads\/2025\/08\/Fernanda-Cassiano_Artigo-Final_Katharina-a-cura-em-movimento.docx.pdf\">Fernanda Cassiano_final.docx<\/a><\/p>\t\t\t\t\t\t<\/div>\n\t\t\t\t<\/div>\n\t\t\t\t\t<\/div>\n\t\t\t\t<\/div>\n\t\t<div class=\"elementor-element elementor-element-8458e10 e-grid e-con-boxed e-con e-parent\" data-id=\"8458e10\" data-element_type=\"container\">\n\t\t\t\t\t<div class=\"e-con-inner\">\n\t\t\t\t<div class=\"elementor-element elementor-element-014e6bc elementor-widget elementor-widget-text-editor\" data-id=\"014e6bc\" data-element_type=\"widget\" data-widget_type=\"text-editor.default\">\n\t\t\t\t<div class=\"elementor-widget-container\">\n\t\t\t\t\t\t\t<p><b>A PR\u00c1TICA DE MASSAGENS CORPORAIS PARA AMPLIAR ESPA\u00c7OS EM PACIENTES COM S\u00cdNDROMES DE RETT.<\/b><\/p><p><span style=\"font-weight: 400;\">HAYD\u00c9E CRISTINA MANELLI FRANCO<\/span><\/p><p><strong>Palavras chaves<\/strong>: <span style=\"font-weight: 400;\">Massagem; Bioenerg\u00e9tica suave; Massagens Biodin\u00e2micas; Terapia; S\u00edndromes.<\/span><\/p><p>Acesse aqui: <a href=\"https:\/\/institutoraiz.com.br\/2024\/wp-content\/uploads\/2025\/08\/Haydee_FINAL_ARTIGO-RAIZ.docx.pdf\">Haydee_FINAL_ARTIGO RAIZ.docx<\/a><\/p>\t\t\t\t\t\t<\/div>\n\t\t\t\t<\/div>\n\t\t\t\t<div class=\"elementor-element elementor-element-6684854 elementor-widget elementor-widget-text-editor\" data-id=\"6684854\" data-element_type=\"widget\" data-widget_type=\"text-editor.default\">\n\t\t\t\t<div class=\"elementor-widget-container\">\n\t\t\t\t\t\t\t<p><strong>A PARTE QUE FALTA EM MIM: O DESENVOLVIMENTO PSICOEMOCIONAL E O CASAL.<\/strong><\/p><p>KAMILLA NUNES DAM\u00c1SIO<\/p><p><strong>Palavras chaves<\/strong>: <span style=\"font-weight: 400;\">Desenvolvimento psicoemocional; Casal; Inconsciente.<\/span><b>\u00a0\u00a0<\/b><\/p><p>Acesse aqui: <a href=\"https:\/\/institutoraiz.com.br\/2024\/wp-content\/uploads\/2025\/08\/Kamilla-Damasio_final.docx.pdf\">Kamilla Dam\u00e1sio_final.docx<\/a>\u00a0<\/p>\t\t\t\t\t\t<\/div>\n\t\t\t\t<\/div>\n\t\t\t\t\t<\/div>\n\t\t\t\t<\/div>\n\t\t<div class=\"elementor-element elementor-element-3384ad2 e-grid e-con-boxed e-con e-parent\" data-id=\"3384ad2\" data-element_type=\"container\">\n\t\t\t\t\t<div class=\"e-con-inner\">\n\t\t\t\t<div class=\"elementor-element elementor-element-539c509 elementor-widget elementor-widget-text-editor\" data-id=\"539c509\" data-element_type=\"widget\" data-widget_type=\"text-editor.default\">\n\t\t\t\t<div class=\"elementor-widget-container\">\n\t\t\t\t\t\t\t<p><strong>ESTUDAR COMO AS ASANAS DE YOGA, A DAN\u00c7A E A RESPIRA\u00c7\u00c3O PODEM CONJUNTAMENTE E ATRAV\u00c9S DE UM CAMINHO PROPOSTO, BASEADO NOS CONCEITOS REICHIANOS, CONTRIBUIR NO PROCESSO DE AFROUXAMENTO DA COURA\u00c7A.<\/strong><\/p><p><span style=\"font-weight: 400;\">ESPERANZA MACARENA BENFELLE MARCATI<\/span><\/p><p><strong>Palavras chaves<\/strong>: C<span style=\"font-weight: 400;\">oura\u00e7a; Yoga; Respira\u00e7\u00e3o; Dan\u00e7a; Movimento; Terapia; Autoexpress\u00e3o; Grounding; Ritmo.<\/span><\/p><p>Acesse aqui: <a href=\"https:\/\/institutoraiz.com.br\/2024\/wp-content\/uploads\/2025\/08\/Macarena-Marcati_final.docx.pdf\">Macarena Marcati_final.docx<\/a><\/p>\t\t\t\t\t\t<\/div>\n\t\t\t\t<\/div>\n\t\t\t\t<div class=\"elementor-element elementor-element-860f2dc elementor-widget elementor-widget-text-editor\" data-id=\"860f2dc\" data-element_type=\"widget\" data-widget_type=\"text-editor.default\">\n\t\t\t\t<div class=\"elementor-widget-container\">\n\t\t\t\t\t\t\t<p><strong>PESTE EMOCIONAL E COMUNICA\u00c7\u00c3O NAS RELA\u00c7\u00d5ES AFETIVAS<\/strong><\/p><p>MARIANA AFONSO VACCARI TEZINI<\/p><p><strong>Palavras chaves<\/strong>: Peste Emocional; Comunica\u00e7\u00e3o; Casamento; Sexualidade; Pensamento<br \/>Funcional; Pensamento Sist\u00eamico; Wilhelm Reich.<\/p><p>Acesse aqui: <a href=\"https:\/\/institutoraiz.com.br\/2024\/wp-content\/uploads\/2025\/08\/Mariana-Tezini_-final.pdf\">Mariana Tezini_ final<\/a><\/p>\t\t\t\t\t\t<\/div>\n\t\t\t\t<\/div>\n\t\t\t\t\t<\/div>\n\t\t\t\t<\/div>\n\t\t<div class=\"elementor-element elementor-element-e6b95cd e-grid e-con-boxed e-con e-parent\" data-id=\"e6b95cd\" data-element_type=\"container\">\n\t\t\t\t\t<div class=\"e-con-inner\">\n\t\t\t\t<div class=\"elementor-element elementor-element-a6be15a elementor-widget elementor-widget-text-editor\" data-id=\"a6be15a\" data-element_type=\"widget\" data-widget_type=\"text-editor.default\">\n\t\t\t\t<div class=\"elementor-widget-container\">\n\t\t\t\t\t\t\t<p><b>AS CAUSAS DA DELINQU\u00caNCIA SOB A LUZ DA PSICAN\u00c1LISE E DA PSICOLOGIA CORPORAL REICHIANA<\/b><\/p><p><span style=\"font-weight: 400;\">ANA PAULA SINATURA ASTURIANO<\/span><\/p><p><strong>Palavras chaves<\/strong>: <span style=\"font-weight: 400;\">Delinqu\u00eancia; Tend\u00eancia antissocial; Agressividade; Sexualidade; Bordeline.<\/span><\/p><p>Acesse aqui: <a href=\"https:\/\/institutoraiz.com.br\/2024\/wp-content\/uploads\/2025\/08\/Paula-Asturiano_trabalho-FINAL_PUBLICACAO.pdf\">Paula Asturiano final<\/a><\/p>\t\t\t\t\t\t<\/div>\n\t\t\t\t<\/div>\n\t\t\t\t<div class=\"elementor-element elementor-element-f285ed6 elementor-widget elementor-widget-text-editor\" data-id=\"f285ed6\" data-element_type=\"widget\" data-widget_type=\"text-editor.default\">\n\t\t\t\t<div class=\"elementor-widget-container\">\n\t\t\t\t\t\t\t<p><span style=\"font-weight: 400;\">A RESPIRA\u00c7\u00c3O COMO O CONTATO DO INCONSCIENTE<\/span><\/p><p>RENATA ARBEX<\/p><p><strong>Palavras chaves<\/strong>: Respira\u00e7\u00e3o; Inconsciente.<\/p><p>Acesse aqui: <a href=\"https:\/\/institutoraiz.com.br\/2024\/wp-content\/uploads\/2025\/08\/RENATA_FINAL_ARTIGO.docx.pdf\">RENATA Arbex_final.docx<\/a><\/p>\t\t\t\t\t\t<\/div>\n\t\t\t\t<\/div>\n\t\t\t\t\t<\/div>\n\t\t\t\t<\/div>\n\t\t\t\t<\/div>\n\t\t","protected":false},"excerpt":{"rendered":"<p>FORMANDAS 2019 Aqui voc\u00ea tem acesso aos trabalhos de final de curso de nossos alunos. Essas produ\u00e7\u00f5es t\u00eam como objetivo unir a forma\u00e7\u00e3o acad\u00eamica\/ profissional e pessoal de nossos alunos com os conhecimentos adquiridos ao longo do Curso de Psicologia Corporal.\u00a0 Por isso, s\u00e3o trabalhos muito autorais sem o vi\u00e9s acad\u00eamico strictu senso. DESENVOLVIMENTO DE<\/p>\n","protected":false},"author":2,"featured_media":0,"parent":0,"menu_order":0,"comment_status":"closed","ping_status":"closed","template":"","meta":{"inline_featured_image":false,"footnotes":""},"class_list":["post-4213","page","type-page","status-publish","hentry"],"_links":{"self":[{"href":"https:\/\/institutoraiz.com.br\/2024\/wp-json\/wp\/v2\/pages\/4213","targetHints":{"allow":["GET"]}}],"collection":[{"href":"https:\/\/institutoraiz.com.br\/2024\/wp-json\/wp\/v2\/pages"}],"about":[{"href":"https:\/\/institutoraiz.com.br\/2024\/wp-json\/wp\/v2\/types\/page"}],"author":[{"embeddable":true,"href":"https:\/\/institutoraiz.com.br\/2024\/wp-json\/wp\/v2\/users\/2"}],"replies":[{"embeddable":true,"href":"https:\/\/institutoraiz.com.br\/2024\/wp-json\/wp\/v2\/comments?post=4213"}],"version-history":[{"count":52,"href":"https:\/\/institutoraiz.com.br\/2024\/wp-json\/wp\/v2\/pages\/4213\/revisions"}],"predecessor-version":[{"id":4329,"href":"https:\/\/institutoraiz.com.br\/2024\/wp-json\/wp\/v2\/pages\/4213\/revisions\/4329"}],"wp:attachment":[{"href":"https:\/\/institutoraiz.com.br\/2024\/wp-json\/wp\/v2\/media?parent=4213"}],"curies":[{"name":"wp","href":"https:\/\/api.w.org\/{rel}","templated":true}]}}