{"id":4110,"date":"2025-08-19T16:44:22","date_gmt":"2025-08-19T19:44:22","guid":{"rendered":"https:\/\/institutoraiz.com.br\/2024\/?page_id=4110"},"modified":"2025-08-19T17:55:45","modified_gmt":"2025-08-19T20:55:45","slug":"formandas-2022","status":"publish","type":"page","link":"https:\/\/institutoraiz.com.br\/2024\/formandas-2022\/","title":{"rendered":"Formandos 2022 E 2021"},"content":{"rendered":"\t\t<div data-elementor-type=\"wp-page\" data-elementor-id=\"4110\" class=\"elementor elementor-4110\">\n\t\t\t\t<div class=\"elementor-element elementor-element-dbb2e49 e-flex e-con-boxed e-con e-parent\" data-id=\"dbb2e49\" data-element_type=\"container\">\n\t\t\t\t\t<div class=\"e-con-inner\">\n\t\t\t\t<div class=\"elementor-element elementor-element-e0be62c elementor-widget elementor-widget-heading\" data-id=\"e0be62c\" data-element_type=\"widget\" data-widget_type=\"heading.default\">\n\t\t\t\t<div class=\"elementor-widget-container\">\n\t\t\t<style>\/*! elementor - v3.21.0 - 08-05-2024 *\/\n.elementor-heading-title{padding:0;margin:0;line-height:1}.elementor-widget-heading .elementor-heading-title[class*=elementor-size-]>a{color:inherit;font-size:inherit;line-height:inherit}.elementor-widget-heading .elementor-heading-title.elementor-size-small{font-size:15px}.elementor-widget-heading .elementor-heading-title.elementor-size-medium{font-size:19px}.elementor-widget-heading .elementor-heading-title.elementor-size-large{font-size:29px}.elementor-widget-heading .elementor-heading-title.elementor-size-xl{font-size:39px}.elementor-widget-heading .elementor-heading-title.elementor-size-xxl{font-size:59px}<\/style><h2 class=\"elementor-heading-title elementor-size-default\">FORMANDAS 2022<\/h2>\t\t<\/div>\n\t\t\t\t<\/div>\n\t\t\t\t\t<\/div>\n\t\t\t\t<\/div>\n\t\t<div class=\"elementor-element elementor-element-aa2067b e-flex e-con-boxed e-con e-parent\" data-id=\"aa2067b\" data-element_type=\"container\">\n\t\t\t\t\t<div class=\"e-con-inner\">\n\t\t\t\t<div class=\"elementor-element elementor-element-ed5e331 elementor-widget elementor-widget-text-editor\" data-id=\"ed5e331\" data-element_type=\"widget\" data-widget_type=\"text-editor.default\">\n\t\t\t\t<div class=\"elementor-widget-container\">\n\t\t\t<style>\/*! elementor - v3.21.0 - 08-05-2024 *\/\n.elementor-widget-text-editor.elementor-drop-cap-view-stacked .elementor-drop-cap{background-color:#69727d;color:#fff}.elementor-widget-text-editor.elementor-drop-cap-view-framed .elementor-drop-cap{color:#69727d;border:3px solid;background-color:transparent}.elementor-widget-text-editor:not(.elementor-drop-cap-view-default) .elementor-drop-cap{margin-top:8px}.elementor-widget-text-editor:not(.elementor-drop-cap-view-default) .elementor-drop-cap-letter{width:1em;height:1em}.elementor-widget-text-editor .elementor-drop-cap{float:left;text-align:center;line-height:1;font-size:50px}.elementor-widget-text-editor .elementor-drop-cap-letter{display:inline-block}<\/style>\t\t\t\t<h6>Aqui voc\u00ea tem acesso aos trabalhos de final de curso de nossos alunos.<\/h6><h6>Essas produ\u00e7\u00f5es t\u00eam como objetivo unir a forma\u00e7\u00e3o acad\u00eamica\/ profissional e pessoal de nossos alunos com os conhecimentos adquiridos ao longo do Curso de Psicologia Corporal.\u00a0 Por isso, s\u00e3o trabalhos muito autorais sem o vi\u00e9s acad\u00eamico <em>strictu senso<\/em>.<\/h6>\t\t\t\t\t\t<\/div>\n\t\t\t\t<\/div>\n\t\t\t\t<div class=\"elementor-element elementor-element-fe54a9b elementor-view-default elementor-widget elementor-widget-icon\" data-id=\"fe54a9b\" data-element_type=\"widget\" data-widget_type=\"icon.default\">\n\t\t\t\t<div class=\"elementor-widget-container\">\n\t\t\t\t\t<div class=\"elementor-icon-wrapper\">\n\t\t\t<div class=\"elementor-icon\">\n\t\t\t<svg aria-hidden=\"true\" class=\"e-font-icon-svg e-fas-star\" viewBox=\"0 0 576 512\" xmlns=\"http:\/\/www.w3.org\/2000\/svg\"><path d=\"M259.3 17.8L194 150.2 47.9 171.5c-26.2 3.8-36.7 36.1-17.7 54.6l105.7 103-25 145.5c-4.5 26.3 23.2 46 46.4 33.7L288 439.6l130.7 68.7c23.2 12.2 50.9-7.4 46.4-33.7l-25-145.5 105.7-103c19-18.5 8.5-50.8-17.7-54.6L382 150.2 316.7 17.8c-11.7-23.6-45.6-23.9-57.4 0z\"><\/path><\/svg>\t\t\t<\/div>\n\t\t<\/div>\n\t\t\t\t<\/div>\n\t\t\t\t<\/div>\n\t\t\t\t\t<\/div>\n\t\t\t\t<\/div>\n\t\t<div class=\"elementor-element elementor-element-93d5037 e-grid e-con-boxed e-con e-parent\" data-id=\"93d5037\" data-element_type=\"container\">\n\t\t\t\t\t<div class=\"e-con-inner\">\n\t\t\t\t<div class=\"elementor-element elementor-element-93e2eb9 elementor-widget elementor-widget-text-editor\" data-id=\"93e2eb9\" data-element_type=\"widget\" data-widget_type=\"text-editor.default\">\n\t\t\t\t<div class=\"elementor-widget-container\">\n\t\t\t\t\t\t\t<p><b>ESCOLA DA DOR: UMA ABORDAGEM CORPORAL PARA DESPERTAR NOVAS SENSA\u00c7\u00d5ES NOS PACIENTES COM DOR CR\u00d4NICA\u00a0<\/b><\/p><p>BEATRIZ GUIDOLIN CASTIGLIA<\/p><p><b>Palavras-chave<\/b>:<\/p><p><span style=\"font-weight: 400;\">Dor cr\u00f4nico; Neuromodula\u00e7\u00e3o; Neuroplasticidade; Emo\u00e7\u00f5es; Mem\u00f3ria; Terapia corporal reichiana.<\/span><\/p><p>.<\/p><p>Acesse aqui: <a href=\"https:\/\/institutoraiz.com.br\/2024\/wp-content\/uploads\/2025\/08\/Beatriz-Guidolin_final.pdf\">Beatriz Guidolin_final<\/a><\/p>\t\t\t\t\t\t<\/div>\n\t\t\t\t<\/div>\n\t\t\t\t<div class=\"elementor-element elementor-element-cb271e5 elementor-widget elementor-widget-text-editor\" data-id=\"cb271e5\" data-element_type=\"widget\" data-widget_type=\"text-editor.default\">\n\t\t\t\t<div class=\"elementor-widget-container\">\n\t\t\t\t\t\t\t<p><b>A VIDA ANTES E DEPOIS DO RAIZ: UM CAMINHO PARA DENTRO DE MIM<\/b><\/p><p><span style=\"font-weight: 400;\">FABIANE FERNANDES DO PRADO<\/span><\/p><p>Acesse aqui: <a href=\"https:\/\/institutoraiz.com.br\/2024\/wp-content\/uploads\/2025\/08\/Fabiane-Prado_-final.pdf\">Fabiane Prado_ final<\/a><\/p>\t\t\t\t\t\t<\/div>\n\t\t\t\t<\/div>\n\t\t\t\t\t<\/div>\n\t\t\t\t<\/div>\n\t\t<div class=\"elementor-element elementor-element-cddbd91 e-grid e-con-boxed e-con e-parent\" data-id=\"cddbd91\" data-element_type=\"container\">\n\t\t\t\t\t<div class=\"e-con-inner\">\n\t\t\t\t<div class=\"elementor-element elementor-element-5d33cd8 elementor-widget elementor-widget-text-editor\" data-id=\"5d33cd8\" data-element_type=\"widget\" data-widget_type=\"text-editor.default\">\n\t\t\t\t<div class=\"elementor-widget-container\">\n\t\t\t\t\t\t\t<p><b>APERTAMENTO DE DENTES X APERTAMENTO DE SENTIMENTOS: IDENTIFICANDO AS LIGA\u00c7\u00d5ES EMOCIONAIS COM AS REA\u00c7\u00d5ES CORPORAIS.<\/b><\/p><p><span style=\"font-weight: 400;\">ISABEL APARECIDA BELLODI ARRUDA<\/span><\/p><p><b>Palavras-chave<\/b>: <span style=\"font-weight: 400;\">Bruxismo; Dentes; Sorriso; Aparelho dent\u00e1rio; Adolesc\u00eancia.<\/span><\/p><p>.Acesse aqui: <a href=\"https:\/\/institutoraiz.com.br\/2024\/wp-content\/uploads\/2025\/08\/Isabel-Bellodi-Arruda_final.pdf\">Isabel Bellodi Arruda_final<\/a><\/p>\t\t\t\t\t\t<\/div>\n\t\t\t\t<\/div>\n\t\t\t\t<div class=\"elementor-element elementor-element-2e2fd57 elementor-widget elementor-widget-text-editor\" data-id=\"2e2fd57\" data-element_type=\"widget\" data-widget_type=\"text-editor.default\">\n\t\t\t\t<div class=\"elementor-widget-container\">\n\t\t\t\t\t\t\t<p><b>GARIMPO: A ESCRITA COMO FORMA DE EXPRESS\u00c3O<\/b><\/p><p><span style=\"font-weight: 400;\">REGIANE ALPONTI FIGUEIREDO PAGANI<\/span><\/p><p>Acesse aqui: <a href=\"https:\/\/institutoraiz.com.br\/2024\/wp-content\/uploads\/2025\/08\/Regiane-Pagani_final.pdf\">Regiane Pagani_final<\/a><\/p>\t\t\t\t\t\t<\/div>\n\t\t\t\t<\/div>\n\t\t\t\t\t<\/div>\n\t\t\t\t<\/div>\n\t\t<div class=\"elementor-element elementor-element-1714288 e-flex e-con-boxed e-con e-parent\" data-id=\"1714288\" data-element_type=\"container\">\n\t\t\t\t\t<div class=\"e-con-inner\">\n\t\t\t\t<div class=\"elementor-element elementor-element-e50d238 elementor-widget elementor-widget-heading\" data-id=\"e50d238\" data-element_type=\"widget\" data-widget_type=\"heading.default\">\n\t\t\t\t<div class=\"elementor-widget-container\">\n\t\t\t<h2 class=\"elementor-heading-title elementor-size-default\">FORMANDOS 2021<\/h2>\t\t<\/div>\n\t\t\t\t<\/div>\n\t\t\t\t<div class=\"elementor-element elementor-element-6d39d2f elementor-view-default elementor-widget elementor-widget-icon\" data-id=\"6d39d2f\" data-element_type=\"widget\" data-widget_type=\"icon.default\">\n\t\t\t\t<div class=\"elementor-widget-container\">\n\t\t\t\t\t<div class=\"elementor-icon-wrapper\">\n\t\t\t<div class=\"elementor-icon\">\n\t\t\t<svg aria-hidden=\"true\" class=\"e-font-icon-svg e-fas-star\" viewBox=\"0 0 576 512\" xmlns=\"http:\/\/www.w3.org\/2000\/svg\"><path d=\"M259.3 17.8L194 150.2 47.9 171.5c-26.2 3.8-36.7 36.1-17.7 54.6l105.7 103-25 145.5c-4.5 26.3 23.2 46 46.4 33.7L288 439.6l130.7 68.7c23.2 12.2 50.9-7.4 46.4-33.7l-25-145.5 105.7-103c19-18.5 8.5-50.8-17.7-54.6L382 150.2 316.7 17.8c-11.7-23.6-45.6-23.9-57.4 0z\"><\/path><\/svg>\t\t\t<\/div>\n\t\t<\/div>\n\t\t\t\t<\/div>\n\t\t\t\t<\/div>\n\t\t\t\t\t<\/div>\n\t\t\t\t<\/div>\n\t\t<div class=\"elementor-element elementor-element-656c5fe e-grid e-con-boxed e-con e-parent\" data-id=\"656c5fe\" data-element_type=\"container\">\n\t\t\t\t\t<div class=\"e-con-inner\">\n\t\t\t\t<div class=\"elementor-element elementor-element-5a46338 elementor-widget elementor-widget-text-editor\" data-id=\"5a46338\" data-element_type=\"widget\" data-widget_type=\"text-editor.default\">\n\t\t\t\t<div class=\"elementor-widget-container\">\n\t\t\t\t\t\t\t<p><b>INTEGRA\u00c7\u00c3O ENTRE CORPO E EMO\u00c7\u00d5ES POR MEIO DE GRUPO DE MOVMENTO EM ATLETAS DE ALTO RENDIMENTO DURANTE A PANDEMIA DE CORONAV\u00cdRUS<\/b><\/p><p><span style=\"font-weight: 400;\">ANA PAULA BIGHETI DOS SANTOS BORGES<\/span><\/p><p><b>Palavras-chave<\/b><span style=\"font-weight: 400;\">: <\/span><span style=\"font-weight: 400;\">Corpo; Emo\u00e7\u00f5es; Atleta; Grupo de movimento; Car\u00e1ter; Integra\u00e7\u00e3o.<\/span><\/p><p>Acesse aqui: <a href=\"https:\/\/institutoraiz.com.br\/2024\/wp-content\/uploads\/2025\/08\/Ana-Bigheti_final.pdf\">Ana Bigheti_final<\/a><\/p><p>\u00a0<\/p>\t\t\t\t\t\t<\/div>\n\t\t\t\t<\/div>\n\t\t\t\t<div class=\"elementor-element elementor-element-6e827ee elementor-widget elementor-widget-text-editor\" data-id=\"6e827ee\" data-element_type=\"widget\" data-widget_type=\"text-editor.default\">\n\t\t\t\t<div class=\"elementor-widget-container\">\n\t\t\t\t\t\t\t<p><b>VIOL\u00caNCIA DOM\u00c9STICA CONTRA MULHER E SEUS TRAUMAS: INSER\u00c7\u00c3O DE GRUPOS DE MOVIMENTO COM PR\u00c1TICAS REICHIANAS e NEOREICHIANA NA REDE P\u00daBLICA DO MUNIC\u00cdPIO DE ARARAQUARA COMO TRASFORMADOR INDIVIDUAL E SOCIAL<\/b><b>.<\/b><\/p><p><span style=\"font-weight: 400;\">CRISTIANE PICOLI AGATTE<\/span><\/p><p><b>Palavras-chave<\/b><span style=\"font-weight: 400;\">: <\/span><span style=\"font-weight: 400;\">Viol\u00eancia dom\u00e9stica; Grupo de Movimento; Trauma; Rede p\u00fablica<\/span><\/p><p>Acesse aqui: <a href=\"https:\/\/institutoraiz.com.br\/2024\/wp-content\/uploads\/2025\/08\/Cristiane-Agatte_-final.pdf\">Cristiane Agatte_ final<\/a><\/p>\t\t\t\t\t\t<\/div>\n\t\t\t\t<\/div>\n\t\t\t\t\t<\/div>\n\t\t\t\t<\/div>\n\t\t<div class=\"elementor-element elementor-element-ce1ce8d e-grid e-con-boxed e-con e-parent\" data-id=\"ce1ce8d\" data-element_type=\"container\">\n\t\t\t\t\t<div class=\"e-con-inner\">\n\t\t\t\t<div class=\"elementor-element elementor-element-167c1a8 elementor-widget elementor-widget-text-editor\" data-id=\"167c1a8\" data-element_type=\"widget\" data-widget_type=\"text-editor.default\">\n\t\t\t\t<div class=\"elementor-widget-container\">\n\t\t\t\t\t\t\t<p><b>AO ENCONTRO DE SI: RELATO DA EXPERI\u00caNCIA DE GRUPO DE MOVIMENTO ON-LINE DURANTE A PANDEMIA.<\/b><\/p><p><span style=\"font-weight: 400;\">ELISE MASON ALBEJANTE<\/span><\/p><p><b>Palavras-chave<\/b><span style=\"font-weight: 400;\">: <\/span><span style=\"font-weight: 400;\">Grupo de Movimento Infantil; Desenvolvimento da Crian\u00e7a; Forma\u00e7\u00e3o do Car\u00e1ter; Psicologia Corporal.<\/span><\/p><p>Acesse aqui: <a href=\"https:\/\/institutoraiz.com.br\/2024\/wp-content\/uploads\/2025\/08\/Elise-Albejante_final.pdf\">Elise Albejante_final<\/a><\/p>\t\t\t\t\t\t<\/div>\n\t\t\t\t<\/div>\n\t\t\t\t<div class=\"elementor-element elementor-element-1c48478 elementor-widget elementor-widget-text-editor\" data-id=\"1c48478\" data-element_type=\"widget\" data-widget_type=\"text-editor.default\">\n\t\t\t\t<div class=\"elementor-widget-container\">\n\t\t\t\t\t\t\t<p><b>O CONFLITO HUMANO SE D\u00c1 ENTRE AS PULS\u00d5ES E A CULTURA<\/b><b>.<\/b><\/p><p><span style=\"font-weight: 400;\">FRANCISCO AP. FRANCO<\/span><\/p><p><b>Palavras-chave<\/b><span style=\"font-weight: 400;\">: Vida Uterina; Biopsicossocial; Car\u00e1ter; Coura\u00e7as; Conflito Humano; Maturidade.<\/span><\/p><p>Acesse aqui: <a href=\"https:\/\/institutoraiz.com.br\/2024\/wp-content\/uploads\/2025\/08\/Francisco-Franco_final.pdf\">Francisco Franco_final<\/a><\/p>\t\t\t\t\t\t<\/div>\n\t\t\t\t<\/div>\n\t\t\t\t\t<\/div>\n\t\t\t\t<\/div>\n\t\t<div class=\"elementor-element elementor-element-0c712a4 e-grid e-con-boxed e-con e-parent\" data-id=\"0c712a4\" data-element_type=\"container\">\n\t\t\t\t\t<div class=\"e-con-inner\">\n\t\t\t\t<div class=\"elementor-element elementor-element-f360820 elementor-widget elementor-widget-text-editor\" data-id=\"f360820\" data-element_type=\"widget\" data-widget_type=\"text-editor.default\">\n\t\t\t\t<div class=\"elementor-widget-container\">\n\t\t\t\t\t\t\t<p><b>SENTIR NA PELE: O PERCURSO TRANSFORMADOR NA PSICOLOGIA CORPORAL .<\/b><\/p><p><b>PATR\u00cdCIA AYMBER\u00c9 BELLO<\/b><\/p><p><b>Palavras-chave<\/b><span style=\"font-weight: 400;\">: <\/span><span style=\"font-weight: 400;\">Psicologia Corporal; CAPS; Grupo de Movimento; Casos Cl\u00ednicos<\/span><\/p><p>Acesse aqui: <a href=\"https:\/\/institutoraiz.com.br\/2024\/wp-content\/uploads\/2025\/08\/Patricia-Bello_final.pdf\">Patricia Bello_final<\/a><\/p>\t\t\t\t\t\t<\/div>\n\t\t\t\t<\/div>\n\t\t\t\t<div class=\"elementor-element elementor-element-7b63410 elementor-widget elementor-widget-text-editor\" data-id=\"7b63410\" data-element_type=\"widget\" data-widget_type=\"text-editor.default\">\n\t\t\t\t<div class=\"elementor-widget-container\">\n\t\t\t\t\t\t\t<p><strong>VAGINISMO: A BUSCA PELA POT\u00caNCIA ORG\u00c1STICA AL\u00c9M DO RELAXAMENTO DOS M\u00daSCULOS DO ASSOALHO P\u00c9LVICO<\/strong><\/p><p><strong>A APLICA\u00c7\u00c3O DAS T\u00c9CNICAS REICHIANAS COMO BASE PARA CRIA\u00c7\u00c3O DE UM PROTOCOLO FUTURO<\/strong><b>.<\/b><\/p><p><span style=\"font-weight: 400;\">VANESSA MAGDALENA<\/span><\/p><p><b>Palavras-chave<\/b><span style=\"font-weight: 400;\">: Fisioterapia p\u00e9lvica; Vaginismo; Pelve; Assoalho P\u00e9lvico; Dor na rela\u00e7\u00e3o sexual; Orgasmo; Psicologia Corporal; Wilhelm Reich; Vegetoterapia; Orgonoterapia.<\/span><\/p><p>Acesse aqui: <a href=\"https:\/\/institutoraiz.com.br\/2024\/wp-content\/uploads\/2025\/08\/Vanessa_Magdalena_final.pdf\">Vanessa_Magdalena_final<\/a><\/p>\t\t\t\t\t\t<\/div>\n\t\t\t\t<\/div>\n\t\t\t\t\t<\/div>\n\t\t\t\t<\/div>\n\t\t\t\t<\/div>\n\t\t","protected":false},"excerpt":{"rendered":"<p>FORMANDAS 2022 Aqui voc\u00ea tem acesso aos trabalhos de final de curso de nossos alunos. Essas produ\u00e7\u00f5es t\u00eam como objetivo unir a forma\u00e7\u00e3o acad\u00eamica\/ profissional e pessoal de nossos alunos com os conhecimentos adquiridos ao longo do Curso de Psicologia Corporal.\u00a0 Por isso, s\u00e3o trabalhos muito autorais sem o vi\u00e9s acad\u00eamico strictu senso. ESCOLA DA<\/p>\n","protected":false},"author":2,"featured_media":0,"parent":0,"menu_order":0,"comment_status":"closed","ping_status":"closed","template":"","meta":{"inline_featured_image":false,"footnotes":""},"class_list":["post-4110","page","type-page","status-publish","hentry"],"_links":{"self":[{"href":"https:\/\/institutoraiz.com.br\/2024\/wp-json\/wp\/v2\/pages\/4110","targetHints":{"allow":["GET"]}}],"collection":[{"href":"https:\/\/institutoraiz.com.br\/2024\/wp-json\/wp\/v2\/pages"}],"about":[{"href":"https:\/\/institutoraiz.com.br\/2024\/wp-json\/wp\/v2\/types\/page"}],"author":[{"embeddable":true,"href":"https:\/\/institutoraiz.com.br\/2024\/wp-json\/wp\/v2\/users\/2"}],"replies":[{"embeddable":true,"href":"https:\/\/institutoraiz.com.br\/2024\/wp-json\/wp\/v2\/comments?post=4110"}],"version-history":[{"count":77,"href":"https:\/\/institutoraiz.com.br\/2024\/wp-json\/wp\/v2\/pages\/4110\/revisions"}],"predecessor-version":[{"id":4209,"href":"https:\/\/institutoraiz.com.br\/2024\/wp-json\/wp\/v2\/pages\/4110\/revisions\/4209"}],"wp:attachment":[{"href":"https:\/\/institutoraiz.com.br\/2024\/wp-json\/wp\/v2\/media?parent=4110"}],"curies":[{"name":"wp","href":"https:\/\/api.w.org\/{rel}","templated":true}]}}