{"id":4011,"date":"2025-08-17T11:51:59","date_gmt":"2025-08-17T14:51:59","guid":{"rendered":"https:\/\/institutoraiz.com.br\/2024\/?page_id=4011"},"modified":"2025-08-20T14:52:39","modified_gmt":"2025-08-20T17:52:39","slug":"elementor-4011","status":"publish","type":"page","link":"https:\/\/institutoraiz.com.br\/2024\/elementor-4011\/","title":{"rendered":"Formandas 2024"},"content":{"rendered":"\t\t<div data-elementor-type=\"wp-page\" data-elementor-id=\"4011\" class=\"elementor elementor-4011\">\n\t\t\t\t<div class=\"elementor-element elementor-element-7922303 e-flex e-con-boxed e-con e-parent\" data-id=\"7922303\" data-element_type=\"container\">\n\t\t\t\t\t<div class=\"e-con-inner\">\n\t\t\t\t<div class=\"elementor-element elementor-element-4f7bc87 elementor-widget elementor-widget-heading\" data-id=\"4f7bc87\" data-element_type=\"widget\" data-widget_type=\"heading.default\">\n\t\t\t\t<div class=\"elementor-widget-container\">\n\t\t\t<style>\/*! elementor - v3.21.0 - 08-05-2024 *\/\n.elementor-heading-title{padding:0;margin:0;line-height:1}.elementor-widget-heading .elementor-heading-title[class*=elementor-size-]>a{color:inherit;font-size:inherit;line-height:inherit}.elementor-widget-heading .elementor-heading-title.elementor-size-small{font-size:15px}.elementor-widget-heading .elementor-heading-title.elementor-size-medium{font-size:19px}.elementor-widget-heading .elementor-heading-title.elementor-size-large{font-size:29px}.elementor-widget-heading .elementor-heading-title.elementor-size-xl{font-size:39px}.elementor-widget-heading .elementor-heading-title.elementor-size-xxl{font-size:59px}<\/style><h2 class=\"elementor-heading-title elementor-size-default\">FORMANDAS 2024<\/h2>\t\t<\/div>\n\t\t\t\t<\/div>\n\t\t\t\t\t<\/div>\n\t\t\t\t<\/div>\n\t\t<div class=\"elementor-element elementor-element-8252cfe e-flex e-con-boxed e-con e-parent\" data-id=\"8252cfe\" data-element_type=\"container\">\n\t\t\t\t\t<div class=\"e-con-inner\">\n\t\t\t\t<div class=\"elementor-element elementor-element-8ed99c6 elementor-widget elementor-widget-text-editor\" data-id=\"8ed99c6\" data-element_type=\"widget\" data-widget_type=\"text-editor.default\">\n\t\t\t\t<div class=\"elementor-widget-container\">\n\t\t\t<style>\/*! elementor - v3.21.0 - 08-05-2024 *\/\n.elementor-widget-text-editor.elementor-drop-cap-view-stacked .elementor-drop-cap{background-color:#69727d;color:#fff}.elementor-widget-text-editor.elementor-drop-cap-view-framed .elementor-drop-cap{color:#69727d;border:3px solid;background-color:transparent}.elementor-widget-text-editor:not(.elementor-drop-cap-view-default) .elementor-drop-cap{margin-top:8px}.elementor-widget-text-editor:not(.elementor-drop-cap-view-default) .elementor-drop-cap-letter{width:1em;height:1em}.elementor-widget-text-editor .elementor-drop-cap{float:left;text-align:center;line-height:1;font-size:50px}.elementor-widget-text-editor .elementor-drop-cap-letter{display:inline-block}<\/style>\t\t\t\t<h6>Aqui voc\u00ea tem acesso aos trabalhos de final de curso de nossos alunos.<\/h6><h6>Essas produ\u00e7\u00f5es t\u00eam como objetivo unir a forma\u00e7\u00e3o acad\u00eamica\/ profissional e pessoal de nossos alunos com os conhecimentos adquiridos ao longo do Curso de Psicologia Corporal.\u00a0 Por isso, s\u00e3o trabalhos muito autorais sem o vi\u00e9s acad\u00eamico <em>strictu senso<\/em>.<\/h6>\t\t\t\t\t\t<\/div>\n\t\t\t\t<\/div>\n\t\t\t\t<div class=\"elementor-element elementor-element-62daf81 elementor-view-default elementor-widget elementor-widget-icon\" data-id=\"62daf81\" data-element_type=\"widget\" data-widget_type=\"icon.default\">\n\t\t\t\t<div class=\"elementor-widget-container\">\n\t\t\t\t\t<div class=\"elementor-icon-wrapper\">\n\t\t\t<div class=\"elementor-icon\">\n\t\t\t<svg aria-hidden=\"true\" class=\"e-font-icon-svg e-fas-star\" viewBox=\"0 0 576 512\" xmlns=\"http:\/\/www.w3.org\/2000\/svg\"><path d=\"M259.3 17.8L194 150.2 47.9 171.5c-26.2 3.8-36.7 36.1-17.7 54.6l105.7 103-25 145.5c-4.5 26.3 23.2 46 46.4 33.7L288 439.6l130.7 68.7c23.2 12.2 50.9-7.4 46.4-33.7l-25-145.5 105.7-103c19-18.5 8.5-50.8-17.7-54.6L382 150.2 316.7 17.8c-11.7-23.6-45.6-23.9-57.4 0z\"><\/path><\/svg>\t\t\t<\/div>\n\t\t<\/div>\n\t\t\t\t<\/div>\n\t\t\t\t<\/div>\n\t\t\t\t\t<\/div>\n\t\t\t\t<\/div>\n\t\t<div class=\"elementor-element elementor-element-9f1dd3d e-grid e-con-boxed e-con e-parent\" data-id=\"9f1dd3d\" data-element_type=\"container\">\n\t\t\t\t\t<div class=\"e-con-inner\">\n\t\t\t\t<div class=\"elementor-element elementor-element-2d9c4d2 elementor-widget elementor-widget-text-editor\" data-id=\"2d9c4d2\" data-element_type=\"widget\" data-widget_type=\"text-editor.default\">\n\t\t\t\t<div class=\"elementor-widget-container\">\n\t\t\t\t\t\t\t<p><strong>A RESIST\u00caNCIA DA MARIA-NINGU\u00c9M<\/strong><\/p><p>ANA MAURA GUIDOLIN GALASSI<\/p><p><strong>Palavras chaves<\/strong>: Z\u00e9-Ningu\u00e9m; Peste emocional; Resist\u00eancia; Comodidade;<br \/>Encoura\u00e7amento; Campo e Din\u00e2mica(s).<\/p><p>Acesse aqui: <a href=\"https:\/\/institutoraiz.com.br\/2024\/wp-content\/uploads\/2025\/04\/Ana-Maura_final.pdf\">Ana Maura_final<\/a><\/p>\t\t\t\t\t\t<\/div>\n\t\t\t\t<\/div>\n\t\t\t\t<div class=\"elementor-element elementor-element-0c699b1 elementor-widget elementor-widget-text-editor\" data-id=\"0c699b1\" data-element_type=\"widget\" data-widget_type=\"text-editor.default\">\n\t\t\t\t<div class=\"elementor-widget-container\">\n\t\t\t\t\t\t\t<p><strong>CAMPOS INFLAMADOS<\/strong><\/p><p>L\u00cdVIA GREGHI ESPANHA<\/p><p><b>Palavras-chave<\/b><span style=\"font-weight: 400;\">: <\/span><span style=\"font-weight: 400;\">Campo Sens\u00edvel<\/span><span style=\"font-weight: 400;\">;<\/span><span style=\"font-weight: 400;\"> Peste emocional<\/span><span style=\"font-weight: 400;\">;<\/span><span style=\"font-weight: 400;\"> Prazer<\/span><span style=\"font-weight: 400;\">;<\/span><span style=\"font-weight: 400;\"> Coura\u00e7as<\/span><span style=\"font-weight: 400;\">; <\/span><span style=\"font-weight: 400;\">Car\u00e1ter.<\/span><\/p><p>Acesse aqui: <a href=\"https:\/\/institutoraiz.com.br\/2024\/wp-content\/uploads\/2025\/04\/Livia-Greghi-Espanha_final-1.pdf\">Livia Greghi Espanha_final (1)<\/a><\/p>\t\t\t\t\t\t<\/div>\n\t\t\t\t<\/div>\n\t\t\t\t\t<\/div>\n\t\t\t\t<\/div>\n\t\t<div class=\"elementor-element elementor-element-4dc1488 e-grid e-con-boxed e-con e-parent\" data-id=\"4dc1488\" data-element_type=\"container\">\n\t\t\t\t\t<div class=\"e-con-inner\">\n\t\t\t\t<div class=\"elementor-element elementor-element-bb6e000 elementor-widget elementor-widget-text-editor\" data-id=\"bb6e000\" data-element_type=\"widget\" data-widget_type=\"text-editor.default\">\n\t\t\t\t<div class=\"elementor-widget-container\">\n\t\t\t\t\t\t\t<p><strong>A IMPORT\u00c2NCIA DO T\u00d3RAX DO TERAPEUTA NA CL\u00cdNICA REICHIANA<\/strong><\/p><p>MANUELA DIAS PADOVANI<\/p><p><strong>Palavras chaves<\/strong>: Transfer\u00eancia; Contratransfer\u00eancia; T\u00f3rax<\/p><p>Acesse aqui: <a href=\"https:\/\/institutoraiz.com.br\/2024\/wp-content\/uploads\/2025\/08\/ManuelaPadovani_final.pdf\">ManuelaPadovani_final<\/a><\/p>\t\t\t\t\t\t<\/div>\n\t\t\t\t<\/div>\n\t\t\t\t<div class=\"elementor-element elementor-element-faa0f41 elementor-widget elementor-widget-text-editor\" data-id=\"faa0f41\" data-element_type=\"widget\" data-widget_type=\"text-editor.default\">\n\t\t\t\t<div class=\"elementor-widget-container\">\n\t\t\t\t\t\t\t<p><strong>S\u00cdNDROME DO INTESTINO IRRIT\u00c1VEL, UMA VIS\u00c3O REICHIANA<\/strong><\/p><p>TATIANA TATIM HADDAD<\/p><p><b>Palavras-chave<\/b><span style=\"font-weight: 400;\">: S\u00edndrome do Intestino Irrit\u00e1vel; Psicologia corporal; biodin\u00e2mica; Qualidade de vida<\/span><span style=\"font-weight: 400;\">.<\/span><\/p><p>Acesse aqui: <a href=\"https:\/\/institutoraiz.com.br\/2024\/wp-content\/uploads\/2025\/08\/Tatiana-Tatim-Haddad_final.docx.pdf\">Tatiana Tatim Haddad_final.docx<\/a><\/p>\t\t\t\t\t\t<\/div>\n\t\t\t\t<\/div>\n\t\t\t\t\t<\/div>\n\t\t\t\t<\/div>\n\t\t<div class=\"elementor-element elementor-element-4c82676 e-grid e-con-boxed e-con e-parent\" data-id=\"4c82676\" data-element_type=\"container\">\n\t\t\t\t\t<div class=\"e-con-inner\">\n\t\t\t\t<div class=\"elementor-element elementor-element-09e25e8 elementor-widget elementor-widget-text-editor\" data-id=\"09e25e8\" data-element_type=\"widget\" data-widget_type=\"text-editor.default\">\n\t\t\t\t<div class=\"elementor-widget-container\">\n\t\t\t\t\t\t\t<p><strong>GRUPO DE MOVIMENTO E QUALIDADE DE VIDA<\/strong><\/p><p>VERA CEC\u00cdLIA DE ARANTES FERNANDES COSTA<\/p><p><strong>Palavras chaves<\/strong>: Terapia corporal; Grupo de Movimento; Qualidade de vida<\/p><p>Acesse aqui: <a href=\"https:\/\/institutoraiz.com.br\/2024\/wp-content\/uploads\/2025\/08\/Vera-Cecilia-Costa_final.pdf\">Vera Cec\u00edlia Costa_final<\/a><\/p>\t\t\t\t\t\t<\/div>\n\t\t\t\t<\/div>\n\t\t\t\t\t<\/div>\n\t\t\t\t<\/div>\n\t\t\t\t<\/div>\n\t\t","protected":false},"excerpt":{"rendered":"<p>FORMANDAS 2024 Aqui voc\u00ea tem acesso aos trabalhos de final de curso de nossos alunos. Essas produ\u00e7\u00f5es t\u00eam como objetivo unir a forma\u00e7\u00e3o acad\u00eamica\/ profissional e pessoal de nossos alunos com os conhecimentos adquiridos ao longo do Curso de Psicologia Corporal.\u00a0 Por isso, s\u00e3o trabalhos muito autorais sem o vi\u00e9s acad\u00eamico strictu senso. A RESIST\u00caNCIA<\/p>\n","protected":false},"author":2,"featured_media":0,"parent":0,"menu_order":0,"comment_status":"closed","ping_status":"closed","template":"","meta":{"inline_featured_image":false,"footnotes":""},"class_list":["post-4011","page","type-page","status-publish","hentry"],"_links":{"self":[{"href":"https:\/\/institutoraiz.com.br\/2024\/wp-json\/wp\/v2\/pages\/4011","targetHints":{"allow":["GET"]}}],"collection":[{"href":"https:\/\/institutoraiz.com.br\/2024\/wp-json\/wp\/v2\/pages"}],"about":[{"href":"https:\/\/institutoraiz.com.br\/2024\/wp-json\/wp\/v2\/types\/page"}],"author":[{"embeddable":true,"href":"https:\/\/institutoraiz.com.br\/2024\/wp-json\/wp\/v2\/users\/2"}],"replies":[{"embeddable":true,"href":"https:\/\/institutoraiz.com.br\/2024\/wp-json\/wp\/v2\/comments?post=4011"}],"version-history":[{"count":11,"href":"https:\/\/institutoraiz.com.br\/2024\/wp-json\/wp\/v2\/pages\/4011\/revisions"}],"predecessor-version":[{"id":4232,"href":"https:\/\/institutoraiz.com.br\/2024\/wp-json\/wp\/v2\/pages\/4011\/revisions\/4232"}],"wp:attachment":[{"href":"https:\/\/institutoraiz.com.br\/2024\/wp-json\/wp\/v2\/media?parent=4011"}],"curies":[{"name":"wp","href":"https:\/\/api.w.org\/{rel}","templated":true}]}}