{"id":3520,"date":"2025-03-27T11:17:05","date_gmt":"2025-03-27T14:17:05","guid":{"rendered":"https:\/\/institutoraiz.com.br\/2024\/?page_id=3520"},"modified":"2026-04-17T08:17:07","modified_gmt":"2026-04-17T11:17:07","slug":"biblioteca-dos-alunos","status":"publish","type":"page","link":"https:\/\/institutoraiz.com.br\/2024\/biblioteca-dos-alunos\/","title":{"rendered":"Formandos 2026"},"content":{"rendered":"\t\t<div data-elementor-type=\"wp-page\" data-elementor-id=\"3520\" class=\"elementor elementor-3520\">\n\t\t\t\t<div class=\"elementor-element elementor-element-2a245b9 e-flex e-con-boxed e-con e-parent\" data-id=\"2a245b9\" data-element_type=\"container\" data-settings=\"{&quot;background_background&quot;:&quot;classic&quot;}\">\n\t\t\t\t\t<div class=\"e-con-inner\">\n\t\t\t\t<div class=\"elementor-element elementor-element-97c8ea1 elementor-widget elementor-widget-heading\" data-id=\"97c8ea1\" data-element_type=\"widget\" data-widget_type=\"heading.default\">\n\t\t\t\t<div class=\"elementor-widget-container\">\n\t\t\t<style>\/*! elementor - v3.21.0 - 08-05-2024 *\/\n.elementor-heading-title{padding:0;margin:0;line-height:1}.elementor-widget-heading .elementor-heading-title[class*=elementor-size-]>a{color:inherit;font-size:inherit;line-height:inherit}.elementor-widget-heading .elementor-heading-title.elementor-size-small{font-size:15px}.elementor-widget-heading .elementor-heading-title.elementor-size-medium{font-size:19px}.elementor-widget-heading .elementor-heading-title.elementor-size-large{font-size:29px}.elementor-widget-heading .elementor-heading-title.elementor-size-xl{font-size:39px}.elementor-widget-heading .elementor-heading-title.elementor-size-xxl{font-size:59px}<\/style><h2 class=\"elementor-heading-title elementor-size-default\">FORMANDOS 2026<\/h2>\t\t<\/div>\n\t\t\t\t<\/div>\n\t\t\t\t\t<\/div>\n\t\t\t\t<\/div>\n\t\t<div class=\"elementor-element elementor-element-a10d58d e-flex e-con-boxed e-con e-parent\" data-id=\"a10d58d\" data-element_type=\"container\" data-settings=\"{&quot;background_background&quot;:&quot;classic&quot;}\">\n\t\t\t\t\t<div class=\"e-con-inner\">\n\t\t\t\t<div class=\"elementor-element elementor-element-f25de38 elementor-widget elementor-widget-text-editor\" data-id=\"f25de38\" data-element_type=\"widget\" data-widget_type=\"text-editor.default\">\n\t\t\t\t<div class=\"elementor-widget-container\">\n\t\t\t<style>\/*! elementor - v3.21.0 - 08-05-2024 *\/\n.elementor-widget-text-editor.elementor-drop-cap-view-stacked .elementor-drop-cap{background-color:#69727d;color:#fff}.elementor-widget-text-editor.elementor-drop-cap-view-framed .elementor-drop-cap{color:#69727d;border:3px solid;background-color:transparent}.elementor-widget-text-editor:not(.elementor-drop-cap-view-default) .elementor-drop-cap{margin-top:8px}.elementor-widget-text-editor:not(.elementor-drop-cap-view-default) .elementor-drop-cap-letter{width:1em;height:1em}.elementor-widget-text-editor .elementor-drop-cap{float:left;text-align:center;line-height:1;font-size:50px}.elementor-widget-text-editor .elementor-drop-cap-letter{display:inline-block}<\/style>\t\t\t\t<h6>Aqui voc\u00ea tem acesso aos trabalhos de final de curso de nossos alunos.<\/h6><h6>Essas produ\u00e7\u00f5es t\u00eam como objetivo unir a forma\u00e7\u00e3o acad\u00eamica\/ profissional e pessoal de nossos alunos com os conhecimentos adquiridos ao longo do Curso de Psicologia Corporal.\u00a0 Por isso, s\u00e3o trabalhos muito autorais sem o vi\u00e9s acad\u00eamico <em>strictu senso<\/em>.<\/h6>\t\t\t\t\t\t<\/div>\n\t\t\t\t<\/div>\n\t\t\t\t\t<\/div>\n\t\t\t\t<\/div>\n\t\t<div class=\"elementor-element elementor-element-39af12c e-flex e-con-boxed e-con e-parent\" data-id=\"39af12c\" data-element_type=\"container\">\n\t\t\t\t\t<div class=\"e-con-inner\">\n\t\t\t\t<div class=\"elementor-element elementor-element-3e2cbc1 elementor-view-default elementor-widget elementor-widget-icon\" data-id=\"3e2cbc1\" data-element_type=\"widget\" data-widget_type=\"icon.default\">\n\t\t\t\t<div class=\"elementor-widget-container\">\n\t\t\t\t\t<div class=\"elementor-icon-wrapper\">\n\t\t\t<div class=\"elementor-icon\">\n\t\t\t<svg aria-hidden=\"true\" class=\"e-font-icon-svg e-fas-star\" viewBox=\"0 0 576 512\" xmlns=\"http:\/\/www.w3.org\/2000\/svg\"><path d=\"M259.3 17.8L194 150.2 47.9 171.5c-26.2 3.8-36.7 36.1-17.7 54.6l105.7 103-25 145.5c-4.5 26.3 23.2 46 46.4 33.7L288 439.6l130.7 68.7c23.2 12.2 50.9-7.4 46.4-33.7l-25-145.5 105.7-103c19-18.5 8.5-50.8-17.7-54.6L382 150.2 316.7 17.8c-11.7-23.6-45.6-23.9-57.4 0z\"><\/path><\/svg>\t\t\t<\/div>\n\t\t<\/div>\n\t\t\t\t<\/div>\n\t\t\t\t<\/div>\n\t\t\t\t\t<\/div>\n\t\t\t\t<\/div>\n\t\t<div class=\"elementor-element elementor-element-ed6ed52 e-grid e-con-boxed e-con e-parent\" data-id=\"ed6ed52\" data-element_type=\"container\" data-settings=\"{&quot;background_background&quot;:&quot;classic&quot;}\">\n\t\t\t\t\t<div class=\"e-con-inner\">\n\t\t\t\t<div class=\"elementor-element elementor-element-30845e9 elementor-widget elementor-widget-text-editor\" data-id=\"30845e9\" data-element_type=\"widget\" data-widget_type=\"text-editor.default\">\n\t\t\t\t<div class=\"elementor-widget-container\">\n\t\t\t\t\t\t\t<p><strong>\u00a0<span class=\"fontstyle0\"><span dir=\"auto\" style=\"vertical-align: inherit;\"><span dir=\"auto\" style=\"vertical-align: inherit;\">A INTEGRA\u00c7\u00c3O ENTRE AS 3 CAMADAS EMBRION\u00c1RIAS NA <\/span><\/span><br \/><span dir=\"auto\" style=\"vertical-align: inherit;\"><span dir=\"auto\" style=\"vertical-align: inherit;\">PERCEP\u00c7\u00c3O DA FOR\u00c7A INTERNA! \u2013 UMA PERSPECTIVA <\/span><\/span><br \/><span dir=\"auto\" style=\"vertical-align: inherit;\"><span dir=\"auto\" style=\"vertical-align: inherit;\">BIOL\u00d3GICA E EMOCIONAL DO PROCESSO NO RAIZ PARA MINHA <\/span><\/span><br \/><span dir=\"auto\" style=\"vertical-align: inherit;\"><span dir=\"auto\" style=\"vertical-align: inherit;\">(TRANS)FORMA\u00c7\u00c3O EM TERAPEUTA REICHIANA<\/span><\/span><\/span><\/strong><\/p><p><span class=\"fontstyle0\"><span dir=\"auto\" style=\"vertical-align: inherit;\"><span dir=\"auto\" style=\"vertical-align: inherit;\">ANA CAROLINA SEGATO RIZZATTI<\/span><\/span><\/span><\/p><p><b><span dir=\"auto\" style=\"vertical-align: inherit;\"><span dir=\"auto\" style=\"vertical-align: inherit;\"><span dir=\"auto\" style=\"vertical-align: inherit;\"><span dir=\"auto\" style=\"vertical-align: inherit;\">Keywords <\/span><\/span><\/span><\/span><\/b><span style=\"font-weight: 400;\"><span dir=\"auto\" style=\"vertical-align: inherit;\"><span dir=\"auto\" style=\"vertical-align: inherit;\"><span dir=\"auto\" style=\"vertical-align: inherit;\"><span dir=\"auto\" style=\"vertical-align: inherit;\">: <\/span><\/span><span class=\"fontstyle0\"><span dir=\"auto\" style=\"vertical-align: inherit;\"><span dir=\"auto\" style=\"vertical-align: inherit;\">Pot\u00eancia de Vida; Integra\u00e7\u00e3o Embrion\u00e1ria; Bioss\u00edntese; Psicoterapia Corporal; Coura\u00e7a Muscular; Autorregula\u00e7\u00e3o Org\u00e2nica.<\/span><\/span><\/span><br \/><\/span><\/span><\/span><\/p><p><span dir=\"auto\" style=\"vertical-align: inherit;\"><span dir=\"auto\" style=\"vertical-align: inherit;\"><span dir=\"auto\" style=\"vertical-align: inherit;\"><span dir=\"auto\" style=\"vertical-align: inherit;\">Acesse aqui: <\/span><\/span><a href=\"https:\/\/institutoraiz.com.br\/2024\/wp-content\/uploads\/2026\/04\/Ana-Carolina_final.pdf\"><span dir=\"auto\" style=\"vertical-align: inherit;\"><span dir=\"auto\" style=\"vertical-align: inherit;\">Ana Carolina_final<\/span><\/span><\/a><\/span><\/span><\/p>\t\t\t\t\t\t<\/div>\n\t\t\t\t<\/div>\n\t\t\t\t<div class=\"elementor-element elementor-element-b2f4392 elementor-widget elementor-widget-text-editor\" data-id=\"b2f4392\" data-element_type=\"widget\" data-widget_type=\"text-editor.default\">\n\t\t\t\t<div class=\"elementor-widget-container\">\n\t\t\t\t\t\t\t<p><strong><span class=\"fontstyle0\">O MEDO DO TERAPEUTA<\/span><\/strong> <\/p><p><span class=\"fontstyle0\">ANDREZZA AP. GOUVEIA CARINI<\/span> <\/p><p><b><span dir=\"auto\" style=\"vertical-align: inherit;\"><span dir=\"auto\" style=\"vertical-align: inherit;\"><span dir=\"auto\" style=\"vertical-align: inherit;\"><span dir=\"auto\" style=\"vertical-align: inherit;\">Palavras-chave: <\/span><\/span><\/span><\/span><\/b><span dir=\"auto\" style=\"vertical-align: inherit;\"><span dir=\"auto\" style=\"vertical-align: inherit;\"><span dir=\"auto\" style=\"vertical-align: inherit;\"><span dir=\"auto\" style=\"vertical-align: inherit;\"><span class=\"fontstyle0\">Medo; Corpo; Terapeuta; Tens\u00f5es; Psicologia Corporal.<\/span><\/span><\/span><\/span><\/span><b><span dir=\"auto\" style=\"vertical-align: inherit;\"><span dir=\"auto\" style=\"vertical-align: inherit;\"><span dir=\"auto\" style=\"vertical-align: inherit;\"><span dir=\"auto\" style=\"vertical-align: inherit;\"><br \/><\/span><\/span><\/span><\/span><\/b><\/p><p><span dir=\"auto\" style=\"vertical-align: inherit;\"><span dir=\"auto\" style=\"vertical-align: inherit;\"><span dir=\"auto\" style=\"vertical-align: inherit;\"><span dir=\"auto\" style=\"vertical-align: inherit;\">Acesse aqui: <a href=\"https:\/\/institutoraiz.com.br\/2024\/wp-content\/uploads\/2026\/04\/Andrezza_final.pdf\">Andrezza_final<\/a><\/span><\/span><\/span><\/span><\/p>\t\t\t\t\t\t<\/div>\n\t\t\t\t<\/div>\n\t\t\t\t<div class=\"elementor-element elementor-element-964ce7f elementor-widget elementor-widget-text-editor\" data-id=\"964ce7f\" data-element_type=\"widget\" data-widget_type=\"text-editor.default\">\n\t\t\t\t<div class=\"elementor-widget-container\">\n\t\t\t\t\t\t\t<p><strong><span class=\"fontstyle0\"><span dir=\"auto\" style=\"vertical-align: inherit;\"><span dir=\"auto\" style=\"vertical-align: inherit;\">O TOQUE QUE TOCA: <\/span><\/span><br \/><span dir=\"auto\" style=\"vertical-align: inherit;\"><span dir=\"auto\" style=\"vertical-align: inherit;\">A MASSAGEM FUNDAMENTADA NA PSICOLOGIA CORPORAL <\/span><\/span><br \/><span dir=\"auto\" style=\"vertical-align: inherit;\"><span dir=\"auto\" style=\"vertical-align: inherit;\">REICHIANA<\/span><\/span><\/span><\/strong><\/p><p><span class=\"fontstyle0\"><span dir=\"auto\" style=\"vertical-align: inherit;\"><span dir=\"auto\" style=\"vertical-align: inherit;\">CHRISTIE ELLEN SILVA<\/span><\/span><\/span><\/p><p><b><span dir=\"auto\" style=\"vertical-align: inherit;\"><span dir=\"auto\" style=\"vertical-align: inherit;\"><span dir=\"auto\" style=\"vertical-align: inherit;\"><span dir=\"auto\" style=\"vertical-align: inherit;\">Palavras-chave: <\/span><\/span><\/span><\/span><\/b><span dir=\"auto\" style=\"vertical-align: inherit;\"><span dir=\"auto\" style=\"vertical-align: inherit;\"><span dir=\"auto\" style=\"vertical-align: inherit;\"><span class=\"fontstyle0\"><span dir=\"auto\" style=\"vertical-align: inherit;\">Massoterapia; Pele Ps\u00edquica; Coura\u00e7a; Toque; Desencorajamento; <\/span><\/span><\/span><\/span><span dir=\"auto\" style=\"vertical-align: inherit;\"><span dir=\"auto\" style=\"vertical-align: inherit;\"><span class=\"fontstyle0\"><span dir=\"auto\" style=\"vertical-align: inherit;\">Desmecaniza\u00e7\u00e3o.<\/span><\/span><\/span><\/span><\/span><span dir=\"auto\" style=\"vertical-align: inherit;\"><span dir=\"auto\" style=\"vertical-align: inherit;\">\u00a0<\/span><\/span><span dir=\"auto\" style=\"vertical-align: inherit;\"><span dir=\"auto\" style=\"vertical-align: inherit;\"><span class=\"fontstyle0\"><br \/><\/span><\/span><\/span><b><span dir=\"auto\" style=\"vertical-align: inherit;\"><span dir=\"auto\" style=\"vertical-align: inherit;\"><br \/><\/span><\/span><\/b><span style=\"font-weight: 400;\"><br \/><\/span><\/p><p><span dir=\"auto\" style=\"vertical-align: inherit;\"><span dir=\"auto\" style=\"vertical-align: inherit;\"><span dir=\"auto\" style=\"vertical-align: inherit;\"><span dir=\"auto\" style=\"vertical-align: inherit;\">Acesse aqui: <\/span><\/span><a href=\"https:\/\/institutoraiz.com.br\/2024\/wp-content\/uploads\/2026\/04\/Christie.final_.pdf\"><span dir=\"auto\" style=\"vertical-align: inherit;\"><span dir=\"auto\" style=\"vertical-align: inherit;\">Christie.final<\/span><\/span><\/a><\/span><\/span><\/p>\t\t\t\t\t\t<\/div>\n\t\t\t\t<\/div>\n\t\t\t\t<div class=\"elementor-element elementor-element-cc288fb elementor-widget elementor-widget-text-editor\" data-id=\"cc288fb\" data-element_type=\"widget\" data-widget_type=\"text-editor.default\">\n\t\t\t\t<div class=\"elementor-widget-container\">\n\t\t\t\t\t\t\t<p><strong><span class=\"fontstyle0\">A CONTRATRANSFER\u00caNCIA TEM COR?POR UM MANEJO CL\u00cdNICO REICHIANO DESALIENADO E<br \/>ATENTO \u00c0S QUEST\u00d5ES RACIAIS<\/span><\/strong> <\/p><p><span class=\"fontstyle0\">GIZELA SANTOS ZANUTTO<\/span> <\/p><p><b><span dir=\"auto\" style=\"vertical-align: inherit;\"><span dir=\"auto\" style=\"vertical-align: inherit;\">Palavras-chave:<\/span><\/span><\/b><span dir=\"auto\" style=\"vertical-align: inherit;\"><span dir=\"auto\" style=\"vertical-align: inherit;\">\u00a0<\/span><\/span><span dir=\"auto\" style=\"vertical-align: inherit;\"><span dir=\"auto\" style=\"vertical-align: inherit;\"><span class=\"fontstyle0\">Psicologia Corporal; Wilhelm Reich; Racismo Estrutural;<br \/>Contratransfer\u00eancia Racial; Corpo Negro; Desaliena\u00e7\u00e3o<\/span><\/span><\/span><b><span dir=\"auto\" style=\"vertical-align: inherit;\"><span dir=\"auto\" style=\"vertical-align: inherit;\"><br \/><\/span><\/span><\/b><\/p><p><span dir=\"auto\" style=\"vertical-align: inherit;\"><span dir=\"auto\" style=\"vertical-align: inherit;\">Acesse aqui: <a href=\"https:\/\/institutoraiz.com.br\/2024\/wp-content\/uploads\/2026\/04\/Gizela_final.pdf\">Gizela_final<\/a><\/span><\/span><\/p>\t\t\t\t\t\t<\/div>\n\t\t\t\t<\/div>\n\t\t\t\t<div class=\"elementor-element elementor-element-9606900 elementor-widget elementor-widget-text-editor\" data-id=\"9606900\" data-element_type=\"widget\" data-widget_type=\"text-editor.default\">\n\t\t\t\t<div class=\"elementor-widget-container\">\n\t\t\t\t\t\t\t<p><strong>DAS SOMBRAS DOS TRAUMAS \u00c0 LUZ DA ESPERAN\u00c7A, OS CAMINHOS DA DEPRESS\u00c3O<\/strong><\/p><p><span class=\"fontstyle0\">ANTONIO PERES JUNIOR<\/span> <\/p><p><b><span dir=\"auto\" style=\"vertical-align: inherit;\"><span dir=\"auto\" style=\"vertical-align: inherit;\">Keywords <\/span><\/span><\/b><span style=\"font-weight: 400;\"><span dir=\"auto\" style=\"vertical-align: inherit;\"><span dir=\"auto\" style=\"vertical-align: inherit;\">: <span class=\"fontstyle0\">Depress\u00e3o; Suic\u00eddio; Exist\u00eancia; Corpo; Vida; Ressignificar.<\/span> <br \/><\/span><\/span><\/span><\/p><p><span dir=\"auto\" style=\"vertical-align: inherit;\"><span dir=\"auto\" style=\"vertical-align: inherit;\">Acesse aqui: <a href=\"https:\/\/institutoraiz.com.br\/2024\/wp-content\/uploads\/2026\/04\/Antonio_final.pdf\">Antonio_final<\/a><\/span><\/span><\/p>\t\t\t\t\t\t<\/div>\n\t\t\t\t<\/div>\n\t\t\t\t<div class=\"elementor-element elementor-element-74bc11a elementor-widget elementor-widget-text-editor\" data-id=\"74bc11a\" data-element_type=\"widget\" data-widget_type=\"text-editor.default\">\n\t\t\t\t<div class=\"elementor-widget-container\">\n\t\t\t\t\t\t\t<p><strong><span class=\"fontstyle0\">A NUTRI\u00c7\u00c3O VIVENCIADA NO CORPO E NAS RELA\u00c7\u00d5ES<br \/>E A ALIMENTA\u00c7\u00c3O COMO EXPRESS\u00c3O ORGON\u00d3TICA<\/span><\/strong> <\/p><p>LARISSA DANTAS PEREIRA FRANCO TANNURI<\/p><p><b><span dir=\"auto\" style=\"vertical-align: inherit;\"><span dir=\"auto\" style=\"vertical-align: inherit;\">Keywords <\/span><\/span><\/b><span style=\"font-weight: 400;\"><span dir=\"auto\" style=\"vertical-align: inherit;\"><span dir=\"auto\" style=\"vertical-align: inherit;\">: <span class=\"fontstyle0\">Nutri\u00e7\u00e3o reichiana; Psicoterapia corporal; Energia vital; Estruturas de car\u00e1ter; Autorregula\u00e7\u00e3o.<\/span><br \/><\/span><\/span><\/span><\/p><p><span dir=\"auto\" style=\"vertical-align: inherit;\">Acesse aqui: <a href=\"https:\/\/institutoraiz.com.br\/2024\/wp-content\/uploads\/2026\/04\/Larissa_final-1.pdf\">Larissa_final<\/a><\/span><\/p>\t\t\t\t\t\t<\/div>\n\t\t\t\t<\/div>\n\t\t\t\t\t<\/div>\n\t\t\t\t<\/div>\n\t\t\t\t<\/div>\n\t\t","protected":false},"excerpt":{"rendered":"<p>FORMANDOS 2026 Aqui voc\u00ea tem acesso aos trabalhos de final de curso de nossos alunos. Essas produ\u00e7\u00f5es t\u00eam como objetivo unir a forma\u00e7\u00e3o acad\u00eamica\/ profissional e pessoal de nossos alunos com os conhecimentos adquiridos ao longo do Curso de Psicologia Corporal.\u00a0 Por isso, s\u00e3o trabalhos muito autorais sem o vi\u00e9s acad\u00eamico strictu senso. \u00a0A INTEGRA\u00c7\u00c3O<\/p>\n","protected":false},"author":2,"featured_media":0,"parent":0,"menu_order":0,"comment_status":"closed","ping_status":"closed","template":"","meta":{"inline_featured_image":false,"footnotes":""},"class_list":["post-3520","page","type-page","status-publish","hentry"],"_links":{"self":[{"href":"https:\/\/institutoraiz.com.br\/2024\/wp-json\/wp\/v2\/pages\/3520","targetHints":{"allow":["GET"]}}],"collection":[{"href":"https:\/\/institutoraiz.com.br\/2024\/wp-json\/wp\/v2\/pages"}],"about":[{"href":"https:\/\/institutoraiz.com.br\/2024\/wp-json\/wp\/v2\/types\/page"}],"author":[{"embeddable":true,"href":"https:\/\/institutoraiz.com.br\/2024\/wp-json\/wp\/v2\/users\/2"}],"replies":[{"embeddable":true,"href":"https:\/\/institutoraiz.com.br\/2024\/wp-json\/wp\/v2\/comments?post=3520"}],"version-history":[{"count":140,"href":"https:\/\/institutoraiz.com.br\/2024\/wp-json\/wp\/v2\/pages\/3520\/revisions"}],"predecessor-version":[{"id":4848,"href":"https:\/\/institutoraiz.com.br\/2024\/wp-json\/wp\/v2\/pages\/3520\/revisions\/4848"}],"wp:attachment":[{"href":"https:\/\/institutoraiz.com.br\/2024\/wp-json\/wp\/v2\/media?parent=3520"}],"curies":[{"name":"wp","href":"https:\/\/api.w.org\/{rel}","templated":true}]}}