{"id":3499,"date":"2025-03-27T11:00:27","date_gmt":"2025-03-27T14:00:27","guid":{"rendered":"https:\/\/institutoraiz.com.br\/2024\/?page_id=3499"},"modified":"2026-02-09T15:13:54","modified_gmt":"2026-02-09T18:13:54","slug":"psicoterapeutas-corporais","status":"publish","type":"page","link":"https:\/\/institutoraiz.com.br\/2024\/psicoterapeutas-corporais\/","title":{"rendered":"Psicoterapeutas Corporais"},"content":{"rendered":"\t\t<div data-elementor-type=\"wp-page\" data-elementor-id=\"3499\" class=\"elementor elementor-3499\">\n\t\t\t\t<div class=\"elementor-element elementor-element-27b0361 e-flex e-con-boxed e-con e-parent\" data-id=\"27b0361\" data-element_type=\"container\" data-settings=\"{&quot;background_background&quot;:&quot;classic&quot;}\">\n\t\t\t\t\t<div class=\"e-con-inner\">\n\t\t<div class=\"elementor-element elementor-element-66a76658 e-flex e-con-boxed e-con e-child\" data-id=\"66a76658\" data-element_type=\"container\">\n\t\t\t\t\t<div class=\"e-con-inner\">\n\t\t\t\t<div class=\"elementor-element elementor-element-4c412f animated-slow elementor-invisible elementor-widget elementor-widget-heading\" data-id=\"4c412f\" data-element_type=\"widget\" data-settings=\"{&quot;_animation&quot;:&quot;slideInUp&quot;}\" data-widget_type=\"heading.default\">\n\t\t\t\t<div class=\"elementor-widget-container\">\n\t\t\t<style>\/*! elementor - v3.21.0 - 08-05-2024 *\/\n.elementor-heading-title{padding:0;margin:0;line-height:1}.elementor-widget-heading .elementor-heading-title[class*=elementor-size-]>a{color:inherit;font-size:inherit;line-height:inherit}.elementor-widget-heading .elementor-heading-title.elementor-size-small{font-size:15px}.elementor-widget-heading .elementor-heading-title.elementor-size-medium{font-size:19px}.elementor-widget-heading .elementor-heading-title.elementor-size-large{font-size:29px}.elementor-widget-heading .elementor-heading-title.elementor-size-xl{font-size:39px}.elementor-widget-heading .elementor-heading-title.elementor-size-xxl{font-size:59px}<\/style><h5 class=\"elementor-heading-title elementor-size-default\">Psicoterapeutas Corporais<\/h5>\t\t<\/div>\n\t\t\t\t<\/div>\n\t\t\t\t<div class=\"elementor-element elementor-element-7dd8871d animated-slow elementor-invisible elementor-widget elementor-widget-heading\" data-id=\"7dd8871d\" data-element_type=\"widget\" data-settings=\"{&quot;_animation&quot;:&quot;slideInUp&quot;}\" data-widget_type=\"heading.default\">\n\t\t\t\t<div class=\"elementor-widget-container\">\n\t\t\t<h6 class=\"elementor-heading-title elementor-size-default\">Atendimentos em Psicoterapia Corporal\nPsic\u00f3logos com Forma\u00e7\u00e3o em Psicologia Corporal Reichiana. <\/h6>\t\t<\/div>\n\t\t\t\t<\/div>\n\t\t\t\t\t<\/div>\n\t\t\t\t<\/div>\n\t\t<div class=\"elementor-element elementor-element-7dcfbafa e-con-full e-flex e-con e-child\" data-id=\"7dcfbafa\" data-element_type=\"container\">\n\t\t<div class=\"elementor-element elementor-element-6c5fe5d9 e-con-full e-flex e-con e-child\" data-id=\"6c5fe5d9\" data-element_type=\"container\">\n\t\t\t\t<div class=\"elementor-element elementor-element-4d097116 elementor-widget elementor-widget-heading\" data-id=\"4d097116\" data-element_type=\"widget\" data-widget_type=\"heading.default\">\n\t\t\t\t<div class=\"elementor-widget-container\">\n\t\t\t<h6 class=\"elementor-heading-title elementor-size-default\">Ana Carolina Manechini.\n\nCRP: 06\/70698<\/h6>\t\t<\/div>\n\t\t\t\t<\/div>\n\t\t\t\t<div class=\"elementor-element elementor-element-30d5cafd elementor-position-top elementor-widget elementor-widget-image-box\" data-id=\"30d5cafd\" data-element_type=\"widget\" data-widget_type=\"image-box.default\">\n\t\t\t\t<div class=\"elementor-widget-container\">\n\t\t\t<style>\/*! elementor - v3.21.0 - 08-05-2024 *\/\n.elementor-widget-image-box .elementor-image-box-content{width:100%}@media (min-width:768px){.elementor-widget-image-box.elementor-position-left .elementor-image-box-wrapper,.elementor-widget-image-box.elementor-position-right .elementor-image-box-wrapper{display:flex}.elementor-widget-image-box.elementor-position-right .elementor-image-box-wrapper{text-align:end;flex-direction:row-reverse}.elementor-widget-image-box.elementor-position-left .elementor-image-box-wrapper{text-align:start;flex-direction:row}.elementor-widget-image-box.elementor-position-top .elementor-image-box-img{margin:auto}.elementor-widget-image-box.elementor-vertical-align-top .elementor-image-box-wrapper{align-items:flex-start}.elementor-widget-image-box.elementor-vertical-align-middle .elementor-image-box-wrapper{align-items:center}.elementor-widget-image-box.elementor-vertical-align-bottom .elementor-image-box-wrapper{align-items:flex-end}}@media (max-width:767px){.elementor-widget-image-box .elementor-image-box-img{margin-left:auto!important;margin-right:auto!important;margin-bottom:15px}}.elementor-widget-image-box .elementor-image-box-img{display:inline-block}.elementor-widget-image-box .elementor-image-box-title a{color:inherit}.elementor-widget-image-box .elementor-image-box-wrapper{text-align:center}.elementor-widget-image-box .elementor-image-box-description{margin:0}<\/style><div class=\"elementor-image-box-wrapper\"><figure class=\"elementor-image-box-img\"><img fetchpriority=\"high\" decoding=\"async\" width=\"380\" height=\"384\" src=\"https:\/\/institutoraiz.com.br\/2024\/wp-content\/uploads\/2024\/07\/Carol-site-20anos.jpg\" class=\"attachment-full size-full wp-image-2304\" alt=\"\" srcset=\"https:\/\/institutoraiz.com.br\/2024\/wp-content\/uploads\/2024\/07\/Carol-site-20anos.jpg 380w, https:\/\/institutoraiz.com.br\/2024\/wp-content\/uploads\/2024\/07\/Carol-site-20anos-297x300.jpg 297w\" sizes=\"(max-width: 380px) 100vw, 380px\" \/><\/figure><div class=\"elementor-image-box-content\"><p class=\"elementor-image-box-description\">Atendimentos em S\u00e3o Carlos, SP.\nWhatsApp:16 98213-2936 <\/p><\/div><\/div>\t\t<\/div>\n\t\t\t\t<\/div>\n\t\t\t\t<\/div>\n\t\t<div class=\"elementor-element elementor-element-17018b41 e-con-full e-flex e-con e-child\" data-id=\"17018b41\" data-element_type=\"container\">\n\t\t\t\t<div class=\"elementor-element elementor-element-486ec3be elementor-widget elementor-widget-heading\" data-id=\"486ec3be\" data-element_type=\"widget\" data-widget_type=\"heading.default\">\n\t\t\t\t<div class=\"elementor-widget-container\">\n\t\t\t<h6 class=\"elementor-heading-title elementor-size-default\">Bruno Rentes\nCRP:06\/129.208<\/h6>\t\t<\/div>\n\t\t\t\t<\/div>\n\t\t\t\t<div class=\"elementor-element elementor-element-6c54e47a elementor-position-top elementor-widget elementor-widget-image-box\" data-id=\"6c54e47a\" data-element_type=\"widget\" data-widget_type=\"image-box.default\">\n\t\t\t\t<div class=\"elementor-widget-container\">\n\t\t\t<div class=\"elementor-image-box-wrapper\"><figure class=\"elementor-image-box-img\"><img decoding=\"async\" width=\"380\" height=\"384\" src=\"https:\/\/institutoraiz.com.br\/2024\/wp-content\/uploads\/2026\/02\/Bruno.jpg\" class=\"attachment-full size-full wp-image-4764\" alt=\"\" srcset=\"https:\/\/institutoraiz.com.br\/2024\/wp-content\/uploads\/2026\/02\/Bruno.jpg 380w, https:\/\/institutoraiz.com.br\/2024\/wp-content\/uploads\/2026\/02\/Bruno-297x300.jpg 297w\" sizes=\"(max-width: 380px) 100vw, 380px\" \/><\/figure><div class=\"elementor-image-box-content\"><p class=\"elementor-image-box-description\">Atendimentos em S\u00e3o Paulo. WhatsApp: 16 99732-2221<\/p><\/div><\/div>\t\t<\/div>\n\t\t\t\t<\/div>\n\t\t\t\t<\/div>\n\t\t<div class=\"elementor-element elementor-element-6c217d4b e-con-full e-flex e-con e-child\" data-id=\"6c217d4b\" data-element_type=\"container\">\n\t\t\t\t<div class=\"elementor-element elementor-element-68cc2d5c elementor-widget elementor-widget-heading\" data-id=\"68cc2d5c\" data-element_type=\"widget\" data-widget_type=\"heading.default\">\n\t\t\t\t<div class=\"elementor-widget-container\">\n\t\t\t<h6 class=\"elementor-heading-title elementor-size-default\">Tha\u00eds Zbeidi Crescenzio Nigro.\n\nCRP: 06\/98538<\/h6>\t\t<\/div>\n\t\t\t\t<\/div>\n\t\t\t\t<div class=\"elementor-element elementor-element-1adfd6e3 elementor-position-top elementor-widget elementor-widget-image-box\" data-id=\"1adfd6e3\" data-element_type=\"widget\" data-widget_type=\"image-box.default\">\n\t\t\t\t<div class=\"elementor-widget-container\">\n\t\t\t<div class=\"elementor-image-box-wrapper\"><figure class=\"elementor-image-box-img\"><img decoding=\"async\" width=\"380\" height=\"384\" src=\"https:\/\/institutoraiz.com.br\/2024\/wp-content\/uploads\/2025\/08\/Thais_site.jpg\" class=\"attachment-full size-full wp-image-4690\" alt=\"\" srcset=\"https:\/\/institutoraiz.com.br\/2024\/wp-content\/uploads\/2025\/08\/Thais_site.jpg 380w, https:\/\/institutoraiz.com.br\/2024\/wp-content\/uploads\/2025\/08\/Thais_site-297x300.jpg 297w\" sizes=\"(max-width: 380px) 100vw, 380px\" \/><\/figure><div class=\"elementor-image-box-content\"><p class=\"elementor-image-box-description\">Atendimentos no Instituto Raiz.  WhatsApp: 16 98117-0689<\/p><\/div><\/div>\t\t<\/div>\n\t\t\t\t<\/div>\n\t\t\t\t<\/div>\n\t\t\t\t<\/div>\n\t\t\t\t\t<\/div>\n\t\t\t\t<\/div>\n\t\t<div class=\"elementor-element elementor-element-ec0f067 e-flex e-con-boxed e-con e-parent\" data-id=\"ec0f067\" data-element_type=\"container\" data-settings=\"{&quot;background_background&quot;:&quot;classic&quot;}\">\n\t\t\t\t\t<div class=\"e-con-inner\">\n\t\t<div class=\"elementor-element elementor-element-01b535c e-con-full e-flex e-con e-child\" data-id=\"01b535c\" data-element_type=\"container\">\n\t\t<div class=\"elementor-element elementor-element-2adc3b0 e-con-full e-flex e-con e-child\" data-id=\"2adc3b0\" data-element_type=\"container\">\n\t\t\t\t<div class=\"elementor-element elementor-element-f2706e9 elementor-widget elementor-widget-heading\" data-id=\"f2706e9\" data-element_type=\"widget\" data-widget_type=\"heading.default\">\n\t\t\t\t<div class=\"elementor-widget-container\">\n\t\t\t<h6 class=\"elementor-heading-title elementor-size-default\">Mirela Cristina Moraes Rozato. Crp 06\/100.568<\/h6>\t\t<\/div>\n\t\t\t\t<\/div>\n\t\t\t\t<div class=\"elementor-element elementor-element-072295b elementor-position-top elementor-widget elementor-widget-image-box\" data-id=\"072295b\" data-element_type=\"widget\" data-widget_type=\"image-box.default\">\n\t\t\t\t<div class=\"elementor-widget-container\">\n\t\t\t<div class=\"elementor-image-box-wrapper\"><figure class=\"elementor-image-box-img\"><img loading=\"lazy\" decoding=\"async\" width=\"380\" height=\"384\" src=\"https:\/\/institutoraiz.com.br\/2024\/wp-content\/uploads\/2025\/08\/Mirela-site.jpg\" class=\"attachment-full size-full wp-image-4692\" alt=\"\" srcset=\"https:\/\/institutoraiz.com.br\/2024\/wp-content\/uploads\/2025\/08\/Mirela-site.jpg 380w, https:\/\/institutoraiz.com.br\/2024\/wp-content\/uploads\/2025\/08\/Mirela-site-297x300.jpg 297w\" sizes=\"(max-width: 380px) 100vw, 380px\" \/><\/figure><div class=\"elementor-image-box-content\"><p class=\"elementor-image-box-description\">Atendimentos no Instituto Raiz. WhatsApp: 16 99711-8410<\/p><\/div><\/div>\t\t<\/div>\n\t\t\t\t<\/div>\n\t\t\t\t<\/div>\n\t\t<div class=\"elementor-element elementor-element-97cc24c e-con-full e-flex e-con e-child\" data-id=\"97cc24c\" data-element_type=\"container\">\n\t\t\t\t<div class=\"elementor-element elementor-element-db9dfe9 elementor-widget elementor-widget-heading\" data-id=\"db9dfe9\" data-element_type=\"widget\" data-widget_type=\"heading.default\">\n\t\t\t\t<div class=\"elementor-widget-container\">\n\t\t\t<h6 class=\"elementor-heading-title elementor-size-default\">Ana Paula Bigheti dos Santos Borges. 06\/82448<\/h6>\t\t<\/div>\n\t\t\t\t<\/div>\n\t\t\t\t<div class=\"elementor-element elementor-element-4015f21 elementor-position-top elementor-widget elementor-widget-image-box\" data-id=\"4015f21\" data-element_type=\"widget\" data-widget_type=\"image-box.default\">\n\t\t\t\t<div class=\"elementor-widget-container\">\n\t\t\t<div class=\"elementor-image-box-wrapper\"><figure class=\"elementor-image-box-img\"><img loading=\"lazy\" decoding=\"async\" width=\"380\" height=\"384\" src=\"https:\/\/institutoraiz.com.br\/2024\/wp-content\/uploads\/2025\/08\/Ana-Paula-site.jpg\" class=\"attachment-full size-full wp-image-4693\" alt=\"\" srcset=\"https:\/\/institutoraiz.com.br\/2024\/wp-content\/uploads\/2025\/08\/Ana-Paula-site.jpg 380w, https:\/\/institutoraiz.com.br\/2024\/wp-content\/uploads\/2025\/08\/Ana-Paula-site-297x300.jpg 297w\" sizes=\"(max-width: 380px) 100vw, 380px\" \/><\/figure><div class=\"elementor-image-box-content\"><p class=\"elementor-image-box-description\">Atendimentos no Instituto Raiz. WhatsApp: 16 99791-6321<\/p><\/div><\/div>\t\t<\/div>\n\t\t\t\t<\/div>\n\t\t\t\t<\/div>\n\t\t\t\t<\/div>\n\t\t\t\t\t<\/div>\n\t\t\t\t<\/div>\n\t\t\t\t<\/div>\n\t\t","protected":false},"excerpt":{"rendered":"<p>Psicoterapeutas Corporais Atendimentos em Psicoterapia Corporal Psic\u00f3logos com Forma\u00e7\u00e3o em Psicologia Corporal Reichiana. Ana Carolina Manechini. CRP: 06\/70698 Atendimentos em S\u00e3o Carlos, SP. WhatsApp:16 98213-2936 Bruno Rentes CRP:06\/129.208 Atendimentos em S\u00e3o Paulo. WhatsApp: 16 99732-2221 Tha\u00eds Zbeidi Crescenzio Nigro. CRP: 06\/98538 Atendimentos no Instituto Raiz. WhatsApp: 16 98117-0689 Mirela Cristina Moraes Rozato. Crp 06\/100.568 Atendimentos<\/p>\n","protected":false},"author":2,"featured_media":0,"parent":0,"menu_order":0,"comment_status":"closed","ping_status":"closed","template":"","meta":{"inline_featured_image":false,"footnotes":""},"class_list":["post-3499","page","type-page","status-publish","hentry"],"_links":{"self":[{"href":"https:\/\/institutoraiz.com.br\/2024\/wp-json\/wp\/v2\/pages\/3499","targetHints":{"allow":["GET"]}}],"collection":[{"href":"https:\/\/institutoraiz.com.br\/2024\/wp-json\/wp\/v2\/pages"}],"about":[{"href":"https:\/\/institutoraiz.com.br\/2024\/wp-json\/wp\/v2\/types\/page"}],"author":[{"embeddable":true,"href":"https:\/\/institutoraiz.com.br\/2024\/wp-json\/wp\/v2\/users\/2"}],"replies":[{"embeddable":true,"href":"https:\/\/institutoraiz.com.br\/2024\/wp-json\/wp\/v2\/comments?post=3499"}],"version-history":[{"count":73,"href":"https:\/\/institutoraiz.com.br\/2024\/wp-json\/wp\/v2\/pages\/3499\/revisions"}],"predecessor-version":[{"id":4797,"href":"https:\/\/institutoraiz.com.br\/2024\/wp-json\/wp\/v2\/pages\/3499\/revisions\/4797"}],"wp:attachment":[{"href":"https:\/\/institutoraiz.com.br\/2024\/wp-json\/wp\/v2\/media?parent=3499"}],"curies":[{"name":"wp","href":"https:\/\/api.w.org\/{rel}","templated":true}]}}