{"id":3461,"date":"2025-03-26T11:26:00","date_gmt":"2025-03-26T14:26:00","guid":{"rendered":"https:\/\/institutoraiz.com.br\/2024\/?page_id=3461"},"modified":"2026-02-03T18:03:35","modified_gmt":"2026-02-03T21:03:35","slug":"analistas-reichianos","status":"publish","type":"page","link":"https:\/\/institutoraiz.com.br\/2024\/analistas-reichianos\/","title":{"rendered":"Analistas Reichianos"},"content":{"rendered":"\t\t<div data-elementor-type=\"wp-page\" data-elementor-id=\"3461\" class=\"elementor elementor-3461\">\n\t\t\t\t<div class=\"elementor-element elementor-element-1f623f5e e-flex e-con-boxed e-con e-parent\" data-id=\"1f623f5e\" data-element_type=\"container\" data-settings=\"{&quot;background_background&quot;:&quot;classic&quot;}\">\n\t\t\t\t\t<div class=\"e-con-inner\">\n\t\t<div class=\"elementor-element elementor-element-5e081bd3 e-flex e-con-boxed e-con e-child\" data-id=\"5e081bd3\" data-element_type=\"container\">\n\t\t\t\t\t<div class=\"e-con-inner\">\n\t\t\t\t<div class=\"elementor-element elementor-element-c9f3c9e animated-slow elementor-invisible elementor-widget elementor-widget-heading\" data-id=\"c9f3c9e\" data-element_type=\"widget\" data-settings=\"{&quot;_animation&quot;:&quot;slideInUp&quot;}\" data-widget_type=\"heading.default\">\n\t\t\t\t<div class=\"elementor-widget-container\">\n\t\t\t<style>\/*! elementor - v3.21.0 - 08-05-2024 *\/\n.elementor-heading-title{padding:0;margin:0;line-height:1}.elementor-widget-heading .elementor-heading-title[class*=elementor-size-]>a{color:inherit;font-size:inherit;line-height:inherit}.elementor-widget-heading .elementor-heading-title.elementor-size-small{font-size:15px}.elementor-widget-heading .elementor-heading-title.elementor-size-medium{font-size:19px}.elementor-widget-heading .elementor-heading-title.elementor-size-large{font-size:29px}.elementor-widget-heading .elementor-heading-title.elementor-size-xl{font-size:39px}.elementor-widget-heading .elementor-heading-title.elementor-size-xxl{font-size:59px}<\/style><h5 class=\"elementor-heading-title elementor-size-default\">Analistas Reichianos<\/h5>\t\t<\/div>\n\t\t\t\t<\/div>\n\t\t\t\t<div class=\"elementor-element elementor-element-54d2484a animated-slow elementor-invisible elementor-widget elementor-widget-heading\" data-id=\"54d2484a\" data-element_type=\"widget\" data-settings=\"{&quot;_animation&quot;:&quot;slideInUp&quot;}\" data-widget_type=\"heading.default\">\n\t\t\t\t<div class=\"elementor-widget-container\">\n\t\t\t<h6 class=\"elementor-heading-title elementor-size-default\">Terapia Focada na rela\u00e7\u00e3o entre o corpo e a mente. Base te\u00f3rica e pr\u00e1tica: Psican\u00e1lise Reichiana, Bioenerg\u00e9tica, Bioss\u00edntese e Biodin\u00e2mica.\n \n<\/h6>\t\t<\/div>\n\t\t\t\t<\/div>\n\t\t\t\t\t<\/div>\n\t\t\t\t<\/div>\n\t\t<div class=\"elementor-element elementor-element-a6b63a3 e-con-full e-flex e-con e-child\" data-id=\"a6b63a3\" data-element_type=\"container\">\n\t\t<div class=\"elementor-element elementor-element-65acd336 e-con-full e-flex e-con e-child\" data-id=\"65acd336\" data-element_type=\"container\">\n\t\t\t\t<div class=\"elementor-element elementor-element-6ffd6c58 elementor-widget elementor-widget-heading\" data-id=\"6ffd6c58\" data-element_type=\"widget\" data-widget_type=\"heading.default\">\n\t\t\t\t<div class=\"elementor-widget-container\">\n\t\t\t<h6 class=\"elementor-heading-title elementor-size-default\">Eliana Cristina Gasoto Munari Trevisani (Eli)<\/h6>\t\t<\/div>\n\t\t\t\t<\/div>\n\t\t\t\t<div class=\"elementor-element elementor-element-4634b664 elementor-position-top elementor-widget elementor-widget-image-box\" data-id=\"4634b664\" data-element_type=\"widget\" data-widget_type=\"image-box.default\">\n\t\t\t\t<div class=\"elementor-widget-container\">\n\t\t\t<style>\/*! elementor - v3.21.0 - 08-05-2024 *\/\n.elementor-widget-image-box .elementor-image-box-content{width:100%}@media (min-width:768px){.elementor-widget-image-box.elementor-position-left .elementor-image-box-wrapper,.elementor-widget-image-box.elementor-position-right .elementor-image-box-wrapper{display:flex}.elementor-widget-image-box.elementor-position-right .elementor-image-box-wrapper{text-align:end;flex-direction:row-reverse}.elementor-widget-image-box.elementor-position-left .elementor-image-box-wrapper{text-align:start;flex-direction:row}.elementor-widget-image-box.elementor-position-top .elementor-image-box-img{margin:auto}.elementor-widget-image-box.elementor-vertical-align-top .elementor-image-box-wrapper{align-items:flex-start}.elementor-widget-image-box.elementor-vertical-align-middle .elementor-image-box-wrapper{align-items:center}.elementor-widget-image-box.elementor-vertical-align-bottom .elementor-image-box-wrapper{align-items:flex-end}}@media (max-width:767px){.elementor-widget-image-box .elementor-image-box-img{margin-left:auto!important;margin-right:auto!important;margin-bottom:15px}}.elementor-widget-image-box .elementor-image-box-img{display:inline-block}.elementor-widget-image-box .elementor-image-box-title a{color:inherit}.elementor-widget-image-box .elementor-image-box-wrapper{text-align:center}.elementor-widget-image-box .elementor-image-box-description{margin:0}<\/style><div class=\"elementor-image-box-wrapper\"><figure class=\"elementor-image-box-img\"><img fetchpriority=\"high\" decoding=\"async\" width=\"380\" height=\"384\" src=\"https:\/\/institutoraiz.com.br\/2024\/wp-content\/uploads\/2024\/07\/Eli-site-20anos.jpg\" class=\"attachment-full size-full wp-image-2297\" alt=\"\" srcset=\"https:\/\/institutoraiz.com.br\/2024\/wp-content\/uploads\/2024\/07\/Eli-site-20anos.jpg 380w, https:\/\/institutoraiz.com.br\/2024\/wp-content\/uploads\/2024\/07\/Eli-site-20anos-297x300.jpg 297w\" sizes=\"(max-width: 380px) 100vw, 380px\" \/><\/figure><div class=\"elementor-image-box-content\"><p class=\"elementor-image-box-description\">Atendimentos no Instituto Raiz e em Jaboticabal. \nWhatsApp: 16 98129-0555<\/p><\/div><\/div>\t\t<\/div>\n\t\t\t\t<\/div>\n\t\t\t\t<\/div>\n\t\t<div class=\"elementor-element elementor-element-6990b50e e-con-full e-flex e-con e-child\" data-id=\"6990b50e\" data-element_type=\"container\">\n\t\t\t\t<div class=\"elementor-element elementor-element-6c871ed7 elementor-widget elementor-widget-heading\" data-id=\"6c871ed7\" data-element_type=\"widget\" data-widget_type=\"heading.default\">\n\t\t\t\t<div class=\"elementor-widget-container\">\n\t\t\t<h6 class=\"elementor-heading-title elementor-size-default\">Carlos Eduardo Rossi Catalani (Cadu)<\/h6>\t\t<\/div>\n\t\t\t\t<\/div>\n\t\t\t\t<div class=\"elementor-element elementor-element-42fd847a elementor-position-top elementor-widget elementor-widget-image-box\" data-id=\"42fd847a\" data-element_type=\"widget\" data-widget_type=\"image-box.default\">\n\t\t\t\t<div class=\"elementor-widget-container\">\n\t\t\t<div class=\"elementor-image-box-wrapper\"><figure class=\"elementor-image-box-img\"><img decoding=\"async\" width=\"380\" height=\"384\" src=\"https:\/\/institutoraiz.com.br\/2024\/wp-content\/uploads\/2024\/07\/Cadu-site-20anos.jpg\" class=\"attachment-full size-full wp-image-2301\" alt=\"\" srcset=\"https:\/\/institutoraiz.com.br\/2024\/wp-content\/uploads\/2024\/07\/Cadu-site-20anos.jpg 380w, https:\/\/institutoraiz.com.br\/2024\/wp-content\/uploads\/2024\/07\/Cadu-site-20anos-297x300.jpg 297w\" sizes=\"(max-width: 380px) 100vw, 380px\" \/><\/figure><div class=\"elementor-image-box-content\"><p class=\"elementor-image-box-description\">Atendimentos no Instituto Raiz. \nWhatsApp: 18 99743-7068<\/p><\/div><\/div>\t\t<\/div>\n\t\t\t\t<\/div>\n\t\t\t\t<\/div>\n\t\t<div class=\"elementor-element elementor-element-766d8d5 e-con-full e-flex e-con e-child\" data-id=\"766d8d5\" data-element_type=\"container\">\n\t\t\t\t<div class=\"elementor-element elementor-element-a981cca elementor-widget elementor-widget-heading\" data-id=\"a981cca\" data-element_type=\"widget\" data-widget_type=\"heading.default\">\n\t\t\t\t<div class=\"elementor-widget-container\">\n\t\t\t<h6 class=\"elementor-heading-title elementor-size-default\">Maria Del Carmem Molina Magnani (Dju)<\/h6>\t\t<\/div>\n\t\t\t\t<\/div>\n\t\t\t\t<div class=\"elementor-element elementor-element-37267417 elementor-position-top elementor-widget elementor-widget-image-box\" data-id=\"37267417\" data-element_type=\"widget\" data-widget_type=\"image-box.default\">\n\t\t\t\t<div class=\"elementor-widget-container\">\n\t\t\t<div class=\"elementor-image-box-wrapper\"><figure class=\"elementor-image-box-img\"><img decoding=\"async\" width=\"380\" height=\"384\" src=\"https:\/\/institutoraiz.com.br\/2024\/wp-content\/uploads\/2024\/07\/Dju-site-20anos.jpg\" class=\"attachment-full size-full wp-image-2305\" alt=\"\" srcset=\"https:\/\/institutoraiz.com.br\/2024\/wp-content\/uploads\/2024\/07\/Dju-site-20anos.jpg 380w, https:\/\/institutoraiz.com.br\/2024\/wp-content\/uploads\/2024\/07\/Dju-site-20anos-297x300.jpg 297w\" sizes=\"(max-width: 380px) 100vw, 380px\" \/><\/figure><div class=\"elementor-image-box-content\"><p class=\"elementor-image-box-description\">Atendimentos no Instituto Raiz. \nWhatsApp: 16 99368-2603<\/p><\/div><\/div>\t\t<\/div>\n\t\t\t\t<\/div>\n\t\t\t\t<\/div>\n\t\t\t\t<\/div>\n\t\t\t\t\t<\/div>\n\t\t\t\t<\/div>\n\t\t<div class=\"elementor-element elementor-element-5429db60 e-flex e-con-boxed e-con e-parent\" data-id=\"5429db60\" data-element_type=\"container\" data-settings=\"{&quot;background_background&quot;:&quot;classic&quot;}\">\n\t\t\t\t\t<div class=\"e-con-inner\">\n\t\t<div class=\"elementor-element elementor-element-992efa3 e-con-full e-flex e-con e-child\" data-id=\"992efa3\" data-element_type=\"container\">\n\t\t<div class=\"elementor-element elementor-element-3f09879e e-con-full e-flex e-con e-child\" data-id=\"3f09879e\" data-element_type=\"container\">\n\t\t\t\t<div class=\"elementor-element elementor-element-79384138 elementor-widget elementor-widget-heading\" data-id=\"79384138\" data-element_type=\"widget\" data-widget_type=\"heading.default\">\n\t\t\t\t<div class=\"elementor-widget-container\">\n\t\t\t<h6 class=\"elementor-heading-title elementor-size-default\">Fabiana A. R. de Almeida C. Guimar\u00e3es (Fabi)<\/h6>\t\t<\/div>\n\t\t\t\t<\/div>\n\t\t\t\t<div class=\"elementor-element elementor-element-72756a4b elementor-position-top elementor-widget elementor-widget-image-box\" data-id=\"72756a4b\" data-element_type=\"widget\" data-widget_type=\"image-box.default\">\n\t\t\t\t<div class=\"elementor-widget-container\">\n\t\t\t<div class=\"elementor-image-box-wrapper\"><figure class=\"elementor-image-box-img\"><img loading=\"lazy\" decoding=\"async\" width=\"380\" height=\"384\" src=\"https:\/\/institutoraiz.com.br\/2024\/wp-content\/uploads\/2024\/07\/Fabia-site-20anos.jpg\" class=\"attachment-full size-full wp-image-2313\" alt=\"\" srcset=\"https:\/\/institutoraiz.com.br\/2024\/wp-content\/uploads\/2024\/07\/Fabia-site-20anos.jpg 380w, https:\/\/institutoraiz.com.br\/2024\/wp-content\/uploads\/2024\/07\/Fabia-site-20anos-297x300.jpg 297w\" sizes=\"(max-width: 380px) 100vw, 380px\" \/><\/figure><div class=\"elementor-image-box-content\"><p class=\"elementor-image-box-description\">Atendimentos em S\u00e2o Paulo. WhastApp: 16 99781-5997<\/p><\/div><\/div>\t\t<\/div>\n\t\t\t\t<\/div>\n\t\t\t\t<\/div>\n\t\t<div class=\"elementor-element elementor-element-302fb13c e-con-full e-flex e-con e-child\" data-id=\"302fb13c\" data-element_type=\"container\">\n\t\t\t\t<div class=\"elementor-element elementor-element-4d87f7b7 elementor-widget elementor-widget-heading\" data-id=\"4d87f7b7\" data-element_type=\"widget\" data-widget_type=\"heading.default\">\n\t\t\t\t<div class=\"elementor-widget-container\">\n\t\t\t<h6 class=\"elementor-heading-title elementor-size-default\">Lucas Abi Rached Tannuri<\/h6>\t\t<\/div>\n\t\t\t\t<\/div>\n\t\t\t\t<div class=\"elementor-element elementor-element-198d31d elementor-position-top elementor-widget elementor-widget-image-box\" data-id=\"198d31d\" data-element_type=\"widget\" data-widget_type=\"image-box.default\">\n\t\t\t\t<div class=\"elementor-widget-container\">\n\t\t\t<div class=\"elementor-image-box-wrapper\"><figure class=\"elementor-image-box-img\"><img loading=\"lazy\" decoding=\"async\" width=\"380\" height=\"384\" src=\"https:\/\/institutoraiz.com.br\/2024\/wp-content\/uploads\/2025\/08\/Lucas-site-1.jpg\" class=\"attachment-full size-full wp-image-4668\" alt=\"\" srcset=\"https:\/\/institutoraiz.com.br\/2024\/wp-content\/uploads\/2025\/08\/Lucas-site-1.jpg 380w, https:\/\/institutoraiz.com.br\/2024\/wp-content\/uploads\/2025\/08\/Lucas-site-1-297x300.jpg 297w\" sizes=\"(max-width: 380px) 100vw, 380px\" \/><\/figure><div class=\"elementor-image-box-content\"><p class=\"elementor-image-box-description\">Atendimentos no Instituto Raiz. WhatsApp:  16 99147-6262<\/p><\/div><\/div>\t\t<\/div>\n\t\t\t\t<\/div>\n\t\t\t\t<\/div>\n\t\t<div class=\"elementor-element elementor-element-259b494 e-con-full e-flex e-con e-child\" data-id=\"259b494\" data-element_type=\"container\">\n\t\t\t\t<\/div>\n\t\t\t\t<\/div>\n\t\t\t\t\t<\/div>\n\t\t\t\t<\/div>\n\t\t\t\t<\/div>\n\t\t","protected":false},"excerpt":{"rendered":"<p>Analistas Reichianos Terapia Focada na rela\u00e7\u00e3o entre o corpo e a mente. Base te\u00f3rica e pr\u00e1tica: Psican\u00e1lise Reichiana, Bioenerg\u00e9tica, Bioss\u00edntese e Biodin\u00e2mica. Eliana Cristina Gasoto Munari Trevisani (Eli) Atendimentos no Instituto Raiz e em Jaboticabal. WhatsApp: 16 98129-0555 Carlos Eduardo Rossi Catalani (Cadu) Atendimentos no Instituto Raiz. WhatsApp: 18 99743-7068 Maria Del Carmem Molina Magnani<\/p>\n","protected":false},"author":2,"featured_media":0,"parent":0,"menu_order":0,"comment_status":"closed","ping_status":"closed","template":"","meta":{"inline_featured_image":false,"footnotes":""},"class_list":["post-3461","page","type-page","status-publish","hentry"],"_links":{"self":[{"href":"https:\/\/institutoraiz.com.br\/2024\/wp-json\/wp\/v2\/pages\/3461","targetHints":{"allow":["GET"]}}],"collection":[{"href":"https:\/\/institutoraiz.com.br\/2024\/wp-json\/wp\/v2\/pages"}],"about":[{"href":"https:\/\/institutoraiz.com.br\/2024\/wp-json\/wp\/v2\/types\/page"}],"author":[{"embeddable":true,"href":"https:\/\/institutoraiz.com.br\/2024\/wp-json\/wp\/v2\/users\/2"}],"replies":[{"embeddable":true,"href":"https:\/\/institutoraiz.com.br\/2024\/wp-json\/wp\/v2\/comments?post=3461"}],"version-history":[{"count":67,"href":"https:\/\/institutoraiz.com.br\/2024\/wp-json\/wp\/v2\/pages\/3461\/revisions"}],"predecessor-version":[{"id":4761,"href":"https:\/\/institutoraiz.com.br\/2024\/wp-json\/wp\/v2\/pages\/3461\/revisions\/4761"}],"wp:attachment":[{"href":"https:\/\/institutoraiz.com.br\/2024\/wp-json\/wp\/v2\/media?parent=3461"}],"curies":[{"name":"wp","href":"https:\/\/api.w.org\/{rel}","templated":true}]}}