{"id":3149,"date":"2024-12-04T17:02:43","date_gmt":"2024-12-04T20:02:43","guid":{"rendered":"https:\/\/institutoraiz.com.br\/2024\/?page_id=3149"},"modified":"2025-04-12T11:54:10","modified_gmt":"2025-04-12T14:54:10","slug":"cronograma-2025","status":"publish","type":"page","link":"https:\/\/institutoraiz.com.br\/2024\/cronograma-2025\/","title":{"rendered":"Cronograma 2025"},"content":{"rendered":"\t\t<div data-elementor-type=\"wp-page\" data-elementor-id=\"3149\" class=\"elementor elementor-3149\">\n\t\t\t\t<div class=\"elementor-element elementor-element-27a426d e-flex e-con-boxed e-con e-parent\" data-id=\"27a426d\" data-element_type=\"container\">\n\t\t\t\t\t<div class=\"e-con-inner\">\n\t\t\t\t<div class=\"elementor-element elementor-element-7589af7 elementor-widget elementor-widget-heading\" data-id=\"7589af7\" data-element_type=\"widget\" data-widget_type=\"heading.default\">\n\t\t\t\t<div class=\"elementor-widget-container\">\n\t\t\t<style>\/*! elementor - v3.21.0 - 08-05-2024 *\/\n.elementor-heading-title{padding:0;margin:0;line-height:1}.elementor-widget-heading .elementor-heading-title[class*=elementor-size-]>a{color:inherit;font-size:inherit;line-height:inherit}.elementor-widget-heading .elementor-heading-title.elementor-size-small{font-size:15px}.elementor-widget-heading .elementor-heading-title.elementor-size-medium{font-size:19px}.elementor-widget-heading .elementor-heading-title.elementor-size-large{font-size:29px}.elementor-widget-heading .elementor-heading-title.elementor-size-xl{font-size:39px}.elementor-widget-heading .elementor-heading-title.elementor-size-xxl{font-size:59px}<\/style><h2 class=\"elementor-heading-title elementor-size-default\">Cronograma de Aulas 2025<\/h2>\t\t<\/div>\n\t\t\t\t<\/div>\n\t\t\t\t\t<\/div>\n\t\t\t\t<\/div>\n\t\t<div class=\"elementor-element elementor-element-f627b79 e-grid e-con-boxed e-con e-parent\" data-id=\"f627b79\" data-element_type=\"container\">\n\t\t\t\t\t<div class=\"e-con-inner\">\n\t\t\t\t<div class=\"elementor-element elementor-element-ea1b806 elementor-widget elementor-widget-text-editor\" data-id=\"ea1b806\" data-element_type=\"widget\" data-widget_type=\"text-editor.default\">\n\t\t\t\t<div class=\"elementor-widget-container\">\n\t\t\t<style>\/*! elementor - v3.21.0 - 08-05-2024 *\/\n.elementor-widget-text-editor.elementor-drop-cap-view-stacked .elementor-drop-cap{background-color:#69727d;color:#fff}.elementor-widget-text-editor.elementor-drop-cap-view-framed .elementor-drop-cap{color:#69727d;border:3px solid;background-color:transparent}.elementor-widget-text-editor:not(.elementor-drop-cap-view-default) .elementor-drop-cap{margin-top:8px}.elementor-widget-text-editor:not(.elementor-drop-cap-view-default) .elementor-drop-cap-letter{width:1em;height:1em}.elementor-widget-text-editor .elementor-drop-cap{float:left;text-align:center;line-height:1;font-size:50px}.elementor-widget-text-editor .elementor-drop-cap-letter{display:inline-block}<\/style>\t\t\t\t<h4><span style=\"text-decoration: underline;\">FEVEREIRO\u00a0<\/span><\/h4><h4>22\/23<\/h4><h4>*Apenas para Segundo e Terceiro Anos da Forma\u00e7\u00e3o<\/h4>\t\t\t\t\t\t<\/div>\n\t\t\t\t<\/div>\n\t\t\t\t<div class=\"elementor-element elementor-element-4203ba4 elementor-widget elementor-widget-text-editor\" data-id=\"4203ba4\" data-element_type=\"widget\" data-widget_type=\"text-editor.default\">\n\t\t\t\t<div class=\"elementor-widget-container\">\n\t\t\t\t\t\t\t<h4><span style=\"text-decoration: underline;\">MAR\u00c7O<\/span><\/h4><h4>22\/23<\/h4><h4>*In\u00edcio do Primeiro Ano<\/h4>\t\t\t\t\t\t<\/div>\n\t\t\t\t<\/div>\n\t\t\t\t\t<\/div>\n\t\t\t\t<\/div>\n\t\t<div class=\"elementor-element elementor-element-b2daf68 e-grid e-con-boxed e-con e-parent\" data-id=\"b2daf68\" data-element_type=\"container\">\n\t\t\t\t\t<div class=\"e-con-inner\">\n\t\t\t\t<div class=\"elementor-element elementor-element-d7d6524 elementor-widget elementor-widget-text-editor\" data-id=\"d7d6524\" data-element_type=\"widget\" data-widget_type=\"text-editor.default\">\n\t\t\t\t<div class=\"elementor-widget-container\">\n\t\t\t\t\t\t\t<h4><span style=\"text-decoration: underline;\">ABRIL<\/span><\/h4><h4>26\/27<\/h4>\t\t\t\t\t\t<\/div>\n\t\t\t\t<\/div>\n\t\t\t\t<div class=\"elementor-element elementor-element-d05ff82 elementor-widget elementor-widget-text-editor\" data-id=\"d05ff82\" data-element_type=\"widget\" data-widget_type=\"text-editor.default\">\n\t\t\t\t<div class=\"elementor-widget-container\">\n\t\t\t\t\t\t\t<h4><span style=\"text-decoration: underline;\">MAIO<\/span><\/h4><h4>17\/18<\/h4>\t\t\t\t\t\t<\/div>\n\t\t\t\t<\/div>\n\t\t\t\t\t<\/div>\n\t\t\t\t<\/div>\n\t\t<div class=\"elementor-element elementor-element-7907a14 e-grid e-con-boxed e-con e-parent\" data-id=\"7907a14\" data-element_type=\"container\">\n\t\t\t\t\t<div class=\"e-con-inner\">\n\t\t\t\t<div class=\"elementor-element elementor-element-fd5d094 elementor-widget elementor-widget-text-editor\" data-id=\"fd5d094\" data-element_type=\"widget\" data-widget_type=\"text-editor.default\">\n\t\t\t\t<div class=\"elementor-widget-container\">\n\t\t\t\t\t\t\t<h4><span style=\"text-decoration: underline;\">JUNHO<\/span><\/h4><h4>28\/29<\/h4>\t\t\t\t\t\t<\/div>\n\t\t\t\t<\/div>\n\t\t\t\t<div class=\"elementor-element elementor-element-12aff87 elementor-widget elementor-widget-text-editor\" data-id=\"12aff87\" data-element_type=\"widget\" data-widget_type=\"text-editor.default\">\n\t\t\t\t<div class=\"elementor-widget-container\">\n\t\t\t\t\t\t\t<h4><span style=\"text-decoration: underline;\">AGOSTO<\/span><\/h4><h4>KAIR\u00d3S<\/h4><h4>01\/02\/03<\/h4>\t\t\t\t\t\t<\/div>\n\t\t\t\t<\/div>\n\t\t\t\t\t<\/div>\n\t\t\t\t<\/div>\n\t\t<div class=\"elementor-element elementor-element-d7e35bd e-grid e-con-boxed e-con e-parent\" data-id=\"d7e35bd\" data-element_type=\"container\">\n\t\t\t\t\t<div class=\"e-con-inner\">\n\t\t\t\t\t<\/div>\n\t\t\t\t<\/div>\n\t\t<div class=\"elementor-element elementor-element-951f675 e-grid e-con-boxed e-con e-parent\" data-id=\"951f675\" data-element_type=\"container\">\n\t\t\t\t\t<div class=\"e-con-inner\">\n\t\t\t\t<div class=\"elementor-element elementor-element-ced0687 elementor-widget elementor-widget-text-editor\" data-id=\"ced0687\" data-element_type=\"widget\" data-widget_type=\"text-editor.default\">\n\t\t\t\t<div class=\"elementor-widget-container\">\n\t\t\t\t\t\t\t<h4><span style=\"text-decoration: underline;\">AGOSTO<\/span><\/h4><h4>30\/31<\/h4>\t\t\t\t\t\t<\/div>\n\t\t\t\t<\/div>\n\t\t\t\t<div class=\"elementor-element elementor-element-d0a6b09 elementor-widget elementor-widget-text-editor\" data-id=\"d0a6b09\" data-element_type=\"widget\" data-widget_type=\"text-editor.default\">\n\t\t\t\t<div class=\"elementor-widget-container\">\n\t\t\t\t\t\t\t<h4><span style=\"text-decoration: underline;\">SETEMBRO<\/span><\/h4><h4>20\/21<\/h4>\t\t\t\t\t\t<\/div>\n\t\t\t\t<\/div>\n\t\t\t\t\t<\/div>\n\t\t\t\t<\/div>\n\t\t<div class=\"elementor-element elementor-element-968a541 e-grid e-con-boxed e-con e-parent\" data-id=\"968a541\" data-element_type=\"container\">\n\t\t\t\t\t<div class=\"e-con-inner\">\n\t\t\t\t\t<\/div>\n\t\t\t\t<\/div>\n\t\t<div class=\"elementor-element elementor-element-1021631 e-grid e-con-boxed e-con e-parent\" data-id=\"1021631\" data-element_type=\"container\">\n\t\t\t\t\t<div class=\"e-con-inner\">\n\t\t\t\t<div class=\"elementor-element elementor-element-f9f1120 elementor-widget elementor-widget-text-editor\" data-id=\"f9f1120\" data-element_type=\"widget\" data-widget_type=\"text-editor.default\">\n\t\t\t\t<div class=\"elementor-widget-container\">\n\t\t\t\t\t\t\t<h4><span style=\"text-decoration: underline;\">OUTUBRO<\/span><\/h4><h4>25\/26<\/h4>\t\t\t\t\t\t<\/div>\n\t\t\t\t<\/div>\n\t\t\t\t<div class=\"elementor-element elementor-element-7fc7af1 elementor-widget elementor-widget-text-editor\" data-id=\"7fc7af1\" data-element_type=\"widget\" data-widget_type=\"text-editor.default\">\n\t\t\t\t<div class=\"elementor-widget-container\">\n\t\t\t\t\t\t\t<h4><span style=\"text-decoration: underline;\">NOVEMBRO<\/span><\/h4><h4>KAIR\u00d3S<\/h4><h4>28\/29\/30<\/h4>\t\t\t\t\t\t<\/div>\n\t\t\t\t<\/div>\n\t\t\t\t\t<\/div>\n\t\t\t\t<\/div>\n\t\t<div class=\"elementor-element elementor-element-5f7dda0 e-grid e-con-boxed e-con e-parent\" data-id=\"5f7dda0\" data-element_type=\"container\">\n\t\t\t\t\t<div class=\"e-con-inner\">\n\t\t\t\t<div class=\"elementor-element elementor-element-dae0d35 elementor-widget elementor-widget-text-editor\" data-id=\"dae0d35\" data-element_type=\"widget\" data-widget_type=\"text-editor.default\">\n\t\t\t\t<div class=\"elementor-widget-container\">\n\t\t\t\t\t\t\t<h4><span style=\"text-decoration: underline;\">DEZEMBRO<\/span><\/h4><h4>06\/07<\/h4>\t\t\t\t\t\t<\/div>\n\t\t\t\t<\/div>\n\t\t\t\t\t<\/div>\n\t\t\t\t<\/div>\n\t\t<div class=\"elementor-element elementor-element-0f6cb31 e-grid e-con-boxed e-con e-parent\" data-id=\"0f6cb31\" data-element_type=\"container\">\n\t\t\t\t\t<div class=\"e-con-inner\">\n\t\t\t\t\t<\/div>\n\t\t\t\t<\/div>\n\t\t<div class=\"elementor-element elementor-element-28988a1 e-flex e-con-boxed e-con e-parent\" data-id=\"28988a1\" data-element_type=\"container\">\n\t\t\t\t\t<div class=\"e-con-inner\">\n\t\t\t\t<div class=\"elementor-element elementor-element-de50b1a elementor-widget elementor-widget-heading\" data-id=\"de50b1a\" data-element_type=\"widget\" data-widget_type=\"heading.default\">\n\t\t\t\t<div class=\"elementor-widget-container\">\n\t\t\t<h2 class=\"elementor-heading-title elementor-size-default\">Hor\u00e1rios<\/h2>\t\t<\/div>\n\t\t\t\t<\/div>\n\t\t\t\t\t<\/div>\n\t\t\t\t<\/div>\n\t\t<div class=\"elementor-element elementor-element-0bba5a8 e-flex e-con-boxed e-con e-parent\" data-id=\"0bba5a8\" data-element_type=\"container\">\n\t\t\t\t\t<div class=\"e-con-inner\">\n\t\t\t\t<div class=\"elementor-element elementor-element-0390fc6 elementor-widget elementor-widget-text-editor\" data-id=\"0390fc6\" data-element_type=\"widget\" data-widget_type=\"text-editor.default\">\n\t\t\t\t<div class=\"elementor-widget-container\">\n\t\t\t\t\t\t\t<h4>S\u00c1BADO:<\/h4><p>As Aulas t\u00eam in\u00edcio no S\u00c1BADO com o Grupo de Movimento das 13h30 \u00e0s 15h30. Intervalo das 15h30 \u00e0s 16h. Aula das 16h \u00e0s 20h.\u00a0<\/p><h4>ATEN\u00c7\u00c3O:<\/h4><p>Para os alunos do Terceiro ano da Forma\u00e7\u00e3o, as aulas t\u00eam in\u00edcio \u00e0s 8h (monografia + atendimento supervisionado) at\u00e9 \u00e0s 12h.\u00a0<\/p><h4>DOMINGO:<\/h4><p>Aula das 10h \u00e0s 13h.\u00a0<\/p>\t\t\t\t\t\t<\/div>\n\t\t\t\t<\/div>\n\t\t\t\t\t<\/div>\n\t\t\t\t<\/div>\n\t\t<div class=\"elementor-element elementor-element-79LY7l8 e-flex e-con-boxed e-con e-parent\" data-id=\"79LY7l8\" data-element_type=\"container\">\n\t\t\t\t\t<div class=\"e-con-inner\">\n\t\t<div class=\"elementor-element elementor-element-0OpL1v9 e-con-full e-flex e-con e-child\" data-id=\"0OpL1v9\" data-element_type=\"container\">\n\t\t<div class=\"elementor-element elementor-element-2PYFq94 e-con-full e-flex e-con e-child\" data-id=\"2PYFq94\" data-element_type=\"container\">\n\t\t\t\t<div class=\"elementor-element elementor-element-z9UTtIl elementor-widget elementor-widget-heading\" data-id=\"z9UTtIl\" data-element_type=\"widget\" data-widget_type=\"heading.default\">\n\t\t\t\t<div class=\"elementor-widget-container\">\n\t\t\t<h5 class=\"elementor-heading-title elementor-size-default\">Dicas para Acompanhar<\/h5>\t\t<\/div>\n\t\t\t\t<\/div>\n\t\t\t\t<div class=\"elementor-element elementor-element-p2f7Y3v elementor-widget elementor-widget-heading\" data-id=\"p2f7Y3v\" data-element_type=\"widget\" data-widget_type=\"heading.default\">\n\t\t\t\t<div class=\"elementor-widget-container\">\n\t\t\t<h2 class=\"elementor-heading-title elementor-size-default\">Cronograma 2025<\/h2>\t\t<\/div>\n\t\t\t\t<\/div>\n\t\t\t\t<div class=\"elementor-element elementor-element-chjchQ5 elementor-widget elementor-widget-heading\" data-id=\"chjchQ5\" data-element_type=\"widget\" data-widget_type=\"heading.default\">\n\t\t\t\t<div class=\"elementor-widget-container\">\n\t\t\t<h5 class=\"elementor-heading-title elementor-size-default\">Aproveite cada aula: fique por dentro das datas e melhor aproveite as oportunidades.<\/h5>\t\t<\/div>\n\t\t\t\t<\/div>\n\t\t\t\t<\/div>\n\t\t<div class=\"elementor-element elementor-element-cZTdi4a e-con-full e-flex e-con e-child\" data-id=\"cZTdi4a\" data-element_type=\"container\">\n\t\t\t\t<\/div>\n\t\t\t\t<\/div>\n\t\t<div class=\"elementor-element elementor-element-t7eKo2a e-con-full e-flex e-con e-child\" data-id=\"t7eKo2a\" data-element_type=\"container\">\n\t\t<div class=\"elementor-element elementor-element-CfBxcxr e-con-full e-flex e-con e-child\" data-id=\"CfBxcxr\" data-element_type=\"container\">\n\t\t\t\t<div class=\"elementor-element elementor-element-KvHZhCu elementor-widget elementor-widget-image\" data-id=\"KvHZhCu\" data-element_type=\"widget\" data-widget_type=\"image.default\">\n\t\t\t\t<div class=\"elementor-widget-container\">\n\t\t\t<style>\/*! elementor - v3.21.0 - 08-05-2024 *\/\n.elementor-widget-image{text-align:center}.elementor-widget-image a{display:inline-block}.elementor-widget-image a img[src$=\".svg\"]{width:48px}.elementor-widget-image img{vertical-align:middle;display:inline-block}<\/style>\t\t\t\t\t\t\t\t\t\t<img fetchpriority=\"high\" decoding=\"async\" width=\"740\" height=\"494\" src=\"https:\/\/institutoraiz.com.br\/2024\/wp-content\/uploads\/2024\/05\/MG_9576-1024x683.jpg\" class=\"attachment-large size-large wp-image-2134\" alt=\"\" srcset=\"https:\/\/institutoraiz.com.br\/2024\/wp-content\/uploads\/2024\/05\/MG_9576-1024x683.jpg 1024w, https:\/\/institutoraiz.com.br\/2024\/wp-content\/uploads\/2024\/05\/MG_9576-300x200.jpg 300w, https:\/\/institutoraiz.com.br\/2024\/wp-content\/uploads\/2024\/05\/MG_9576-768x512.jpg 768w, https:\/\/institutoraiz.com.br\/2024\/wp-content\/uploads\/2024\/05\/MG_9576-1536x1024.jpg 1536w, https:\/\/institutoraiz.com.br\/2024\/wp-content\/uploads\/2024\/05\/MG_9576-2048x1365.jpg 2048w\" sizes=\"(max-width: 740px) 100vw, 740px\" \/>\t\t\t\t\t\t\t\t\t\t\t\t\t<\/div>\n\t\t\t\t<\/div>\n\t\t<div class=\"elementor-element elementor-element-PQCG0D5 e-con-full e-flex e-con e-child\" data-id=\"PQCG0D5\" data-element_type=\"container\">\n\t\t<div class=\"elementor-element elementor-element-IafcP6v e-con-full e-flex e-con e-child\" data-id=\"IafcP6v\" data-element_type=\"container\">\n\t\t\t\t<div class=\"elementor-element elementor-element-QfBJwML elementor-view-default elementor-widget elementor-widget-icon\" data-id=\"QfBJwML\" data-element_type=\"widget\" data-widget_type=\"icon.default\">\n\t\t\t\t<div class=\"elementor-widget-container\">\n\t\t\t\t\t<div class=\"elementor-icon-wrapper\">\n\t\t\t<div class=\"elementor-icon\">\n\t\t\t<svg aria-hidden=\"true\" class=\"e-font-icon-svg e-far-calendar-alt\" viewBox=\"0 0 448 512\" xmlns=\"http:\/\/www.w3.org\/2000\/svg\"><path d=\"M148 288h-40c-6.6 0-12-5.4-12-12v-40c0-6.6 5.4-12 12-12h40c6.6 0 12 5.4 12 12v40c0 6.6-5.4 12-12 12zm108-12v-40c0-6.6-5.4-12-12-12h-40c-6.6 0-12 5.4-12 12v40c0 6.6 5.4 12 12 12h40c6.6 0 12-5.4 12-12zm96 0v-40c0-6.6-5.4-12-12-12h-40c-6.6 0-12 5.4-12 12v40c0 6.6 5.4 12 12 12h40c6.6 0 12-5.4 12-12zm-96 96v-40c0-6.6-5.4-12-12-12h-40c-6.6 0-12 5.4-12 12v40c0 6.6 5.4 12 12 12h40c6.6 0 12-5.4 12-12zm-96 0v-40c0-6.6-5.4-12-12-12h-40c-6.6 0-12 5.4-12 12v40c0 6.6 5.4 12 12 12h40c6.6 0 12-5.4 12-12zm192 0v-40c0-6.6-5.4-12-12-12h-40c-6.6 0-12 5.4-12 12v40c0 6.6 5.4 12 12 12h40c6.6 0 12-5.4 12-12zm96-260v352c0 26.5-21.5 48-48 48H48c-26.5 0-48-21.5-48-48V112c0-26.5 21.5-48 48-48h48V12c0-6.6 5.4-12 12-12h40c6.6 0 12 5.4 12 12v52h128V12c0-6.6 5.4-12 12-12h40c6.6 0 12 5.4 12 12v52h48c26.5 0 48 21.5 48 48zm-48 346V160H48v298c0 3.3 2.7 6 6 6h340c3.3 0 6-2.7 6-6z\"><\/path><\/svg>\t\t\t<\/div>\n\t\t<\/div>\n\t\t\t\t<\/div>\n\t\t\t\t<\/div>\n\t\t\t\t<div class=\"elementor-element elementor-element-ymN6BGi elementor-widget elementor-widget-heading\" data-id=\"ymN6BGi\" data-element_type=\"widget\" data-widget_type=\"heading.default\">\n\t\t\t\t<div class=\"elementor-widget-container\">\n\t\t\t<h2 class=\"elementor-heading-title elementor-size-default\">DIA 15\/03\/25, \u00e0s 9h<\/h2>\t\t<\/div>\n\t\t\t\t<\/div>\n\t\t\t\t<\/div>\n\t\t\t\t<div class=\"elementor-element elementor-element-cehVWfc elementor-widget elementor-widget-heading\" data-id=\"cehVWfc\" data-element_type=\"widget\" data-widget_type=\"heading.default\">\n\t\t\t\t<div class=\"elementor-widget-container\">\n\t\t\t<h2 class=\"elementor-heading-title elementor-size-default\">Apresenta\u00e7\u00e3o dos Trabalhos Finais dos Formandos 2024<\/h2>\t\t<\/div>\n\t\t\t\t<\/div>\n\t\t\t\t<div class=\"elementor-element elementor-element-7JWlE7p elementor-widget elementor-widget-text-editor\" data-id=\"7JWlE7p\" data-element_type=\"widget\" data-widget_type=\"text-editor.default\">\n\t\t\t\t<div class=\"elementor-widget-container\">\n\t\t\t\t\t\t\t<p>Evento tradicional da Forma\u00e7\u00e3o em Psicologia Corporal &#8211; argui\u00e7\u00e3o dos trabalhos de conclus\u00e3o de curso dos formandos e recebimento do Certificado de Analista Corporal Reichiano ou de Psicoterapeuta Corporal Reichiano.\u00a0<\/p>\t\t\t\t\t\t<\/div>\n\t\t\t\t<\/div>\n\t\t\t\t<\/div>\n\t\t<div class=\"elementor-element elementor-element-WGXtZDI e-con-full e-flex e-con e-child\" data-id=\"WGXtZDI\" data-element_type=\"container\">\n\t\t\t\t<div class=\"elementor-element elementor-element-7wBAsah elementor-widget__width-auto elementor-widget elementor-widget-button\" data-id=\"7wBAsah\" data-element_type=\"widget\" data-widget_type=\"button.default\">\n\t\t\t\t<div class=\"elementor-widget-container\">\n\t\t\t\t\t<div class=\"elementor-button-wrapper\">\n\t\t\t<a class=\"elementor-button elementor-button-link elementor-size-sm\" href=\"https:\/\/institutoraiz.com.br\/2024\/contact-us\/\">\n\t\t\t\t\t\t<span class=\"elementor-button-content-wrapper\">\n\t\t\t\t\t\t\t\t\t<span class=\"elementor-button-text\">Entre em contato para garantir sua vaga<\/span>\n\t\t\t\t\t<\/span>\n\t\t\t\t\t<\/a>\n\t\t<\/div>\n\t\t\t\t<\/div>\n\t\t\t\t<\/div>\n\t\t\t\t<\/div>\n\t\t\t\t<\/div>\n\t\t<div class=\"elementor-element elementor-element-DfWH9oI e-con-full e-flex e-con e-child\" data-id=\"DfWH9oI\" data-element_type=\"container\">\n\t\t\t\t<div class=\"elementor-element elementor-element-UfIk2QE elementor-widget elementor-widget-image\" data-id=\"UfIk2QE\" data-element_type=\"widget\" data-widget_type=\"image.default\">\n\t\t\t\t<div class=\"elementor-widget-container\">\n\t\t\t\t\t\t\t\t\t\t\t\t\t<img decoding=\"async\" width=\"300\" height=\"225\" src=\"https:\/\/institutoraiz.com.br\/2024\/wp-content\/uploads\/2024\/08\/WhatsApp-Image-2024-08-04-at-18.26.53-300x225.jpeg\" class=\"attachment-medium size-medium wp-image-2600\" alt=\"\" srcset=\"https:\/\/institutoraiz.com.br\/2024\/wp-content\/uploads\/2024\/08\/WhatsApp-Image-2024-08-04-at-18.26.53-300x225.jpeg 300w, https:\/\/institutoraiz.com.br\/2024\/wp-content\/uploads\/2024\/08\/WhatsApp-Image-2024-08-04-at-18.26.53-1024x767.jpeg 1024w, https:\/\/institutoraiz.com.br\/2024\/wp-content\/uploads\/2024\/08\/WhatsApp-Image-2024-08-04-at-18.26.53-768x575.jpeg 768w, https:\/\/institutoraiz.com.br\/2024\/wp-content\/uploads\/2024\/08\/WhatsApp-Image-2024-08-04-at-18.26.53.jpeg 1280w\" sizes=\"(max-width: 300px) 100vw, 300px\" \/>\t\t\t\t\t\t\t\t\t\t\t\t\t<\/div>\n\t\t\t\t<\/div>\n\t\t<div class=\"elementor-element elementor-element-IobQsPK e-con-full e-flex e-con e-child\" data-id=\"IobQsPK\" data-element_type=\"container\">\n\t\t<div class=\"elementor-element elementor-element-xdwewbH e-con-full e-flex e-con e-child\" data-id=\"xdwewbH\" data-element_type=\"container\">\n\t\t\t\t<div class=\"elementor-element elementor-element-bduthzf elementor-view-default elementor-widget elementor-widget-icon\" data-id=\"bduthzf\" data-element_type=\"widget\" data-widget_type=\"icon.default\">\n\t\t\t\t<div class=\"elementor-widget-container\">\n\t\t\t\t\t<div class=\"elementor-icon-wrapper\">\n\t\t\t<div class=\"elementor-icon\">\n\t\t\t<svg aria-hidden=\"true\" class=\"e-font-icon-svg e-far-calendar-alt\" viewBox=\"0 0 448 512\" xmlns=\"http:\/\/www.w3.org\/2000\/svg\"><path d=\"M148 288h-40c-6.6 0-12-5.4-12-12v-40c0-6.6 5.4-12 12-12h40c6.6 0 12 5.4 12 12v40c0 6.6-5.4 12-12 12zm108-12v-40c0-6.6-5.4-12-12-12h-40c-6.6 0-12 5.4-12 12v40c0 6.6 5.4 12 12 12h40c6.6 0 12-5.4 12-12zm96 0v-40c0-6.6-5.4-12-12-12h-40c-6.6 0-12 5.4-12 12v40c0 6.6 5.4 12 12 12h40c6.6 0 12-5.4 12-12zm-96 96v-40c0-6.6-5.4-12-12-12h-40c-6.6 0-12 5.4-12 12v40c0 6.6 5.4 12 12 12h40c6.6 0 12-5.4 12-12zm-96 0v-40c0-6.6-5.4-12-12-12h-40c-6.6 0-12 5.4-12 12v40c0 6.6 5.4 12 12 12h40c6.6 0 12-5.4 12-12zm192 0v-40c0-6.6-5.4-12-12-12h-40c-6.6 0-12 5.4-12 12v40c0 6.6 5.4 12 12 12h40c6.6 0 12-5.4 12-12zm96-260v352c0 26.5-21.5 48-48 48H48c-26.5 0-48-21.5-48-48V112c0-26.5 21.5-48 48-48h48V12c0-6.6 5.4-12 12-12h40c6.6 0 12 5.4 12 12v52h128V12c0-6.6 5.4-12 12-12h40c6.6 0 12 5.4 12 12v52h48c26.5 0 48 21.5 48 48zm-48 346V160H48v298c0 3.3 2.7 6 6 6h340c3.3 0 6-2.7 6-6z\"><\/path><\/svg>\t\t\t<\/div>\n\t\t<\/div>\n\t\t\t\t<\/div>\n\t\t\t\t<\/div>\n\t\t\t\t<div class=\"elementor-element elementor-element-a3aqnxz elementor-widget elementor-widget-heading\" data-id=\"a3aqnxz\" data-element_type=\"widget\" data-widget_type=\"heading.default\">\n\t\t\t\t<div class=\"elementor-widget-container\">\n\t\t\t<h2 class=\"elementor-heading-title elementor-size-default\">Agosto e Novembro<\/h2>\t\t<\/div>\n\t\t\t\t<\/div>\n\t\t\t\t<\/div>\n\t\t\t\t<div class=\"elementor-element elementor-element-6YttjM7 elementor-widget elementor-widget-heading\" data-id=\"6YttjM7\" data-element_type=\"widget\" data-widget_type=\"heading.default\">\n\t\t\t\t<div class=\"elementor-widget-container\">\n\t\t\t<h2 class=\"elementor-heading-title elementor-size-default\">Workshops \/ Kair\u00f3s<\/h2>\t\t<\/div>\n\t\t\t\t<\/div>\n\t\t\t\t<div class=\"elementor-element elementor-element-wAOuuNP elementor-widget elementor-widget-text-editor\" data-id=\"wAOuuNP\" data-element_type=\"widget\" data-widget_type=\"text-editor.default\">\n\t\t\t\t<div class=\"elementor-widget-container\">\n\t\t\t\t\t\t\t<p>Os Kair\u00f3s s\u00e3o momentos fundamentais ao longo da Forma\u00e7\u00e3o em Psicologia Corporal, esteja atento \u00e0s datas e se organize com anteced\u00eancia<\/p>\t\t\t\t\t\t<\/div>\n\t\t\t\t<\/div>\n\t\t\t\t<\/div>\n\t\t<div class=\"elementor-element elementor-element-1CCeLGs e-con-full e-flex e-con e-child\" data-id=\"1CCeLGs\" data-element_type=\"container\">\n\t\t\t\t<div class=\"elementor-element elementor-element-1xebgCl elementor-widget__width-auto elementor-widget elementor-widget-button\" data-id=\"1xebgCl\" data-element_type=\"widget\" data-widget_type=\"button.default\">\n\t\t\t\t<div class=\"elementor-widget-container\">\n\t\t\t\t\t<div class=\"elementor-button-wrapper\">\n\t\t\t<a class=\"elementor-button elementor-button-link elementor-size-sm\" href=\"https:\/\/institutoraiz.com.br\/2024\/home-05\/\">\n\t\t\t\t\t\t<span class=\"elementor-button-content-wrapper\">\n\t\t\t\t\t\t\t\t\t<span class=\"elementor-button-text\">Descubra mais detalhes!<\/span>\n\t\t\t\t\t<\/span>\n\t\t\t\t\t<\/a>\n\t\t<\/div>\n\t\t\t\t<\/div>\n\t\t\t\t<\/div>\n\t\t\t\t<\/div>\n\t\t\t\t<\/div>\n\t\t\t\t<\/div>\n\t\t\t\t\t<\/div>\n\t\t\t\t<\/div>\n\t\t\t\t<\/div>\n\t\t","protected":false},"excerpt":{"rendered":"<p>Cronograma de Aulas 2025 FEVEREIRO\u00a0 22\/23 *Apenas para Segundo e Terceiro Anos da Forma\u00e7\u00e3o MAR\u00c7O 22\/23 *In\u00edcio do Primeiro Ano ABRIL 26\/27 MAIO 17\/18 JUNHO 28\/29 AGOSTO KAIR\u00d3S 01\/02\/03 AGOSTO 30\/31 SETEMBRO 20\/21 OUTUBRO 25\/26 NOVEMBRO KAIR\u00d3S 28\/29\/30 DEZEMBRO 06\/07 Hor\u00e1rios S\u00c1BADO: As Aulas t\u00eam in\u00edcio no S\u00c1BADO com o Grupo de Movimento das 13h30<\/p>\n","protected":false},"author":2,"featured_media":0,"parent":0,"menu_order":0,"comment_status":"closed","ping_status":"closed","template":"","meta":{"inline_featured_image":false,"footnotes":""},"class_list":["post-3149","page","type-page","status-publish","hentry"],"_links":{"self":[{"href":"https:\/\/institutoraiz.com.br\/2024\/wp-json\/wp\/v2\/pages\/3149","targetHints":{"allow":["GET"]}}],"collection":[{"href":"https:\/\/institutoraiz.com.br\/2024\/wp-json\/wp\/v2\/pages"}],"about":[{"href":"https:\/\/institutoraiz.com.br\/2024\/wp-json\/wp\/v2\/types\/page"}],"author":[{"embeddable":true,"href":"https:\/\/institutoraiz.com.br\/2024\/wp-json\/wp\/v2\/users\/2"}],"replies":[{"embeddable":true,"href":"https:\/\/institutoraiz.com.br\/2024\/wp-json\/wp\/v2\/comments?post=3149"}],"version-history":[{"count":75,"href":"https:\/\/institutoraiz.com.br\/2024\/wp-json\/wp\/v2\/pages\/3149\/revisions"}],"predecessor-version":[{"id":4730,"href":"https:\/\/institutoraiz.com.br\/2024\/wp-json\/wp\/v2\/pages\/3149\/revisions\/4730"}],"wp:attachment":[{"href":"https:\/\/institutoraiz.com.br\/2024\/wp-json\/wp\/v2\/media?parent=3149"}],"curies":[{"name":"wp","href":"https:\/\/api.w.org\/{rel}","templated":true}]}}