{"id":3018,"date":"2024-10-06T10:51:00","date_gmt":"2024-10-06T13:51:00","guid":{"rendered":"https:\/\/institutoraiz.com.br\/2024\/?page_id=3018"},"modified":"2025-08-21T09:02:46","modified_gmt":"2025-08-21T12:02:46","slug":"psicanalise-reichiana","status":"publish","type":"page","link":"https:\/\/institutoraiz.com.br\/2024\/psicanalise-reichiana\/","title":{"rendered":"Psican\u00e1lise Reichiana On-line"},"content":{"rendered":"\t\t<div data-elementor-type=\"wp-page\" data-elementor-id=\"3018\" class=\"elementor elementor-3018\">\n\t\t\t\t<div class=\"elementor-element elementor-element-8389179 e-flex e-con-boxed e-con e-parent\" data-id=\"8389179\" data-element_type=\"container\">\n\t\t\t\t\t<div class=\"e-con-inner\">\n\t\t\t\t<div class=\"elementor-element elementor-element-da1bfa0 elementor-widget elementor-widget-text-editor\" data-id=\"da1bfa0\" data-element_type=\"widget\" data-widget_type=\"text-editor.default\">\n\t\t\t\t<div class=\"elementor-widget-container\">\n\t\t\t<style>\/*! elementor - v3.21.0 - 08-05-2024 *\/\n.elementor-widget-text-editor.elementor-drop-cap-view-stacked .elementor-drop-cap{background-color:#69727d;color:#fff}.elementor-widget-text-editor.elementor-drop-cap-view-framed .elementor-drop-cap{color:#69727d;border:3px solid;background-color:transparent}.elementor-widget-text-editor:not(.elementor-drop-cap-view-default) .elementor-drop-cap{margin-top:8px}.elementor-widget-text-editor:not(.elementor-drop-cap-view-default) .elementor-drop-cap-letter{width:1em;height:1em}.elementor-widget-text-editor .elementor-drop-cap{float:left;text-align:center;line-height:1;font-size:50px}.elementor-widget-text-editor .elementor-drop-cap-letter{display:inline-block}<\/style>\t\t\t\t<h1><strong><sup>Qual a import\u00e2ncia de Wilhelm Reich ainda hoje?<\/sup><\/strong><\/h1><p>Reich (1897-1957)\u00a0foi um m\u00e9dico psiquiatra, psicanalista e grande pesquisador austr\u00edaco, que revolucionou o tratamento na cl\u00ednica psicanal\u00edtica, porque inseriu o corpo como aspecto a ser &#8220;escutado&#8221; e trabalhado, como representante da vida emocional do indiv\u00edduo. Entendeu que as defesas ps\u00edquicas s\u00e3o desenvolvidas ao longo do amadurecimento do corpo f\u00edsico e biol\u00f3gico e cristalizadas em forma de coura\u00e7as corporais. Por isso, o tratamento efetivo deve incluir a quest\u00e3o som\u00e1tica (psicorporal) do indiv\u00edduo.\u00a0<\/p><p>A maneira como o indiv\u00edduo responde e se comporta no mundo revelam suas defesas e n\u00e3o sua ess\u00eancia, que compreende a espontaneidade, o prazer, a capacidade de sentir, de amar, de ter compaix\u00e3o.\u00a0<\/p><p>Reich retomou o conhecimento sobre o animal humano &#8211; como chamava o homem &#8211; como algo profundamente atrelado \u00e0 natureza, ao seu ambiente social e suas caracter\u00edsticas biol\u00f3gicas.\u00a0<\/p><p>Entretanto, Reich \u00e9 considerado um representante da Psican\u00e1lise Freudiana e sua teoria e pr\u00e1tica s\u00e3o entendidas a partir dela.\u00a0<\/p><h3><strong>Comprovada a import\u00e2ncia de Reich&#8230;<\/strong><\/h3><div><strong>\u00a0<\/strong><\/div><p>Por isso, montamos um curso b\u00e1sico <i>on-line<\/i> e muito<i> did\u00e1tico<\/i> para que as pessoas tivessem acesso \u00e0 riqueza dessa teoria\u00a0<span style=\"color: var(--paragraph-color); font-family: var( --e-global-typography-text-font-family ), Sans-serif; text-align: var(--text-align);\">e pr\u00e1tica com a ajuda de tr\u00eas grandes profissionais da \u00e1rea e por um pre\u00e7o acess\u00edvel.<\/span><\/p><p>Todos ir\u00e3o se beneficiar com esse conhecimento, pois falamos a partir de uma compreens\u00e3o do homem e seu funcionamento em sua dimens\u00e3o biol\u00f3gico, emocional e social, o que nos serve em todas as \u00e1reas de atua\u00e7\u00e3o de nossas vidas, seja no campo profissional seja no pessoal.<\/p>\t\t\t\t\t\t<\/div>\n\t\t\t\t<\/div>\n\t\t\t\t\t<\/div>\n\t\t\t\t<\/div>\n\t\t<div class=\"elementor-element elementor-element-31fca65 e-flex e-con-boxed e-con e-parent\" data-id=\"31fca65\" data-element_type=\"container\">\n\t\t\t\t\t<div class=\"e-con-inner\">\n\t\t\t\t<div class=\"elementor-element elementor-element-f9a5cb4 elementor-align-center elementor-widget elementor-widget-button\" data-id=\"f9a5cb4\" data-element_type=\"widget\" data-widget_type=\"button.default\">\n\t\t\t\t<div class=\"elementor-widget-container\">\n\t\t\t\t\t<div class=\"elementor-button-wrapper\">\n\t\t\t<a class=\"elementor-button elementor-button-link elementor-size-sm\" href=\"https:\/\/chk.eduzz.com\/G96VGY8P01\">\n\t\t\t\t\t\t<span class=\"elementor-button-content-wrapper\">\n\t\t\t\t\t\t\t\t\t<span class=\"elementor-button-text\">ACESSE O CURSO<\/span>\n\t\t\t\t\t<\/span>\n\t\t\t\t\t<\/a>\n\t\t<\/div>\n\t\t\t\t<\/div>\n\t\t\t\t<\/div>\n\t\t\t\t\t<\/div>\n\t\t\t\t<\/div>\n\t\t<div class=\"elementor-element elementor-element-ef51067 e-grid e-con-boxed e-con e-parent\" data-id=\"ef51067\" data-element_type=\"container\">\n\t\t\t\t\t<div class=\"e-con-inner\">\n\t\t\t\t<div class=\"elementor-element elementor-element-a8ef15b elementor-widget elementor-widget-image\" data-id=\"a8ef15b\" data-element_type=\"widget\" data-widget_type=\"image.default\">\n\t\t\t\t<div class=\"elementor-widget-container\">\n\t\t\t<style>\/*! elementor - v3.21.0 - 08-05-2024 *\/\n.elementor-widget-image{text-align:center}.elementor-widget-image a{display:inline-block}.elementor-widget-image a img[src$=\".svg\"]{width:48px}.elementor-widget-image img{vertical-align:middle;display:inline-block}<\/style>\t\t\t\t\t\t\t\t\t\t<img fetchpriority=\"high\" decoding=\"async\" width=\"740\" height=\"740\" src=\"https:\/\/institutoraiz.com.br\/2024\/wp-content\/uploads\/2024\/10\/Reich1_divulgacao-psicanalise-reichiana-1024x1024.jpg\" class=\"attachment-large size-large wp-image-3021\" alt=\"\" srcset=\"https:\/\/institutoraiz.com.br\/2024\/wp-content\/uploads\/2024\/10\/Reich1_divulgacao-psicanalise-reichiana-1024x1024.jpg 1024w, https:\/\/institutoraiz.com.br\/2024\/wp-content\/uploads\/2024\/10\/Reich1_divulgacao-psicanalise-reichiana-300x300.jpg 300w, https:\/\/institutoraiz.com.br\/2024\/wp-content\/uploads\/2024\/10\/Reich1_divulgacao-psicanalise-reichiana-150x150.jpg 150w, https:\/\/institutoraiz.com.br\/2024\/wp-content\/uploads\/2024\/10\/Reich1_divulgacao-psicanalise-reichiana-768x768.jpg 768w, https:\/\/institutoraiz.com.br\/2024\/wp-content\/uploads\/2024\/10\/Reich1_divulgacao-psicanalise-reichiana.jpg 1080w\" sizes=\"(max-width: 740px) 100vw, 740px\" \/>\t\t\t\t\t\t\t\t\t\t\t\t\t<\/div>\n\t\t\t\t<\/div>\n\t\t\t\t<div class=\"elementor-element elementor-element-5286764 elementor-widget elementor-widget-text-editor\" data-id=\"5286764\" data-element_type=\"widget\" data-widget_type=\"text-editor.default\">\n\t\t\t\t<div class=\"elementor-widget-container\">\n\t\t\t\t\t\t\t<p><strong>OBJETIVOS<\/strong>:<\/p><p>&#8211; Revisar os conceitos principais e a hist\u00f3ria da Psican\u00e1lise de Freud.<\/p><p>&#8211; Introduzir o aluno na Psican\u00e1lise e no pensamento revolucion\u00e1rio de Wilhelm Reich e sua import\u00e2ncia para os estudos da vida psicorporal do homem;<\/p><p>&#8211; Instrumentalizar para a ideia de transfer\u00eancia e contra-transfer\u00eancia na cl\u00ednica freudiana e reichiana.<\/p><p>&#8211; Entender como a teoria e a pr\u00e1tica de Reich acontecem na pr\u00e1tica cl\u00ednica.<\/p><p><strong>TEMPO DE REALIZA\u00c7\u00c3O DO CURSO:<\/strong><\/p><p>O aluno ter\u00e1 12 meses para realizar o curso.\u00a0<\/p><p><strong>VALOR: R$ 180,00 (cento e oitenta reais)<\/strong><\/p><p>O INSTITUTO RAIZ \u00c9 UMA INSTITUI\u00c7\u00c3O RECONHECIDA PELO CRP-SP.<\/p><p>\u00a0<\/p>\t\t\t\t\t\t<\/div>\n\t\t\t\t<\/div>\n\t\t\t\t\t<\/div>\n\t\t\t\t<\/div>\n\t\t<div class=\"elementor-element elementor-element-1511b1b e-flex e-con-boxed e-con e-parent\" data-id=\"1511b1b\" data-element_type=\"container\">\n\t\t\t\t\t<div class=\"e-con-inner\">\n\t\t\t\t<div class=\"elementor-element elementor-element-117f68a elementor-widget elementor-widget-text-editor\" data-id=\"117f68a\" data-element_type=\"widget\" data-widget_type=\"text-editor.default\">\n\t\t\t\t<div class=\"elementor-widget-container\">\n\t\t\t\t\t\t\t<p><strong>AULAS<\/strong>:<\/p><p>Nesse curso introdut\u00f3rio,<strong>\u00a0o aluno ter\u00e1 acesso a 10 aulas gravadas com tr\u00eas grandes psicanalistas e psicoterapeutas cl\u00ednicos e corporais (+ M\u00f3dulo B\u00f4nus com materiais de aprofundamento)<\/strong>, especializados em Freud e Reich e renomados pensadores das emo\u00e7\u00f5es e comportamentos humanos, hoje, no Brasil:<\/p>\t\t\t\t\t\t<\/div>\n\t\t\t\t<\/div>\n\t\t\t\t\t<\/div>\n\t\t\t\t<\/div>\n\t\t<div class=\"elementor-element elementor-element-ff47323 e-grid e-con-boxed e-con e-parent\" data-id=\"ff47323\" data-element_type=\"container\">\n\t\t\t\t\t<div class=\"e-con-inner\">\n\t\t\t\t<div class=\"elementor-element elementor-element-1222e90 elementor-widget elementor-widget-image\" data-id=\"1222e90\" data-element_type=\"widget\" data-widget_type=\"image.default\">\n\t\t\t\t<div class=\"elementor-widget-container\">\n\t\t\t\t\t\t\t\t\t\t\t\t\t<img decoding=\"async\" width=\"200\" height=\"300\" src=\"https:\/\/institutoraiz.com.br\/2024\/wp-content\/uploads\/2024\/10\/2019-03-16-Equipe-Raiz-2-200x300.jpg\" class=\"attachment-medium size-medium wp-image-3025\" alt=\"\" srcset=\"https:\/\/institutoraiz.com.br\/2024\/wp-content\/uploads\/2024\/10\/2019-03-16-Equipe-Raiz-2-200x300.jpg 200w, https:\/\/institutoraiz.com.br\/2024\/wp-content\/uploads\/2024\/10\/2019-03-16-Equipe-Raiz-2-683x1024.jpg 683w, https:\/\/institutoraiz.com.br\/2024\/wp-content\/uploads\/2024\/10\/2019-03-16-Equipe-Raiz-2-768x1152.jpg 768w, https:\/\/institutoraiz.com.br\/2024\/wp-content\/uploads\/2024\/10\/2019-03-16-Equipe-Raiz-2-1024x1536.jpg 1024w, https:\/\/institutoraiz.com.br\/2024\/wp-content\/uploads\/2024\/10\/2019-03-16-Equipe-Raiz-2.jpg 1280w\" sizes=\"(max-width: 200px) 100vw, 200px\" \/>\t\t\t\t\t\t\t\t\t\t\t\t\t<\/div>\n\t\t\t\t<\/div>\n\t\t\t\t<div class=\"elementor-element elementor-element-94ef539 elementor-widget elementor-widget-text-editor\" data-id=\"94ef539\" data-element_type=\"widget\" data-widget_type=\"text-editor.default\">\n\t\t\t\t<div class=\"elementor-widget-container\">\n\t\t\t\t\t\t\t<p>\u00a0<\/p><p><strong>CLAUDIO MELO WAGNER<\/strong><\/p><p>Psic\u00f3logo cl\u00ednico e psicoterapeuta corporal. Mestre e Doutor em Psicologia Cl\u00ednica.<\/p><p>Professor do Instituto Raiz, dentre outros.<\/p>\t\t\t\t\t\t<\/div>\n\t\t\t\t<\/div>\n\t\t\t\t\t<\/div>\n\t\t\t\t<\/div>\n\t\t<div class=\"elementor-element elementor-element-339bf14 e-grid e-con-boxed e-con e-parent\" data-id=\"339bf14\" data-element_type=\"container\">\n\t\t\t\t\t<div class=\"e-con-inner\">\n\t\t\t\t<div class=\"elementor-element elementor-element-1370d4c elementor-widget elementor-widget-image\" data-id=\"1370d4c\" data-element_type=\"widget\" data-widget_type=\"image.default\">\n\t\t\t\t<div class=\"elementor-widget-container\">\n\t\t\t\t\t\t\t\t\t\t\t\t\t<img decoding=\"async\" width=\"200\" height=\"300\" src=\"https:\/\/institutoraiz.com.br\/2024\/wp-content\/uploads\/2024\/10\/2019-05-20-Wilson-Klain-2-200x300.jpg\" class=\"attachment-medium size-medium wp-image-3026\" alt=\"\" srcset=\"https:\/\/institutoraiz.com.br\/2024\/wp-content\/uploads\/2024\/10\/2019-05-20-Wilson-Klain-2-200x300.jpg 200w, https:\/\/institutoraiz.com.br\/2024\/wp-content\/uploads\/2024\/10\/2019-05-20-Wilson-Klain-2-683x1024.jpg 683w, https:\/\/institutoraiz.com.br\/2024\/wp-content\/uploads\/2024\/10\/2019-05-20-Wilson-Klain-2-768x1152.jpg 768w, https:\/\/institutoraiz.com.br\/2024\/wp-content\/uploads\/2024\/10\/2019-05-20-Wilson-Klain-2-1024x1536.jpg 1024w, https:\/\/institutoraiz.com.br\/2024\/wp-content\/uploads\/2024\/10\/2019-05-20-Wilson-Klain-2.jpg 1280w\" sizes=\"(max-width: 200px) 100vw, 200px\" \/>\t\t\t\t\t\t\t\t\t\t\t\t\t<\/div>\n\t\t\t\t<\/div>\n\t\t\t\t<div class=\"elementor-element elementor-element-91d8ce6 elementor-widget elementor-widget-text-editor\" data-id=\"91d8ce6\" data-element_type=\"widget\" data-widget_type=\"text-editor.default\">\n\t\t\t\t<div class=\"elementor-widget-container\">\n\t\t\t\t\t\t\t<p>\u00a0<\/p><p><strong>WILSON KLAIN<\/strong><\/p><p>Psicanalista e psic\u00f3logo cl\u00ednico. Mestre e Doutor em Psicologia Cl\u00ednica.<\/p><p>Professor do Instituto Raiz, Sedes Sapientiae, dentre outros.<\/p>\t\t\t\t\t\t<\/div>\n\t\t\t\t<\/div>\n\t\t\t\t\t<\/div>\n\t\t\t\t<\/div>\n\t\t<div class=\"elementor-element elementor-element-815c684 e-grid e-con-boxed e-con e-parent\" data-id=\"815c684\" data-element_type=\"container\">\n\t\t\t\t\t<div class=\"e-con-inner\">\n\t\t\t\t<div class=\"elementor-element elementor-element-23fa6e8 elementor-widget elementor-widget-image\" data-id=\"23fa6e8\" data-element_type=\"widget\" data-widget_type=\"image.default\">\n\t\t\t\t<div class=\"elementor-widget-container\">\n\t\t\t\t\t\t\t\t\t\t\t\t\t<img loading=\"lazy\" decoding=\"async\" width=\"200\" height=\"300\" src=\"https:\/\/institutoraiz.com.br\/2024\/wp-content\/uploads\/2024\/02\/2019-04-23-Equipe-Raiz-3-200x300.jpg\" class=\"attachment-medium size-medium wp-image-2181\" alt=\"\" srcset=\"https:\/\/institutoraiz.com.br\/2024\/wp-content\/uploads\/2024\/02\/2019-04-23-Equipe-Raiz-3-200x300.jpg 200w, https:\/\/institutoraiz.com.br\/2024\/wp-content\/uploads\/2024\/02\/2019-04-23-Equipe-Raiz-3-683x1024.jpg 683w, https:\/\/institutoraiz.com.br\/2024\/wp-content\/uploads\/2024\/02\/2019-04-23-Equipe-Raiz-3-768x1152.jpg 768w, https:\/\/institutoraiz.com.br\/2024\/wp-content\/uploads\/2024\/02\/2019-04-23-Equipe-Raiz-3-1024x1536.jpg 1024w, https:\/\/institutoraiz.com.br\/2024\/wp-content\/uploads\/2024\/02\/2019-04-23-Equipe-Raiz-3-1365x2048.jpg 1365w, https:\/\/institutoraiz.com.br\/2024\/wp-content\/uploads\/2024\/02\/2019-04-23-Equipe-Raiz-3-scaled-e1716238940352.jpg 993w\" sizes=\"(max-width: 200px) 100vw, 200px\" \/>\t\t\t\t\t\t\t\t\t\t\t\t\t<\/div>\n\t\t\t\t<\/div>\n\t\t\t\t<div class=\"elementor-element elementor-element-0d95d91 elementor-widget elementor-widget-text-editor\" data-id=\"0d95d91\" data-element_type=\"widget\" data-widget_type=\"text-editor.default\">\n\t\t\t\t<div class=\"elementor-widget-container\">\n\t\t\t\t\t\t\t<p>\u00a0<\/p><p><strong>SUSANA ZANIOLO SCOTTON<\/strong><\/p><p>Psic\u00f3loga cl\u00ednica e psicoterapeuta corporal. V\u00e1rias especializa\u00e7\u00f5es em Psicologia Cl\u00ednica, M\u00e9todo Pichon-Rivi\u00e8re e Trainee internacional em Bioenerg\u00e9tica e Bioss\u00edntese.<\/p><p>Fundadora, diretora e professora do Instituto Raiz, cl\u00ednica escola de Psicologia Corporal.<\/p>\t\t\t\t\t\t<\/div>\n\t\t\t\t<\/div>\n\t\t\t\t\t<\/div>\n\t\t\t\t<\/div>\n\t\t<div class=\"elementor-element elementor-element-aad2056 e-flex e-con-boxed e-con e-parent\" data-id=\"aad2056\" data-element_type=\"container\">\n\t\t\t\t\t<div class=\"e-con-inner\">\n\t\t\t\t\t<\/div>\n\t\t\t\t<\/div>\n\t\t<div class=\"elementor-element elementor-element-b8d499d e-flex e-con-boxed e-con e-parent\" data-id=\"b8d499d\" data-element_type=\"container\">\n\t\t\t\t\t<div class=\"e-con-inner\">\n\t\t\t\t<div class=\"elementor-element elementor-element-f344efc elementor-widget elementor-widget-video\" data-id=\"f344efc\" data-element_type=\"widget\" data-settings=\"{&quot;youtube_url&quot;:&quot;https:\\\/\\\/youtu.be\\\/HIbDdPHTBLY&quot;,&quot;video_type&quot;:&quot;youtube&quot;,&quot;controls&quot;:&quot;yes&quot;}\" data-widget_type=\"video.default\">\n\t\t\t\t<div class=\"elementor-widget-container\">\n\t\t\t<style>\/*! elementor - v3.21.0 - 08-05-2024 *\/\n.elementor-widget-video .elementor-widget-container{overflow:hidden;transform:translateZ(0)}.elementor-widget-video .elementor-wrapper{aspect-ratio:var(--video-aspect-ratio)}.elementor-widget-video .elementor-wrapper iframe,.elementor-widget-video .elementor-wrapper video{height:100%;width:100%;display:flex;border:none;background-color:#000}@supports not (aspect-ratio:1\/1){.elementor-widget-video .elementor-wrapper{position:relative;overflow:hidden;height:0;padding-bottom:calc(100% \/ var(--video-aspect-ratio))}.elementor-widget-video .elementor-wrapper iframe,.elementor-widget-video .elementor-wrapper video{position:absolute;top:0;right:0;bottom:0;left:0}}.elementor-widget-video .elementor-open-inline .elementor-custom-embed-image-overlay{position:absolute;top:0;right:0;bottom:0;left:0;background-size:cover;background-position:50%}.elementor-widget-video .elementor-custom-embed-image-overlay{cursor:pointer;text-align:center}.elementor-widget-video .elementor-custom-embed-image-overlay:hover .elementor-custom-embed-play i{opacity:1}.elementor-widget-video .elementor-custom-embed-image-overlay img{display:block;width:100%;aspect-ratio:var(--video-aspect-ratio);-o-object-fit:cover;object-fit:cover;-o-object-position:center center;object-position:center center}@supports not (aspect-ratio:1\/1){.elementor-widget-video .elementor-custom-embed-image-overlay{position:relative;overflow:hidden;height:0;padding-bottom:calc(100% \/ var(--video-aspect-ratio))}.elementor-widget-video .elementor-custom-embed-image-overlay img{position:absolute;top:0;right:0;bottom:0;left:0}}.elementor-widget-video .e-hosted-video .elementor-video{-o-object-fit:cover;object-fit:cover}.e-con-inner>.elementor-widget-video,.e-con>.elementor-widget-video{width:var(--container-widget-width);--flex-grow:var(--container-widget-flex-grow)}<\/style>\t\t<div class=\"elementor-wrapper elementor-open-inline\">\n\t\t\t<div class=\"elementor-video\"><\/div>\t\t<\/div>\n\t\t\t\t<\/div>\n\t\t\t\t<\/div>\n\t\t\t\t\t<\/div>\n\t\t\t\t<\/div>\n\t\t<div class=\"elementor-element elementor-element-0c8a86e e-flex e-con-boxed e-con e-parent\" data-id=\"0c8a86e\" data-element_type=\"container\">\n\t\t\t\t\t<div class=\"e-con-inner\">\n\t\t\t\t<div class=\"elementor-element elementor-element-b46aca1 elementor-widget elementor-widget-video\" data-id=\"b46aca1\" data-element_type=\"widget\" data-settings=\"{&quot;youtube_url&quot;:&quot;https:\\\/\\\/youtu.be\\\/nHVFMPuqr8U&quot;,&quot;video_type&quot;:&quot;youtube&quot;,&quot;controls&quot;:&quot;yes&quot;}\" data-widget_type=\"video.default\">\n\t\t\t\t<div class=\"elementor-widget-container\">\n\t\t\t\t\t<div class=\"elementor-wrapper elementor-open-inline\">\n\t\t\t<div class=\"elementor-video\"><\/div>\t\t<\/div>\n\t\t\t\t<\/div>\n\t\t\t\t<\/div>\n\t\t\t\t\t<\/div>\n\t\t\t\t<\/div>\n\t\t<div class=\"elementor-element elementor-element-7b30d28 e-flex e-con-boxed e-con e-parent\" data-id=\"7b30d28\" data-element_type=\"container\">\n\t\t\t\t\t<div class=\"e-con-inner\">\n\t\t\t\t<div class=\"elementor-element elementor-element-5b9c735 elementor-align-center elementor-widget__width-inherit elementor-widget elementor-widget-button\" data-id=\"5b9c735\" data-element_type=\"widget\" data-widget_type=\"button.default\">\n\t\t\t\t<div class=\"elementor-widget-container\">\n\t\t\t\t\t<div class=\"elementor-button-wrapper\">\n\t\t\t<a class=\"elementor-button elementor-button-link elementor-size-sm\" href=\"https:\/\/chk.eduzz.com\/G96VGY8P01\">\n\t\t\t\t\t\t<span class=\"elementor-button-content-wrapper\">\n\t\t\t\t\t\t\t\t\t<span class=\"elementor-button-text\">ACESSE O CURSO<\/span>\n\t\t\t\t\t<\/span>\n\t\t\t\t\t<\/a>\n\t\t<\/div>\n\t\t\t\t<\/div>\n\t\t\t\t<\/div>\n\t\t\t\t\t<\/div>\n\t\t\t\t<\/div>\n\t\t\t\t<\/div>\n\t\t","protected":false},"excerpt":{"rendered":"<p>Qual a import\u00e2ncia de Wilhelm Reich ainda hoje? Reich (1897-1957)\u00a0foi um m\u00e9dico psiquiatra, psicanalista e grande pesquisador austr\u00edaco, que revolucionou o tratamento na cl\u00ednica psicanal\u00edtica, porque inseriu o corpo como aspecto a ser &#8220;escutado&#8221; e trabalhado, como representante da vida emocional do indiv\u00edduo. Entendeu que as defesas ps\u00edquicas s\u00e3o desenvolvidas ao longo do amadurecimento do<\/p>\n","protected":false},"author":2,"featured_media":3046,"parent":0,"menu_order":0,"comment_status":"closed","ping_status":"closed","template":"","meta":{"inline_featured_image":false,"footnotes":""},"class_list":["post-3018","page","type-page","status-publish","has-post-thumbnail","hentry"],"_links":{"self":[{"href":"https:\/\/institutoraiz.com.br\/2024\/wp-json\/wp\/v2\/pages\/3018","targetHints":{"allow":["GET"]}}],"collection":[{"href":"https:\/\/institutoraiz.com.br\/2024\/wp-json\/wp\/v2\/pages"}],"about":[{"href":"https:\/\/institutoraiz.com.br\/2024\/wp-json\/wp\/v2\/types\/page"}],"author":[{"embeddable":true,"href":"https:\/\/institutoraiz.com.br\/2024\/wp-json\/wp\/v2\/users\/2"}],"replies":[{"embeddable":true,"href":"https:\/\/institutoraiz.com.br\/2024\/wp-json\/wp\/v2\/comments?post=3018"}],"version-history":[{"count":53,"href":"https:\/\/institutoraiz.com.br\/2024\/wp-json\/wp\/v2\/pages\/3018\/revisions"}],"predecessor-version":[{"id":4437,"href":"https:\/\/institutoraiz.com.br\/2024\/wp-json\/wp\/v2\/pages\/3018\/revisions\/4437"}],"wp:featuredmedia":[{"embeddable":true,"href":"https:\/\/institutoraiz.com.br\/2024\/wp-json\/wp\/v2\/media\/3046"}],"wp:attachment":[{"href":"https:\/\/institutoraiz.com.br\/2024\/wp-json\/wp\/v2\/media?parent=3018"}],"curies":[{"name":"wp","href":"https:\/\/api.w.org\/{rel}","templated":true}]}}