{"id":2506,"date":"2024-07-24T15:37:54","date_gmt":"2024-07-24T18:37:54","guid":{"rendered":"https:\/\/institutoraiz.com.br\/2024\/?page_id=2506"},"modified":"2025-09-01T16:01:12","modified_gmt":"2025-09-01T19:01:12","slug":"supervisao-clinica","status":"publish","type":"page","link":"https:\/\/institutoraiz.com.br\/2024\/supervisao-clinica\/","title":{"rendered":"Supervis\u00e3o Cl\u00ednica"},"content":{"rendered":"\t\t<div data-elementor-type=\"wp-page\" data-elementor-id=\"2506\" class=\"elementor elementor-2506\">\n\t\t\t\t<div class=\"elementor-element elementor-element-2da18fe e-flex e-con-boxed e-con e-parent\" data-id=\"2da18fe\" data-element_type=\"container\" data-settings=\"{&quot;background_background&quot;:&quot;classic&quot;}\">\n\t\t\t\t\t<div class=\"e-con-inner\">\n\t\t<div class=\"elementor-element elementor-element-55af2f11 e-flex e-con-boxed e-con e-child\" data-id=\"55af2f11\" data-element_type=\"container\">\n\t\t\t\t\t<div class=\"e-con-inner\">\n\t\t\t\t<div class=\"elementor-element elementor-element-335b5d02 animated-slow elementor-invisible elementor-widget elementor-widget-heading\" data-id=\"335b5d02\" data-element_type=\"widget\" data-settings=\"{&quot;_animation&quot;:&quot;slideInUp&quot;}\" data-widget_type=\"heading.default\">\n\t\t\t\t<div class=\"elementor-widget-container\">\n\t\t\t<style>\/*! elementor - v3.21.0 - 08-05-2024 *\/\n.elementor-heading-title{padding:0;margin:0;line-height:1}.elementor-widget-heading .elementor-heading-title[class*=elementor-size-]>a{color:inherit;font-size:inherit;line-height:inherit}.elementor-widget-heading .elementor-heading-title.elementor-size-small{font-size:15px}.elementor-widget-heading .elementor-heading-title.elementor-size-medium{font-size:19px}.elementor-widget-heading .elementor-heading-title.elementor-size-large{font-size:29px}.elementor-widget-heading .elementor-heading-title.elementor-size-xl{font-size:39px}.elementor-widget-heading .elementor-heading-title.elementor-size-xxl{font-size:59px}<\/style><h5 class=\"elementor-heading-title elementor-size-default\">\nAs supervis\u00f5es para Psic\u00f3logos, Psiquiatras, coordenadores de Grupo de Movimento e Analistas Reichianos s\u00e3o dirigidos pela Psicoterapeuta Corporal, Susana Z. Scotton.\n\nAs Supervis\u00f5es para os psic\u00f3logos, que atendem crian\u00e7as e adolescentes, pela Psicoterapeuta Corporal, Renata Alice de Andrade Rosseto.\u00a0<\/h5>\t\t<\/div>\n\t\t\t\t<\/div>\n\t\t\t\t<div class=\"elementor-element elementor-element-358f4c80 animated-slow elementor-invisible elementor-widget elementor-widget-heading\" data-id=\"358f4c80\" data-element_type=\"widget\" data-settings=\"{&quot;_animation&quot;:&quot;slideInUp&quot;}\" data-widget_type=\"heading.default\">\n\t\t\t\t<div class=\"elementor-widget-container\">\n\t\t\t<h5 class=\"elementor-heading-title elementor-size-default\">Supervis\u00e3o Cl\u00ednica<\/h5>\t\t<\/div>\n\t\t\t\t<\/div>\n\t\t\t\t\t<\/div>\n\t\t\t\t<\/div>\n\t\t<div class=\"elementor-element elementor-element-1a37a020 e-con-full e-flex e-con e-child\" data-id=\"1a37a020\" data-element_type=\"container\">\n\t\t<div class=\"elementor-element elementor-element-704e26c0 e-con-full e-flex e-con e-child\" data-id=\"704e26c0\" data-element_type=\"container\">\n\t\t\t\t<div class=\"elementor-element elementor-element-5009f6d4 elementor-widget elementor-widget-heading\" data-id=\"5009f6d4\" data-element_type=\"widget\" data-widget_type=\"heading.default\">\n\t\t\t\t<div class=\"elementor-widget-container\">\n\t\t\t<h3 class=\"elementor-heading-title elementor-size-default\">Susana Z Scotton<\/h3>\t\t<\/div>\n\t\t\t\t<\/div>\n\t\t\t\t<div class=\"elementor-element elementor-element-6f944740 elementor-position-top elementor-widget elementor-widget-image-box\" data-id=\"6f944740\" data-element_type=\"widget\" data-widget_type=\"image-box.default\">\n\t\t\t\t<div class=\"elementor-widget-container\">\n\t\t\t<style>\/*! elementor - v3.21.0 - 08-05-2024 *\/\n.elementor-widget-image-box .elementor-image-box-content{width:100%}@media (min-width:768px){.elementor-widget-image-box.elementor-position-left .elementor-image-box-wrapper,.elementor-widget-image-box.elementor-position-right .elementor-image-box-wrapper{display:flex}.elementor-widget-image-box.elementor-position-right .elementor-image-box-wrapper{text-align:end;flex-direction:row-reverse}.elementor-widget-image-box.elementor-position-left .elementor-image-box-wrapper{text-align:start;flex-direction:row}.elementor-widget-image-box.elementor-position-top .elementor-image-box-img{margin:auto}.elementor-widget-image-box.elementor-vertical-align-top .elementor-image-box-wrapper{align-items:flex-start}.elementor-widget-image-box.elementor-vertical-align-middle .elementor-image-box-wrapper{align-items:center}.elementor-widget-image-box.elementor-vertical-align-bottom .elementor-image-box-wrapper{align-items:flex-end}}@media (max-width:767px){.elementor-widget-image-box .elementor-image-box-img{margin-left:auto!important;margin-right:auto!important;margin-bottom:15px}}.elementor-widget-image-box .elementor-image-box-img{display:inline-block}.elementor-widget-image-box .elementor-image-box-title a{color:inherit}.elementor-widget-image-box .elementor-image-box-wrapper{text-align:center}.elementor-widget-image-box .elementor-image-box-description{margin:0}<\/style><div class=\"elementor-image-box-wrapper\"><figure class=\"elementor-image-box-img\"><img fetchpriority=\"high\" decoding=\"async\" width=\"993\" height=\"1490\" src=\"https:\/\/institutoraiz.com.br\/2024\/wp-content\/uploads\/2024\/02\/2019-04-23-Equipe-Raiz-3-scaled-e1716238940352.jpg\" class=\"attachment-full size-full wp-image-2181\" alt=\"\" \/><\/figure><\/div>\t\t<\/div>\n\t\t\t\t<\/div>\n\t\t\t\t<\/div>\n\t\t<div class=\"elementor-element elementor-element-1114dd6d e-con-full e-flex e-con e-child\" data-id=\"1114dd6d\" data-element_type=\"container\">\n\t\t\t\t<div class=\"elementor-element elementor-element-7455fc8b elementor-widget elementor-widget-heading\" data-id=\"7455fc8b\" data-element_type=\"widget\" data-widget_type=\"heading.default\">\n\t\t\t\t<div class=\"elementor-widget-container\">\n\t\t\t<h3 class=\"elementor-heading-title elementor-size-default\">Renata Rosseto<\/h3>\t\t<\/div>\n\t\t\t\t<\/div>\n\t\t\t\t<div class=\"elementor-element elementor-element-625aca9f elementor-position-top elementor-widget elementor-widget-image-box\" data-id=\"625aca9f\" data-element_type=\"widget\" data-widget_type=\"image-box.default\">\n\t\t\t\t<div class=\"elementor-widget-container\">\n\t\t\t<div class=\"elementor-image-box-wrapper\"><figure class=\"elementor-image-box-img\"><img decoding=\"async\" width=\"1707\" height=\"2560\" src=\"https:\/\/institutoraiz.com.br\/2024\/wp-content\/uploads\/2024\/07\/2019-04-23-Equipe-Raiz-1-scaled.jpg\" class=\"attachment-full size-full wp-image-2508\" alt=\"\" srcset=\"https:\/\/institutoraiz.com.br\/2024\/wp-content\/uploads\/2024\/07\/2019-04-23-Equipe-Raiz-1-scaled.jpg 1707w, https:\/\/institutoraiz.com.br\/2024\/wp-content\/uploads\/2024\/07\/2019-04-23-Equipe-Raiz-1-200x300.jpg 200w, https:\/\/institutoraiz.com.br\/2024\/wp-content\/uploads\/2024\/07\/2019-04-23-Equipe-Raiz-1-683x1024.jpg 683w, https:\/\/institutoraiz.com.br\/2024\/wp-content\/uploads\/2024\/07\/2019-04-23-Equipe-Raiz-1-768x1152.jpg 768w, https:\/\/institutoraiz.com.br\/2024\/wp-content\/uploads\/2024\/07\/2019-04-23-Equipe-Raiz-1-1024x1536.jpg 1024w, https:\/\/institutoraiz.com.br\/2024\/wp-content\/uploads\/2024\/07\/2019-04-23-Equipe-Raiz-1-1365x2048.jpg 1365w\" sizes=\"(max-width: 1707px) 100vw, 1707px\" \/><\/figure><\/div>\t\t<\/div>\n\t\t\t\t<\/div>\n\t\t\t\t<\/div>\n\t\t<div class=\"elementor-element elementor-element-2b42c300 e-con-full e-flex e-con e-child\" data-id=\"2b42c300\" data-element_type=\"container\">\n\t\t\t\t<\/div>\n\t\t\t\t<\/div>\n\t\t\t\t\t<\/div>\n\t\t\t\t<\/div>\n\t\t\t\t<\/div>\n\t\t","protected":false},"excerpt":{"rendered":"<p>As supervis\u00f5es para Psic\u00f3logos, Psiquiatras, coordenadores de Grupo de Movimento e Analistas Reichianos s\u00e3o dirigidos pela Psicoterapeuta Corporal, Susana Z. Scotton. As Supervis\u00f5es para os psic\u00f3logos, que atendem crian\u00e7as e adolescentes, pela Psicoterapeuta Corporal, Renata Alice de Andrade Rosseto.\u00a0 Supervis\u00e3o Cl\u00ednica Susana Z Scotton Renata Rosseto<\/p>\n","protected":false},"author":2,"featured_media":0,"parent":0,"menu_order":0,"comment_status":"closed","ping_status":"closed","template":"","meta":{"inline_featured_image":false,"footnotes":""},"class_list":["post-2506","page","type-page","status-publish","hentry"],"_links":{"self":[{"href":"https:\/\/institutoraiz.com.br\/2024\/wp-json\/wp\/v2\/pages\/2506","targetHints":{"allow":["GET"]}}],"collection":[{"href":"https:\/\/institutoraiz.com.br\/2024\/wp-json\/wp\/v2\/pages"}],"about":[{"href":"https:\/\/institutoraiz.com.br\/2024\/wp-json\/wp\/v2\/types\/page"}],"author":[{"embeddable":true,"href":"https:\/\/institutoraiz.com.br\/2024\/wp-json\/wp\/v2\/users\/2"}],"replies":[{"embeddable":true,"href":"https:\/\/institutoraiz.com.br\/2024\/wp-json\/wp\/v2\/comments?post=2506"}],"version-history":[{"count":28,"href":"https:\/\/institutoraiz.com.br\/2024\/wp-json\/wp\/v2\/pages\/2506\/revisions"}],"predecessor-version":[{"id":4727,"href":"https:\/\/institutoraiz.com.br\/2024\/wp-json\/wp\/v2\/pages\/2506\/revisions\/4727"}],"wp:attachment":[{"href":"https:\/\/institutoraiz.com.br\/2024\/wp-json\/wp\/v2\/media?parent=2506"}],"curies":[{"name":"wp","href":"https:\/\/api.w.org\/{rel}","templated":true}]}}