{"id":2324,"date":"2024-07-23T20:34:50","date_gmt":"2024-07-23T23:34:50","guid":{"rendered":"https:\/\/institutoraiz.com.br\/2024\/?page_id=2324"},"modified":"2025-08-27T07:20:16","modified_gmt":"2025-08-27T10:20:16","slug":"grupo-de-movimento","status":"publish","type":"page","link":"https:\/\/institutoraiz.com.br\/2024\/grupo-de-movimento\/","title":{"rendered":"Grupo de Movimento"},"content":{"rendered":"\t\t<div data-elementor-type=\"wp-page\" data-elementor-id=\"2324\" class=\"elementor elementor-2324\">\n\t\t\t\t<div class=\"elementor-element elementor-element-dd1bcc3 e-flex e-con-boxed e-con e-parent\" data-id=\"dd1bcc3\" data-element_type=\"container\">\n\t\t\t\t\t<div class=\"e-con-inner\">\n\t\t\t\t<div class=\"elementor-element elementor-element-2e4b010 elementor-widget elementor-widget-image\" data-id=\"2e4b010\" data-element_type=\"widget\" data-widget_type=\"image.default\">\n\t\t\t\t<div class=\"elementor-widget-container\">\n\t\t\t<style>\/*! elementor - v3.21.0 - 08-05-2024 *\/\n.elementor-widget-image{text-align:center}.elementor-widget-image a{display:inline-block}.elementor-widget-image a img[src$=\".svg\"]{width:48px}.elementor-widget-image img{vertical-align:middle;display:inline-block}<\/style>\t\t\t\t\t\t\t\t\t\t<img fetchpriority=\"high\" decoding=\"async\" width=\"750\" height=\"400\" src=\"https:\/\/institutoraiz.com.br\/2024\/wp-content\/uploads\/2024\/07\/2024-04-28-Instituto-Raiz-Aula-com-Susana-45-750x400.jpg\" class=\"attachment-bizzpro_classic size-bizzpro_classic wp-image-2326\" alt=\"\" \/>\t\t\t\t\t\t\t\t\t\t\t\t\t<\/div>\n\t\t\t\t<\/div>\n\t\t\t\t\t<\/div>\n\t\t\t\t<\/div>\n\t\t<div class=\"elementor-element elementor-element-608820e e-flex e-con-boxed e-con e-parent\" data-id=\"608820e\" data-element_type=\"container\">\n\t\t\t\t\t<div class=\"e-con-inner\">\n\t\t<div class=\"elementor-element elementor-element-1294daf e-con-full e-flex e-con e-child\" data-id=\"1294daf\" data-element_type=\"container\">\n\t\t\t\t<\/div>\n\t\t\t\t<div class=\"elementor-element elementor-element-bd88054 elementor-widget__width-initial elementor-drop-cap-yes elementor-widget-mobile__width-initial elementor-drop-cap-view-default elementor-widget elementor-widget-text-editor\" data-id=\"bd88054\" data-element_type=\"widget\" data-settings=\"{&quot;drop_cap&quot;:&quot;yes&quot;}\" data-widget_type=\"text-editor.default\">\n\t\t\t\t<div class=\"elementor-widget-container\">\n\t\t\t<style>\/*! elementor - v3.21.0 - 08-05-2024 *\/\n.elementor-widget-text-editor.elementor-drop-cap-view-stacked .elementor-drop-cap{background-color:#69727d;color:#fff}.elementor-widget-text-editor.elementor-drop-cap-view-framed .elementor-drop-cap{color:#69727d;border:3px solid;background-color:transparent}.elementor-widget-text-editor:not(.elementor-drop-cap-view-default) .elementor-drop-cap{margin-top:8px}.elementor-widget-text-editor:not(.elementor-drop-cap-view-default) .elementor-drop-cap-letter{width:1em;height:1em}.elementor-widget-text-editor .elementor-drop-cap{float:left;text-align:center;line-height:1;font-size:50px}.elementor-widget-text-editor .elementor-drop-cap-letter{display:inline-block}<\/style>\t\t\t\t<h4><span style=\"font-weight: 400;\">GRUPO DE<\/span><\/h4><h4><span style=\"font-weight: 400;\"> MOVIMENTO &#8211; GM<\/span><\/h4><p><span style=\"font-weight: 400;\">GRUPO DE MOVIMENTO \u00e9 um trabalho psicorporal, realizado em grupo, que tem a inten\u00e7\u00e3o de desbloquear a inibi\u00e7\u00e3o deixada pela rejei\u00e7\u00e3o, pelo abandono, pela exig\u00eancia, pela humilha\u00e7\u00e3o e pela trai\u00e7\u00e3o no corpo.<\/span><\/p><p><span style=\"font-weight: 400;\">Essas dores emocionais deixaram marcas em nossos movimentos e em nossas atitudes. Um corpo mais flex\u00edvel, mais pulsante, pleno de energia \u00e9 capaz de mudar o rumo de nossas rela\u00e7\u00f5es conosco e com o mundo.<\/span><\/p><p>\u00a0<\/p><p><span style=\"font-weight: 400;\">Os grupos de movimento, que j\u00e1 est\u00e3o consolidados como uma pr\u00e1tica constante no Instituto, s\u00e3o desenvolvidos por Susana Z Scotton e equipe.<\/span><\/p><p><strong>Para saber os hor\u00e1rios de funcionamento, entre em contato pelo\u00a0 <\/strong><\/p><p><strong>16 997 657 531 (Whatsapp).<\/strong><\/p>\t\t\t\t\t\t<\/div>\n\t\t\t\t<\/div>\n\t\t\t\t\t<\/div>\n\t\t\t\t<\/div>\n\t\t<div class=\"elementor-element elementor-element-7092d30 e-flex e-con-boxed e-con e-parent\" data-id=\"7092d30\" data-element_type=\"container\">\n\t\t\t\t\t<div class=\"e-con-inner\">\n\t\t\t\t<div class=\"elementor-element elementor-element-30dda7b elementor-widget elementor-widget-video\" data-id=\"30dda7b\" data-element_type=\"widget\" data-settings=\"{&quot;youtube_url&quot;:&quot;https:\\\/\\\/youtu.be\\\/gsg92ro-U7M&quot;,&quot;video_type&quot;:&quot;youtube&quot;,&quot;controls&quot;:&quot;yes&quot;}\" data-widget_type=\"video.default\">\n\t\t\t\t<div class=\"elementor-widget-container\">\n\t\t\t<style>\/*! elementor - v3.21.0 - 08-05-2024 *\/\n.elementor-widget-video .elementor-widget-container{overflow:hidden;transform:translateZ(0)}.elementor-widget-video .elementor-wrapper{aspect-ratio:var(--video-aspect-ratio)}.elementor-widget-video .elementor-wrapper iframe,.elementor-widget-video .elementor-wrapper video{height:100%;width:100%;display:flex;border:none;background-color:#000}@supports not (aspect-ratio:1\/1){.elementor-widget-video .elementor-wrapper{position:relative;overflow:hidden;height:0;padding-bottom:calc(100% \/ var(--video-aspect-ratio))}.elementor-widget-video .elementor-wrapper iframe,.elementor-widget-video .elementor-wrapper video{position:absolute;top:0;right:0;bottom:0;left:0}}.elementor-widget-video .elementor-open-inline .elementor-custom-embed-image-overlay{position:absolute;top:0;right:0;bottom:0;left:0;background-size:cover;background-position:50%}.elementor-widget-video .elementor-custom-embed-image-overlay{cursor:pointer;text-align:center}.elementor-widget-video .elementor-custom-embed-image-overlay:hover .elementor-custom-embed-play i{opacity:1}.elementor-widget-video .elementor-custom-embed-image-overlay img{display:block;width:100%;aspect-ratio:var(--video-aspect-ratio);-o-object-fit:cover;object-fit:cover;-o-object-position:center center;object-position:center center}@supports not (aspect-ratio:1\/1){.elementor-widget-video .elementor-custom-embed-image-overlay{position:relative;overflow:hidden;height:0;padding-bottom:calc(100% \/ var(--video-aspect-ratio))}.elementor-widget-video .elementor-custom-embed-image-overlay img{position:absolute;top:0;right:0;bottom:0;left:0}}.elementor-widget-video .e-hosted-video .elementor-video{-o-object-fit:cover;object-fit:cover}.e-con-inner>.elementor-widget-video,.e-con>.elementor-widget-video{width:var(--container-widget-width);--flex-grow:var(--container-widget-flex-grow)}<\/style>\t\t<div class=\"elementor-wrapper elementor-open-inline\">\n\t\t\t<div class=\"elementor-video\"><\/div>\t\t<\/div>\n\t\t\t\t<\/div>\n\t\t\t\t<\/div>\n\t\t\t\t\t<\/div>\n\t\t\t\t<\/div>\n\t\t<div class=\"elementor-element elementor-element-0350d91 e-flex e-con-boxed e-con e-parent\" data-id=\"0350d91\" data-element_type=\"container\">\n\t\t\t\t\t<div class=\"e-con-inner\">\n\t\t\t\t<div class=\"elementor-element elementor-element-ac2e881 elementor-widget elementor-widget-video\" data-id=\"ac2e881\" data-element_type=\"widget\" data-settings=\"{&quot;youtube_url&quot;:&quot;https:\\\/\\\/youtu.be\\\/5aW0TLL3Uhc&quot;,&quot;video_type&quot;:&quot;youtube&quot;,&quot;controls&quot;:&quot;yes&quot;}\" data-widget_type=\"video.default\">\n\t\t\t\t<div class=\"elementor-widget-container\">\n\t\t\t\t\t<div class=\"elementor-wrapper elementor-open-inline\">\n\t\t\t<div class=\"elementor-video\"><\/div>\t\t<\/div>\n\t\t\t\t<\/div>\n\t\t\t\t<\/div>\n\t\t\t\t\t<\/div>\n\t\t\t\t<\/div>\n\t\t<div class=\"elementor-element elementor-element-73b29e6 e-flex e-con-boxed e-con e-parent\" data-id=\"73b29e6\" data-element_type=\"container\">\n\t\t\t\t\t<div class=\"e-con-inner\">\n\t\t\t\t<div class=\"elementor-element elementor-element-7397b82 elementor-widget elementor-widget-video\" data-id=\"7397b82\" data-element_type=\"widget\" data-settings=\"{&quot;youtube_url&quot;:&quot;https:\\\/\\\/youtu.be\\\/gt9oDB5B_-c&quot;,&quot;video_type&quot;:&quot;youtube&quot;,&quot;controls&quot;:&quot;yes&quot;}\" data-widget_type=\"video.default\">\n\t\t\t\t<div class=\"elementor-widget-container\">\n\t\t\t\t\t<div class=\"elementor-wrapper elementor-open-inline\">\n\t\t\t<div class=\"elementor-video\"><\/div>\t\t<\/div>\n\t\t\t\t<\/div>\n\t\t\t\t<\/div>\n\t\t\t\t\t<\/div>\n\t\t\t\t<\/div>\n\t\t<div class=\"elementor-element elementor-element-8da1402 e-flex e-con-boxed e-con e-parent\" data-id=\"8da1402\" data-element_type=\"container\">\n\t\t\t\t\t<div class=\"e-con-inner\">\n\t\t\t\t<div class=\"elementor-element elementor-element-b97eee1 elementor-widget elementor-widget-video\" data-id=\"b97eee1\" data-element_type=\"widget\" data-settings=\"{&quot;youtube_url&quot;:&quot;https:\\\/\\\/youtu.be\\\/SpOemnSix-c&quot;,&quot;video_type&quot;:&quot;youtube&quot;,&quot;controls&quot;:&quot;yes&quot;}\" data-widget_type=\"video.default\">\n\t\t\t\t<div class=\"elementor-widget-container\">\n\t\t\t\t\t<div class=\"elementor-wrapper elementor-open-inline\">\n\t\t\t<div class=\"elementor-video\"><\/div>\t\t<\/div>\n\t\t\t\t<\/div>\n\t\t\t\t<\/div>\n\t\t\t\t\t<\/div>\n\t\t\t\t<\/div>\n\t\t\t\t<\/div>\n\t\t","protected":false},"excerpt":{"rendered":"<p>GRUPO DE MOVIMENTO &#8211; GM GRUPO DE MOVIMENTO \u00e9 um trabalho psicorporal, realizado em grupo, que tem a inten\u00e7\u00e3o de desbloquear a inibi\u00e7\u00e3o deixada pela rejei\u00e7\u00e3o, pelo abandono, pela exig\u00eancia, pela humilha\u00e7\u00e3o e pela trai\u00e7\u00e3o no corpo. Essas dores emocionais deixaram marcas em nossos movimentos e em nossas atitudes. Um corpo mais flex\u00edvel, mais pulsante,<\/p>\n","protected":false},"author":2,"featured_media":0,"parent":0,"menu_order":0,"comment_status":"closed","ping_status":"closed","template":"","meta":{"inline_featured_image":false,"footnotes":""},"class_list":["post-2324","page","type-page","status-publish","hentry"],"_links":{"self":[{"href":"https:\/\/institutoraiz.com.br\/2024\/wp-json\/wp\/v2\/pages\/2324","targetHints":{"allow":["GET"]}}],"collection":[{"href":"https:\/\/institutoraiz.com.br\/2024\/wp-json\/wp\/v2\/pages"}],"about":[{"href":"https:\/\/institutoraiz.com.br\/2024\/wp-json\/wp\/v2\/types\/page"}],"author":[{"embeddable":true,"href":"https:\/\/institutoraiz.com.br\/2024\/wp-json\/wp\/v2\/users\/2"}],"replies":[{"embeddable":true,"href":"https:\/\/institutoraiz.com.br\/2024\/wp-json\/wp\/v2\/comments?post=2324"}],"version-history":[{"count":46,"href":"https:\/\/institutoraiz.com.br\/2024\/wp-json\/wp\/v2\/pages\/2324\/revisions"}],"predecessor-version":[{"id":4611,"href":"https:\/\/institutoraiz.com.br\/2024\/wp-json\/wp\/v2\/pages\/2324\/revisions\/4611"}],"wp:attachment":[{"href":"https:\/\/institutoraiz.com.br\/2024\/wp-json\/wp\/v2\/media?parent=2324"}],"curies":[{"name":"wp","href":"https:\/\/api.w.org\/{rel}","templated":true}]}}