{"id":1161,"date":"2024-02-11T17:05:00","date_gmt":"2024-02-11T17:05:00","guid":{"rendered":"https:\/\/bizzpro.wowtheme7.com\/?page_id=1161"},"modified":"2025-03-26T12:01:55","modified_gmt":"2025-03-26T15:01:55","slug":"team-2","status":"publish","type":"page","link":"https:\/\/institutoraiz.com.br\/2024\/team-2\/","title":{"rendered":"Equipe de Monitores"},"content":{"rendered":"\t\t<div data-elementor-type=\"wp-page\" data-elementor-id=\"1161\" class=\"elementor elementor-1161\">\n\t\t\t\t<div class=\"elementor-element elementor-element-5203114 e-flex e-con-boxed e-con e-parent\" data-id=\"5203114\" data-element_type=\"container\">\n\t\t\t\t\t<div class=\"e-con-inner\">\n\t\t\t\t<div class=\"elementor-element elementor-element-0e43332 elementor-widget elementor-widget-heading\" data-id=\"0e43332\" data-element_type=\"widget\" data-widget_type=\"heading.default\">\n\t\t\t\t<div class=\"elementor-widget-container\">\n\t\t\t<style>\/*! elementor - v3.21.0 - 08-05-2024 *\/\n.elementor-heading-title{padding:0;margin:0;line-height:1}.elementor-widget-heading .elementor-heading-title[class*=elementor-size-]>a{color:inherit;font-size:inherit;line-height:inherit}.elementor-widget-heading .elementor-heading-title.elementor-size-small{font-size:15px}.elementor-widget-heading .elementor-heading-title.elementor-size-medium{font-size:19px}.elementor-widget-heading .elementor-heading-title.elementor-size-large{font-size:29px}.elementor-widget-heading .elementor-heading-title.elementor-size-xl{font-size:39px}.elementor-widget-heading .elementor-heading-title.elementor-size-xxl{font-size:59px}<\/style><h2 class=\"elementor-heading-title elementor-size-default\">Equipe de Monitores<\/h2>\t\t<\/div>\n\t\t\t\t<\/div>\n\t\t\t\t\t<\/div>\n\t\t\t\t<\/div>\n\t\t<div class=\"elementor-element elementor-element-3fae6e3 e-flex e-con-boxed e-con e-parent\" data-id=\"3fae6e3\" data-element_type=\"container\">\n\t\t\t\t\t<div class=\"e-con-inner\">\n\t\t\t\t\t<\/div>\n\t\t\t\t<\/div>\n\t\t<div class=\"elementor-element elementor-element-e9262d7 e-grid e-con-boxed e-con e-parent\" data-id=\"e9262d7\" data-element_type=\"container\">\n\t\t\t\t\t<div class=\"e-con-inner\">\n\t\t\t\t<div class=\"elementor-element elementor-element-f6f0455 elementor-widget elementor-widget-video\" data-id=\"f6f0455\" data-element_type=\"widget\" data-settings=\"{&quot;youtube_url&quot;:&quot;https:\\\/\\\/youtu.be\\\/-c_U913BPIo&quot;,&quot;video_type&quot;:&quot;youtube&quot;,&quot;controls&quot;:&quot;yes&quot;}\" data-widget_type=\"video.default\">\n\t\t\t\t<div class=\"elementor-widget-container\">\n\t\t\t<style>\/*! elementor - v3.21.0 - 08-05-2024 *\/\n.elementor-widget-video .elementor-widget-container{overflow:hidden;transform:translateZ(0)}.elementor-widget-video .elementor-wrapper{aspect-ratio:var(--video-aspect-ratio)}.elementor-widget-video .elementor-wrapper iframe,.elementor-widget-video .elementor-wrapper video{height:100%;width:100%;display:flex;border:none;background-color:#000}@supports not (aspect-ratio:1\/1){.elementor-widget-video .elementor-wrapper{position:relative;overflow:hidden;height:0;padding-bottom:calc(100% \/ var(--video-aspect-ratio))}.elementor-widget-video .elementor-wrapper iframe,.elementor-widget-video .elementor-wrapper video{position:absolute;top:0;right:0;bottom:0;left:0}}.elementor-widget-video .elementor-open-inline .elementor-custom-embed-image-overlay{position:absolute;top:0;right:0;bottom:0;left:0;background-size:cover;background-position:50%}.elementor-widget-video .elementor-custom-embed-image-overlay{cursor:pointer;text-align:center}.elementor-widget-video .elementor-custom-embed-image-overlay:hover .elementor-custom-embed-play i{opacity:1}.elementor-widget-video .elementor-custom-embed-image-overlay img{display:block;width:100%;aspect-ratio:var(--video-aspect-ratio);-o-object-fit:cover;object-fit:cover;-o-object-position:center center;object-position:center center}@supports not (aspect-ratio:1\/1){.elementor-widget-video .elementor-custom-embed-image-overlay{position:relative;overflow:hidden;height:0;padding-bottom:calc(100% \/ var(--video-aspect-ratio))}.elementor-widget-video .elementor-custom-embed-image-overlay img{position:absolute;top:0;right:0;bottom:0;left:0}}.elementor-widget-video .e-hosted-video .elementor-video{-o-object-fit:cover;object-fit:cover}.e-con-inner>.elementor-widget-video,.e-con>.elementor-widget-video{width:var(--container-widget-width);--flex-grow:var(--container-widget-flex-grow)}<\/style>\t\t<div class=\"elementor-wrapper elementor-open-inline\">\n\t\t\t<div class=\"elementor-video\"><\/div>\t\t<\/div>\n\t\t\t\t<\/div>\n\t\t\t\t<\/div>\n\t\t\t\t<div class=\"elementor-element elementor-element-12ac2c4 elementor-widget elementor-widget-text-editor\" data-id=\"12ac2c4\" data-element_type=\"widget\" data-widget_type=\"text-editor.default\">\n\t\t\t\t<div class=\"elementor-widget-container\">\n\t\t\t<style>\/*! elementor - v3.21.0 - 08-05-2024 *\/\n.elementor-widget-text-editor.elementor-drop-cap-view-stacked .elementor-drop-cap{background-color:#69727d;color:#fff}.elementor-widget-text-editor.elementor-drop-cap-view-framed .elementor-drop-cap{color:#69727d;border:3px solid;background-color:transparent}.elementor-widget-text-editor:not(.elementor-drop-cap-view-default) .elementor-drop-cap{margin-top:8px}.elementor-widget-text-editor:not(.elementor-drop-cap-view-default) .elementor-drop-cap-letter{width:1em;height:1em}.elementor-widget-text-editor .elementor-drop-cap{float:left;text-align:center;line-height:1;font-size:50px}.elementor-widget-text-editor .elementor-drop-cap-letter{display:inline-block}<\/style>\t\t\t\t<h4><strong>Eliana Munari Trevisani (Eli)<\/strong><\/h4><div><strong>\u00a0<\/strong><\/div><p>A Eli est\u00e1 conosco desde o nascimento do Raiz! Fez parte da primeira turma da Forma\u00e7\u00e3o em Bauru e se tornou nossa monitora. Hoje, ela \u00e9 monitora do segundo ano da Forma\u00e7\u00e3o e coordenadora do curso.<\/p><p>Empresta sua delicadeza e compet\u00eancia para acolher e ajudar os alunos a atravessarem esse momento importante da Forma\u00e7\u00e3o.\u00a0<\/p><p>Tamb\u00e9m \u00e9 analista reichiana e coordenadora de Grupo de Movimento no Instituto Raiz e em Jaboticabal.<\/p>\t\t\t\t\t\t<\/div>\n\t\t\t\t<\/div>\n\t\t\t\t\t<\/div>\n\t\t\t\t<\/div>\n\t\t<div class=\"elementor-element elementor-element-1da6519 e-grid e-con-boxed e-con e-parent\" data-id=\"1da6519\" data-element_type=\"container\">\n\t\t\t\t\t<div class=\"e-con-inner\">\n\t\t\t\t<div class=\"elementor-element elementor-element-7e27e2c elementor-widget elementor-widget-video\" data-id=\"7e27e2c\" data-element_type=\"widget\" data-settings=\"{&quot;youtube_url&quot;:&quot;https:\\\/\\\/youtu.be\\\/9_pnSATyYY4&quot;,&quot;video_type&quot;:&quot;youtube&quot;,&quot;controls&quot;:&quot;yes&quot;}\" data-widget_type=\"video.default\">\n\t\t\t\t<div class=\"elementor-widget-container\">\n\t\t\t\t\t<div class=\"elementor-wrapper elementor-open-inline\">\n\t\t\t<div class=\"elementor-video\"><\/div>\t\t<\/div>\n\t\t\t\t<\/div>\n\t\t\t\t<\/div>\n\t\t\t\t<div class=\"elementor-element elementor-element-a676ecc elementor-widget elementor-widget-text-editor\" data-id=\"a676ecc\" data-element_type=\"widget\" data-widget_type=\"text-editor.default\">\n\t\t\t\t<div class=\"elementor-widget-container\">\n\t\t\t\t\t\t\t<h4><strong>Carlos Eduardo Rossi Catalani (Cadu)<\/strong><\/h4><p>Cadu fez parte da segunda turma da Forma\u00e7\u00e3o, tamb\u00e9m em Bauru e, desde, ent\u00e3o, tornou-se monitor do primeiro ano da Forma\u00e7\u00e3o.\u00a0<\/p><p>Podemos contar com o acolhimento e com a alegria do Cadu para esse momento de chegada dos alunos no Raiz.\u00a0<\/p><p>Ele agrega sua compet\u00eancia tamb\u00e9m nos atendimentos individuais como analista reichiano, no Instituto.<\/p>\t\t\t\t\t\t<\/div>\n\t\t\t\t<\/div>\n\t\t\t\t\t<\/div>\n\t\t\t\t<\/div>\n\t\t<div class=\"elementor-element elementor-element-3b4950d e-flex e-con-boxed e-con e-parent\" data-id=\"3b4950d\" data-element_type=\"container\">\n\t\t\t\t\t<div class=\"e-con-inner\">\n\t\t\t\t\t<\/div>\n\t\t\t\t<\/div>\n\t\t<div class=\"elementor-element elementor-element-1f3a119 e-grid e-con-boxed e-con e-parent\" data-id=\"1f3a119\" data-element_type=\"container\">\n\t\t\t\t\t<div class=\"e-con-inner\">\n\t\t\t\t<div class=\"elementor-element elementor-element-95555bb elementor-widget elementor-widget-video\" data-id=\"95555bb\" data-element_type=\"widget\" data-settings=\"{&quot;youtube_url&quot;:&quot;https:\\\/\\\/youtu.be\\\/wtpSE6jQesk&quot;,&quot;video_type&quot;:&quot;youtube&quot;,&quot;controls&quot;:&quot;yes&quot;}\" data-widget_type=\"video.default\">\n\t\t\t\t<div class=\"elementor-widget-container\">\n\t\t\t\t\t<div class=\"elementor-wrapper elementor-open-inline\">\n\t\t\t<div class=\"elementor-video\"><\/div>\t\t<\/div>\n\t\t\t\t<\/div>\n\t\t\t\t<\/div>\n\t\t\t\t<div class=\"elementor-element elementor-element-10a5d7b elementor-widget elementor-widget-text-editor\" data-id=\"10a5d7b\" data-element_type=\"widget\" data-widget_type=\"text-editor.default\">\n\t\t\t\t<div class=\"elementor-widget-container\">\n\t\t\t\t\t\t\t<h4><strong>Ana Carolina Manechini (Carol)<\/strong><\/h4><h4>\u00a0<\/h4><p>Carol, h\u00e1 anos no Instituto, \u00e9 monitora do terceiro ano e traz leveza, compet\u00eancia e alegria, conferindo suporte imprescind\u00edvel na reta final dos alunos na Forma\u00e7\u00e3o.<\/p><p>\u00c9 psicoterapeuta corporal e atende crian\u00e7as e adultos, no Instituto e na cidade de S\u00e3o Carlos.<\/p>\t\t\t\t\t\t<\/div>\n\t\t\t\t<\/div>\n\t\t\t\t\t<\/div>\n\t\t\t\t<\/div>\n\t\t<div class=\"elementor-element elementor-element-1e71adf e-flex e-con-boxed e-con e-parent\" data-id=\"1e71adf\" data-element_type=\"container\">\n\t\t\t\t\t<div class=\"e-con-inner\">\n\t\t\t\t\t<\/div>\n\t\t\t\t<\/div>\n\t\t<div class=\"elementor-element elementor-element-7d3148c e-grid e-con-boxed e-con e-parent\" data-id=\"7d3148c\" data-element_type=\"container\" data-settings=\"{&quot;background_background&quot;:&quot;gradient&quot;}\">\n\t\t\t\t\t<div class=\"e-con-inner\">\n\t\t\t\t<div class=\"elementor-element elementor-element-2136fa6 elementor-widget elementor-widget-image\" data-id=\"2136fa6\" data-element_type=\"widget\" data-widget_type=\"image.default\">\n\t\t\t\t<div class=\"elementor-widget-container\">\n\t\t\t<style>\/*! elementor - v3.21.0 - 08-05-2024 *\/\n.elementor-widget-image{text-align:center}.elementor-widget-image a{display:inline-block}.elementor-widget-image a img[src$=\".svg\"]{width:48px}.elementor-widget-image img{vertical-align:middle;display:inline-block}<\/style>\t\t\t\t\t\t\t\t\t\t<img fetchpriority=\"high\" decoding=\"async\" width=\"380\" height=\"384\" src=\"https:\/\/institutoraiz.com.br\/2024\/wp-content\/uploads\/2024\/07\/Dju-site-20anos.jpg\" class=\"attachment-large size-large wp-image-2305\" alt=\"\" srcset=\"https:\/\/institutoraiz.com.br\/2024\/wp-content\/uploads\/2024\/07\/Dju-site-20anos.jpg 380w, https:\/\/institutoraiz.com.br\/2024\/wp-content\/uploads\/2024\/07\/Dju-site-20anos-297x300.jpg 297w\" sizes=\"(max-width: 380px) 100vw, 380px\" \/>\t\t\t\t\t\t\t\t\t\t\t\t\t<\/div>\n\t\t\t\t<\/div>\n\t\t\t\t<div class=\"elementor-element elementor-element-f396c35 elementor-widget elementor-widget-text-editor\" data-id=\"f396c35\" data-element_type=\"widget\" data-widget_type=\"text-editor.default\">\n\t\t\t\t<div class=\"elementor-widget-container\">\n\t\t\t\t\t\t\t<h4><strong>Maria Del Carmem Molina Magnani (Dju)<\/strong><\/h4><p>\u00a0<\/p><p>H\u00e1 mais de 14 anos como monitora da Forma\u00e7\u00e3o, Dju complementa o acolhimento dos alunos do primeiro ano com muita delicadeza e acolhimento.<\/p><p>\u00c9 analista reichiana e coordenadora de Grupo de Movimento de extrema compet\u00eancia e seriedade.\u00a0<\/p>\t\t\t\t\t\t<\/div>\n\t\t\t\t<\/div>\n\t\t\t\t\t<\/div>\n\t\t\t\t<\/div>\n\t\t<div class=\"elementor-element elementor-element-add9d6b e-flex e-con-boxed e-con e-parent\" data-id=\"add9d6b\" data-element_type=\"container\">\n\t\t\t\t\t<div class=\"e-con-inner\">\n\t\t\t\t\t<\/div>\n\t\t\t\t<\/div>\n\t\t<div class=\"elementor-element elementor-element-ae5ab1a e-grid e-con-boxed e-con e-parent\" data-id=\"ae5ab1a\" data-element_type=\"container\">\n\t\t\t\t\t<div class=\"e-con-inner\">\n\t\t\t\t<div class=\"elementor-element elementor-element-4401d1b elementor-widget elementor-widget-video\" data-id=\"4401d1b\" data-element_type=\"widget\" data-settings=\"{&quot;youtube_url&quot;:&quot;https:\\\/\\\/youtu.be\\\/kZybxBdD4vU&quot;,&quot;video_type&quot;:&quot;youtube&quot;,&quot;controls&quot;:&quot;yes&quot;}\" data-widget_type=\"video.default\">\n\t\t\t\t<div class=\"elementor-widget-container\">\n\t\t\t\t\t<div class=\"elementor-wrapper elementor-open-inline\">\n\t\t\t<div class=\"elementor-video\"><\/div>\t\t<\/div>\n\t\t\t\t<\/div>\n\t\t\t\t<\/div>\n\t\t\t\t<div class=\"elementor-element elementor-element-6c70ab5 elementor-widget elementor-widget-text-editor\" data-id=\"6c70ab5\" data-element_type=\"widget\" data-widget_type=\"text-editor.default\">\n\t\t\t\t<div class=\"elementor-widget-container\">\n\t\t\t\t\t\t\t<h4><strong>Bruno Rentes<\/strong><\/h4><p>Bruno \u00e9 monitor de Kair\u00f3s, desenvolvendo um trabalho com compet\u00eancia e sensibilidade nesses importantes encontros.<\/p><p>Tamb\u00e9m \u00e9 psicoterapeuta corporal, atendendo na cidade de S\u00e3o Paulo.<\/p>\t\t\t\t\t\t<\/div>\n\t\t\t\t<\/div>\n\t\t\t\t\t<\/div>\n\t\t\t\t<\/div>\n\t\t<div class=\"elementor-element elementor-element-8f8f969 e-flex e-con-boxed e-con e-parent\" data-id=\"8f8f969\" data-element_type=\"container\">\n\t\t\t\t\t<div class=\"e-con-inner\">\n\t\t\t\t\t<\/div>\n\t\t\t\t<\/div>\n\t\t<div class=\"elementor-element elementor-element-420f113 e-grid e-con-boxed e-con e-parent\" data-id=\"420f113\" data-element_type=\"container\" data-settings=\"{&quot;background_background&quot;:&quot;gradient&quot;}\">\n\t\t\t\t\t<div class=\"e-con-inner\">\n\t\t\t\t<div class=\"elementor-element elementor-element-556d263 elementor-widget elementor-widget-image\" data-id=\"556d263\" data-element_type=\"widget\" data-widget_type=\"image.default\">\n\t\t\t\t<div class=\"elementor-widget-container\">\n\t\t\t\t\t\t\t\t\t\t\t\t\t<img decoding=\"async\" width=\"380\" height=\"384\" src=\"https:\/\/institutoraiz.com.br\/2024\/wp-content\/uploads\/2024\/07\/Ivan-site-20anos.jpg\" class=\"attachment-large size-large wp-image-2308\" alt=\"\" srcset=\"https:\/\/institutoraiz.com.br\/2024\/wp-content\/uploads\/2024\/07\/Ivan-site-20anos.jpg 380w, https:\/\/institutoraiz.com.br\/2024\/wp-content\/uploads\/2024\/07\/Ivan-site-20anos-297x300.jpg 297w\" sizes=\"(max-width: 380px) 100vw, 380px\" \/>\t\t\t\t\t\t\t\t\t\t\t\t\t<\/div>\n\t\t\t\t<\/div>\n\t\t\t\t<div class=\"elementor-element elementor-element-2186cf7 elementor-widget elementor-widget-text-editor\" data-id=\"2186cf7\" data-element_type=\"widget\" data-widget_type=\"text-editor.default\">\n\t\t\t\t<div class=\"elementor-widget-container\">\n\t\t\t\t\t\t\t<h4><strong>Ivan Fucci\u00a0<\/strong><\/h4><p>Ivan \u00e9 monitor de Kair\u00f3s e agrega muita seguran\u00e7a \u00e0 equipe e aos alunos durante as atividades dos Workshops.\u00a0 Sua parceira, alegria e simplicidade nos trazem o continente necess\u00e1rio para tanto.<\/p>\t\t\t\t\t\t<\/div>\n\t\t\t\t<\/div>\n\t\t\t\t\t<\/div>\n\t\t\t\t<\/div>\n\t\t<div class=\"elementor-element elementor-element-f114043 e-grid e-con-boxed e-con e-parent\" data-id=\"f114043\" data-element_type=\"container\">\n\t\t\t\t\t<div class=\"e-con-inner\">\n\t\t\t\t<div class=\"elementor-element elementor-element-47c9a38 elementor-widget elementor-widget-video\" data-id=\"47c9a38\" data-element_type=\"widget\" data-settings=\"{&quot;youtube_url&quot;:&quot;https:\\\/\\\/youtu.be\\\/c0zODyuPc94&quot;,&quot;video_type&quot;:&quot;youtube&quot;,&quot;controls&quot;:&quot;yes&quot;}\" data-widget_type=\"video.default\">\n\t\t\t\t<div class=\"elementor-widget-container\">\n\t\t\t\t\t<div class=\"elementor-wrapper elementor-open-inline\">\n\t\t\t<div class=\"elementor-video\"><\/div>\t\t<\/div>\n\t\t\t\t<\/div>\n\t\t\t\t<\/div>\n\t\t\t\t<div class=\"elementor-element elementor-element-8b8c113 elementor-widget elementor-widget-text-editor\" data-id=\"8b8c113\" data-element_type=\"widget\" data-widget_type=\"text-editor.default\">\n\t\t\t\t<div class=\"elementor-widget-container\">\n\t\t\t\t\t\t\t<h4><strong>Fabiana AR de Almeida C Guimar\u00e3es (Fabi)<\/strong><\/h4><p>Fabi \u00e9 respons\u00e1vel pela orienta\u00e7\u00e3o dos trabalhos de final de curso.<\/p><p>\u00c9 analista reichiana e atende no Instituto Raiz.<\/p>\t\t\t\t\t\t<\/div>\n\t\t\t\t<\/div>\n\t\t\t\t\t<\/div>\n\t\t\t\t<\/div>\n\t\t\t\t<\/div>\n\t\t","protected":false},"excerpt":{"rendered":"<p>Equipe de Monitores https:\/\/youtu.be\/-c_U913BPIo Eliana Munari Trevisani (Eli) \u00a0 A Eli est\u00e1 conosco desde o nascimento do Raiz! Fez parte da primeira turma da Forma\u00e7\u00e3o em Bauru e se tornou nossa monitora. Hoje, ela \u00e9 monitora do segundo ano da Forma\u00e7\u00e3o e coordenadora do curso. Empresta sua delicadeza e compet\u00eancia para acolher e ajudar os<\/p>\n","protected":false},"author":1,"featured_media":0,"parent":0,"menu_order":0,"comment_status":"closed","ping_status":"closed","template":"","meta":{"inline_featured_image":false,"footnotes":""},"class_list":["post-1161","page","type-page","status-publish","hentry"],"_links":{"self":[{"href":"https:\/\/institutoraiz.com.br\/2024\/wp-json\/wp\/v2\/pages\/1161","targetHints":{"allow":["GET"]}}],"collection":[{"href":"https:\/\/institutoraiz.com.br\/2024\/wp-json\/wp\/v2\/pages"}],"about":[{"href":"https:\/\/institutoraiz.com.br\/2024\/wp-json\/wp\/v2\/types\/page"}],"author":[{"embeddable":true,"href":"https:\/\/institutoraiz.com.br\/2024\/wp-json\/wp\/v2\/users\/1"}],"replies":[{"embeddable":true,"href":"https:\/\/institutoraiz.com.br\/2024\/wp-json\/wp\/v2\/comments?post=1161"}],"version-history":[{"count":104,"href":"https:\/\/institutoraiz.com.br\/2024\/wp-json\/wp\/v2\/pages\/1161\/revisions"}],"predecessor-version":[{"id":3497,"href":"https:\/\/institutoraiz.com.br\/2024\/wp-json\/wp\/v2\/pages\/1161\/revisions\/3497"}],"wp:attachment":[{"href":"https:\/\/institutoraiz.com.br\/2024\/wp-json\/wp\/v2\/media?parent=1161"}],"curies":[{"name":"wp","href":"https:\/\/api.w.org\/{rel}","templated":true}]}}